{"id":1014,"date":"2020-04-29T11:52:38","date_gmt":"2020-04-29T15:52:38","guid":{"rendered":"https:\/\/handsandthecity.cl\/ha\/?post_type=product&#038;p=1014"},"modified":"2024-03-07T17:23:11","modified_gmt":"2024-03-07T21:23:11","slug":"serum-grapeology","status":"publish","type":"product","link":"https:\/\/handsandthecity.cl\/ha\/producto\/serum-grapeology\/","title":{"rendered":"S\u00e9rum Grapeology"},"content":{"rendered":"<table width=\"359\">\n<tbody>\n<tr>\n<td width=\"359\">Con una r\u00e1pida absorci\u00f3n sin residuos, S\u00e9rum Grapeology est\u00e1 especialmente indicado para cabellos coloreados ya que mantiene la tonalidad en cabellos blancos o decolorados.<\/td>\n<\/tr>\n<\/tbody>\n<\/table>\n","protected":false},"excerpt":{"rendered":"<table width=\"359\">\n<tbody>\n<tr>\n<td width=\"359\">S\u00e9rum Grapeology es un aceite natural a base de pepita de uva procedente de bodegas de La Rioja (Espa\u00f1a) triturada que nutre e hidrata en profundidad el cabello. Su f\u00f3rmula con un alto contenido en Vitamina E, prote\u00ednas y arginina, repara y mejora el brillo natural del cabello adem\u00e1s de aportar fuerza y elasticidad, actuando como reparador de puntas. Su alto contenido en antioxidantes protege el cabello frente a agentes externos y disminuye el envejecimiento.<\/td>\n<\/tr>\n<\/tbody>\n<\/table>\n<div style=\"width: 1080px;\" class=\"wp-video\"><video class=\"wp-video-shortcode\" id=\"video-1014-1\" width=\"1080\" height=\"608\" preload=\"metadata\" controls=\"controls\"><source type=\"video\/mp4\" src=\"https:\/\/handsandthecity.cl\/ha\/wp-content\/uploads\/2020\/04\/8981698c-d60b-405a-a4f6-1c155a275ecb.mp4?_=1\" \/><a href=\"https:\/\/handsandthecity.cl\/ha\/wp-content\/uploads\/2020\/04\/8981698c-d60b-405a-a4f6-1c155a275ecb.mp4\">https:\/\/handsandthecity.cl\/ha\/wp-content\/uploads\/2020\/04\/8981698c-d60b-405a-a4f6-1c155a275ecb.mp4<\/a><\/video><\/div>\n","protected":false},"featured_media":1016,"comment_status":"open","ping_status":"closed","template":"","meta":{"_et_pb_use_builder":"","_et_pb_old_content":"","_et_gb_content_width":""},"product_brand":[],"product_cat":[28,44],"product_tag":[],"class_list":{"0":"post-1014","1":"product","2":"type-product","3":"status-publish","4":"has-post-thumbnail","6":"product_cat-capilar","7":"product_cat-cyber-week","9":"first","10":"instock","11":"shipping-taxable","12":"purchasable","13":"product-type-simple"},"_links":{"self":[{"href":"https:\/\/handsandthecity.cl\/ha\/wp-json\/wp\/v2\/product\/1014","targetHints":{"allow":["GET"]}}],"collection":[{"href":"https:\/\/handsandthecity.cl\/ha\/wp-json\/wp\/v2\/product"}],"about":[{"href":"https:\/\/handsandthecity.cl\/ha\/wp-json\/wp\/v2\/types\/product"}],"replies":[{"embeddable":true,"href":"https:\/\/handsandthecity.cl\/ha\/wp-json\/wp\/v2\/comments?post=1014"}],"wp:featuredmedia":[{"embeddable":true,"href":"https:\/\/handsandthecity.cl\/ha\/wp-json\/wp\/v2\/media\/1016"}],"wp:attachment":[{"href":"https:\/\/handsandthecity.cl\/ha\/wp-json\/wp\/v2\/media?parent=1014"}],"wp:term":[{"taxonomy":"product_brand","embeddable":true,"href":"https:\/\/handsandthecity.cl\/ha\/wp-json\/wp\/v2\/product_brand?post=1014"},{"taxonomy":"product_cat","embeddable":true,"href":"https:\/\/handsandthecity.cl\/ha\/wp-json\/wp\/v2\/product_cat?post=1014"},{"taxonomy":"product_tag","embeddable":true,"href":"https:\/\/handsandthecity.cl\/ha\/wp-json\/wp\/v2\/product_tag?post=1014"}],"curies":[{"name":"wp","href":"https:\/\/api.w.org\/{rel}","templated":true}]}}