{"id":1052,"date":"2020-04-29T16:24:48","date_gmt":"2020-04-29T20:24:48","guid":{"rendered":"https:\/\/handsandthecity.cl\/ha\/?post_type=product&#038;p=1052"},"modified":"2020-06-04T16:45:42","modified_gmt":"2020-06-04T20:45:42","slug":"champu-grapeology","status":"publish","type":"product","link":"https:\/\/handsandthecity.cl\/ha\/producto\/champu-grapeology\/","title":{"rendered":"Champ\u00fa Grapeology"},"content":{"rendered":"<h4 class=\"vc_custom_heading\">MODO DE EMPLEO<\/h4>\n<div class=\"wpb_text_column wpb_content_element \">\n<div class=\"wpb_wrapper\">\n<p>Humedece el cabello con agua tibia y aplica el\u00a0<strong>Champ\u00fa Grapeology\u00a0<\/strong>repartiendo bien. Enjuaga y repite el proceso, dejando unos minutos de tiempo de exposici\u00f3n y enjuaga con agua.<\/p>\n<\/div>\n<\/div>\n","protected":false},"excerpt":{"rendered":"<p class=\"vc_custom_heading\">Con propiedades antioxidantes para el color<\/p>\n<div class=\"wpb_text_column wpb_content_element \">\n<div class=\"wpb_wrapper\">\n<p><strong>Champ\u00fa\u00a0Grapeology<\/strong><strong>\u00a0<\/strong>es un champ\u00fa de nueva generaci\u00f3n que limpia el cabello de forma suave a la vez que lo nutre e hidrata. Su f\u00f3rmula con aceite natural de semilla de la uva procedente de bodegas de La Rioja (Espa\u00f1a) contiene un alto contenido en\u00a0Vitamina E, prote\u00ednas y arginina, que repara y mejora el brillo natural del cabello adem\u00e1s de aportar fuerza y elasticidad. Su alto contenido en antioxidantes protege el cabello frente a agentes externos y disminuye el envejecimiento.<\/p>\n<p>Ideal para personas con sensibilidad a otros champ\u00fas por su suavidad y pureza,\u00a0<strong>Champ\u00fa Grapeology\u00a0<\/strong>permite un uso frecuente en todos los lavados si es necesario.<\/p>\n<div style=\"width: 1080px;\" class=\"wp-video\"><video class=\"wp-video-shortcode\" id=\"video-1052-1\" width=\"1080\" height=\"608\" preload=\"metadata\" controls=\"controls\"><source type=\"video\/mp4\" src=\"https:\/\/handsandthecity.cl\/ha\/wp-content\/uploads\/2020\/04\/8981698c-d60b-405a-a4f6-1c155a275ecb-1.mp4?_=1\" \/><a href=\"https:\/\/handsandthecity.cl\/ha\/wp-content\/uploads\/2020\/04\/8981698c-d60b-405a-a4f6-1c155a275ecb-1.mp4\">https:\/\/handsandthecity.cl\/ha\/wp-content\/uploads\/2020\/04\/8981698c-d60b-405a-a4f6-1c155a275ecb-1.mp4<\/a><\/video><\/div>\n<\/div>\n<\/div>\n","protected":false},"featured_media":1054,"comment_status":"open","ping_status":"closed","template":"","meta":{"_et_pb_use_builder":"","_et_pb_old_content":"","_et_gb_content_width":""},"product_brand":[],"product_cat":[28,44],"product_tag":[],"class_list":{"0":"post-1052","1":"product","2":"type-product","3":"status-publish","4":"has-post-thumbnail","6":"product_cat-capilar","7":"product_cat-cyber-week","9":"first","10":"instock","11":"shipping-taxable","12":"purchasable","13":"product-type-simple"},"_links":{"self":[{"href":"https:\/\/handsandthecity.cl\/ha\/wp-json\/wp\/v2\/product\/1052","targetHints":{"allow":["GET"]}}],"collection":[{"href":"https:\/\/handsandthecity.cl\/ha\/wp-json\/wp\/v2\/product"}],"about":[{"href":"https:\/\/handsandthecity.cl\/ha\/wp-json\/wp\/v2\/types\/product"}],"replies":[{"embeddable":true,"href":"https:\/\/handsandthecity.cl\/ha\/wp-json\/wp\/v2\/comments?post=1052"}],"wp:featuredmedia":[{"embeddable":true,"href":"https:\/\/handsandthecity.cl\/ha\/wp-json\/wp\/v2\/media\/1054"}],"wp:attachment":[{"href":"https:\/\/handsandthecity.cl\/ha\/wp-json\/wp\/v2\/media?parent=1052"}],"wp:term":[{"taxonomy":"product_brand","embeddable":true,"href":"https:\/\/handsandthecity.cl\/ha\/wp-json\/wp\/v2\/product_brand?post=1052"},{"taxonomy":"product_cat","embeddable":true,"href":"https:\/\/handsandthecity.cl\/ha\/wp-json\/wp\/v2\/product_cat?post=1052"},{"taxonomy":"product_tag","embeddable":true,"href":"https:\/\/handsandthecity.cl\/ha\/wp-json\/wp\/v2\/product_tag?post=1052"}],"curies":[{"name":"wp","href":"https:\/\/api.w.org\/{rel}","templated":true}]}}