{"id":1059,"date":"2020-04-29T16:53:55","date_gmt":"2020-04-29T20:53:55","guid":{"rendered":"https:\/\/handsandthecity.cl\/ha\/?post_type=product&#038;p=1059"},"modified":"2020-06-04T16:46:01","modified_gmt":"2020-06-04T20:46:01","slug":"champu-especifico-grasa","status":"publish","type":"product","link":"https:\/\/handsandthecity.cl\/ha\/producto\/champu-especifico-grasa\/","title":{"rendered":"Champ\u00fa Espec\u00edfico Grasa"},"content":{"rendered":"<h4 class=\"vc_custom_heading\"><strong>MODO DE EMPLEO<\/strong><\/h4>\n<h4 class=\"vc_custom_heading\">Humedece el cabello con agua tibia y aplica el <strong style=\"color: #666666; font-size: 14px;\">Champ\u00fa Espec\u00edfico Grasa\u00a0<\/strong><span style=\"color: #666666; font-size: 14px;\">repartiendo bien. Enjuaga y repite el proceso, dejando unos minutos de tiempo de exposici\u00f3n y enjuaga con agua.<\/span><\/h4>\n","protected":false},"excerpt":{"rendered":"<p class=\"vc_custom_heading\"><strong>Regula la producci\u00f3n de grasa<\/strong><\/p>\n<p class=\"vc_custom_heading\"><strong>Aumenta el tiempo entre lavados<\/strong><\/p>\n<div class=\"wpb_text_column wpb_content_element \">\n<div class=\"wpb_wrapper\">\n<p><strong>Champ\u00fa\u00a0Espec\u00edfico Grasa<\/strong><strong>\u00a0<\/strong>es un champ\u00fa ideal para cabellos con problemas en el ciclo de producci\u00f3n de la grasa. Su f\u00f3rmula incorpora compuestos espec\u00edficos para limpiar de manera suave el cabello y normalizar el ciclo de producci\u00f3n de la grasa natural, lo que hace aumentar el tiempo entre lavados.<\/p>\n<div style=\"width: 480px;\" class=\"wp-video\"><video class=\"wp-video-shortcode\" id=\"video-1059-1\" width=\"480\" height=\"640\" preload=\"metadata\" controls=\"controls\"><source type=\"video\/mp4\" src=\"https:\/\/handsandthecity.cl\/ha\/wp-content\/uploads\/2020\/04\/47d67be8-cab7-4711-854b-1b8b179f160f.mp4?_=1\" \/><a href=\"https:\/\/handsandthecity.cl\/ha\/wp-content\/uploads\/2020\/04\/47d67be8-cab7-4711-854b-1b8b179f160f.mp4\">https:\/\/handsandthecity.cl\/ha\/wp-content\/uploads\/2020\/04\/47d67be8-cab7-4711-854b-1b8b179f160f.mp4<\/a><\/video><\/div>\n<\/div>\n<\/div>\n","protected":false},"featured_media":1050,"comment_status":"open","ping_status":"closed","template":"","meta":{"_et_pb_use_builder":"","_et_pb_old_content":"","_et_gb_content_width":""},"product_brand":[],"product_cat":[28,44],"product_tag":[],"class_list":{"0":"post-1059","1":"product","2":"type-product","3":"status-publish","4":"has-post-thumbnail","6":"product_cat-capilar","7":"product_cat-cyber-week","9":"first","10":"instock","11":"shipping-taxable","12":"purchasable","13":"product-type-simple"},"_links":{"self":[{"href":"https:\/\/handsandthecity.cl\/ha\/wp-json\/wp\/v2\/product\/1059","targetHints":{"allow":["GET"]}}],"collection":[{"href":"https:\/\/handsandthecity.cl\/ha\/wp-json\/wp\/v2\/product"}],"about":[{"href":"https:\/\/handsandthecity.cl\/ha\/wp-json\/wp\/v2\/types\/product"}],"replies":[{"embeddable":true,"href":"https:\/\/handsandthecity.cl\/ha\/wp-json\/wp\/v2\/comments?post=1059"}],"wp:featuredmedia":[{"embeddable":true,"href":"https:\/\/handsandthecity.cl\/ha\/wp-json\/wp\/v2\/media\/1050"}],"wp:attachment":[{"href":"https:\/\/handsandthecity.cl\/ha\/wp-json\/wp\/v2\/media?parent=1059"}],"wp:term":[{"taxonomy":"product_brand","embeddable":true,"href":"https:\/\/handsandthecity.cl\/ha\/wp-json\/wp\/v2\/product_brand?post=1059"},{"taxonomy":"product_cat","embeddable":true,"href":"https:\/\/handsandthecity.cl\/ha\/wp-json\/wp\/v2\/product_cat?post=1059"},{"taxonomy":"product_tag","embeddable":true,"href":"https:\/\/handsandthecity.cl\/ha\/wp-json\/wp\/v2\/product_tag?post=1059"}],"curies":[{"name":"wp","href":"https:\/\/api.w.org\/{rel}","templated":true}]}}