{"id":1060,"date":"2020-04-29T17:05:29","date_gmt":"2020-04-29T21:05:29","guid":{"rendered":"https:\/\/handsandthecity.cl\/ha\/?post_type=product&#038;p=1060"},"modified":"2020-06-04T16:46:10","modified_gmt":"2020-06-04T20:46:10","slug":"mascarilla-especifica-grasa","status":"publish","type":"product","link":"https:\/\/handsandthecity.cl\/ha\/producto\/mascarilla-especifica-grasa\/","title":{"rendered":"Mascarilla Espec\u00edfica Grasa"},"content":{"rendered":"<h4 class=\"vc_custom_heading\">MODO DE EMPLEO<\/h4>\n<div class=\"wpb_text_column wpb_content_element \">\n<div class=\"wpb_wrapper\">\n<p>Despu\u00e9s del lavado, aplica la\u00a0<strong>Mascarilla Espec\u00edfica Grasa\u00a0<\/strong>por la piel del cuero cabelludo y el tallo capilar. Peina para repartir y deja que act\u00fae unos minutos. Enjuaga con agua tibia y procede al peinado.<\/p>\n<\/div>\n<\/div>\n","protected":false},"excerpt":{"rendered":"<p class=\"vc_custom_heading\">Regula la producci\u00f3n de grasa<\/p>\n<p class=\"vc_custom_heading\">Aumenta el tiempo entre lavados<\/p>\n<div class=\"wpb_text_column wpb_content_element \">\n<div class=\"wpb_wrapper\">\n<p><strong>Mascarilla Espec\u00edfica Grasa<\/strong><strong>\u00a0<\/strong>es una mascarilla ideal para cabellos con problemas en el ciclo de producci\u00f3n de la grasa. Su f\u00f3rmula incorpora compuestos espec\u00edficos para limpiar de manera suave el cabello y normalizar el ciclo de producci\u00f3n de la grasa natural, lo que hace aumentar el tiempo entre lavados. Conserva la grasa necesaria para mantener la elasticidad e hidrataci\u00f3n natural del cabello.<\/p>\n<\/div>\n<\/div>\n","protected":false},"featured_media":1045,"comment_status":"open","ping_status":"closed","template":"","meta":{"_et_pb_use_builder":"","_et_pb_old_content":"","_et_gb_content_width":""},"product_brand":[],"product_cat":[28,44],"product_tag":[],"class_list":{"0":"post-1060","1":"product","2":"type-product","3":"status-publish","4":"has-post-thumbnail","6":"product_cat-capilar","7":"product_cat-cyber-week","9":"first","10":"instock","11":"shipping-taxable","12":"purchasable","13":"product-type-simple"},"_links":{"self":[{"href":"https:\/\/handsandthecity.cl\/ha\/wp-json\/wp\/v2\/product\/1060","targetHints":{"allow":["GET"]}}],"collection":[{"href":"https:\/\/handsandthecity.cl\/ha\/wp-json\/wp\/v2\/product"}],"about":[{"href":"https:\/\/handsandthecity.cl\/ha\/wp-json\/wp\/v2\/types\/product"}],"replies":[{"embeddable":true,"href":"https:\/\/handsandthecity.cl\/ha\/wp-json\/wp\/v2\/comments?post=1060"}],"wp:featuredmedia":[{"embeddable":true,"href":"https:\/\/handsandthecity.cl\/ha\/wp-json\/wp\/v2\/media\/1045"}],"wp:attachment":[{"href":"https:\/\/handsandthecity.cl\/ha\/wp-json\/wp\/v2\/media?parent=1060"}],"wp:term":[{"taxonomy":"product_brand","embeddable":true,"href":"https:\/\/handsandthecity.cl\/ha\/wp-json\/wp\/v2\/product_brand?post=1060"},{"taxonomy":"product_cat","embeddable":true,"href":"https:\/\/handsandthecity.cl\/ha\/wp-json\/wp\/v2\/product_cat?post=1060"},{"taxonomy":"product_tag","embeddable":true,"href":"https:\/\/handsandthecity.cl\/ha\/wp-json\/wp\/v2\/product_tag?post=1060"}],"curies":[{"name":"wp","href":"https:\/\/api.w.org\/{rel}","templated":true}]}}