{"id":1062,"date":"2020-04-29T17:36:04","date_gmt":"2020-04-29T21:36:04","guid":{"rendered":"https:\/\/handsandthecity.cl\/ha\/?post_type=product&#038;p=1062"},"modified":"2020-06-01T20:23:52","modified_gmt":"2020-06-02T00:23:52","slug":"mascarilla-hidratante-2","status":"publish","type":"product","link":"https:\/\/handsandthecity.cl\/ha\/producto\/mascarilla-hidratante-2\/","title":{"rendered":"Mascarilla Hidratante"},"content":{"rendered":"<h4 class=\"vc_custom_heading\">MODO DE EMPLEO<\/h4>\n<div class=\"wpb_text_column wpb_content_element \">\n<div class=\"wpb_wrapper\">\n<p>Despu\u00e9s del lavado, aplica\u00a0<strong>Mascarilla Hidratante\u00a0<\/strong>por todo el cabello, sin tocar el cuero cabelludo. Peina para repartir y deja unos minutos de tiempo de acci\u00f3n. Enjuaga con agua tibia y procede al peinado.<\/p>\n<p>200ml<\/p>\n<\/div>\n<\/div>\n","protected":false},"excerpt":{"rendered":"<p class=\"vc_custom_heading\">Normaliza el ciclo de hidrataci\u00f3n<\/p>\n<p class=\"vc_custom_heading\">Con germen de trigo para m\u00e1s suavidad<\/p>\n<div class=\"wpb_text_column wpb_content_element \">\n<div class=\"wpb_wrapper\">\n<p><strong>Mascarilla\u00a0Hidratante<\/strong><strong>\u00a0<\/strong>es una mascarilla intensiva de uso continuo recomendado para recuperar los cabellos muy deshidratados y con problemas de falta de elasticidad. Ideal para cabellos con falta de hidrataci\u00f3n, tras procesos t\u00e9cnicos o tensiones mec\u00e1nicas. Su f\u00f3rmula aporta resistencia a la tracci\u00f3n, recuperando los cabellos con estados graves de deshidrataci\u00f3n tras cada lavado y consigue un nivel de brillo natural.<\/p>\n<\/div>\n<\/div>\n","protected":false},"featured_media":1047,"comment_status":"open","ping_status":"closed","template":"","meta":{"_et_pb_use_builder":"","_et_pb_old_content":"","_et_gb_content_width":""},"product_brand":[],"product_cat":[28,44],"product_tag":[],"class_list":{"0":"post-1062","1":"product","2":"type-product","3":"status-publish","4":"has-post-thumbnail","6":"product_cat-capilar","7":"product_cat-cyber-week","9":"first","10":"instock","11":"shipping-taxable","12":"purchasable","13":"product-type-simple"},"_links":{"self":[{"href":"https:\/\/handsandthecity.cl\/ha\/wp-json\/wp\/v2\/product\/1062","targetHints":{"allow":["GET"]}}],"collection":[{"href":"https:\/\/handsandthecity.cl\/ha\/wp-json\/wp\/v2\/product"}],"about":[{"href":"https:\/\/handsandthecity.cl\/ha\/wp-json\/wp\/v2\/types\/product"}],"replies":[{"embeddable":true,"href":"https:\/\/handsandthecity.cl\/ha\/wp-json\/wp\/v2\/comments?post=1062"}],"wp:featuredmedia":[{"embeddable":true,"href":"https:\/\/handsandthecity.cl\/ha\/wp-json\/wp\/v2\/media\/1047"}],"wp:attachment":[{"href":"https:\/\/handsandthecity.cl\/ha\/wp-json\/wp\/v2\/media?parent=1062"}],"wp:term":[{"taxonomy":"product_brand","embeddable":true,"href":"https:\/\/handsandthecity.cl\/ha\/wp-json\/wp\/v2\/product_brand?post=1062"},{"taxonomy":"product_cat","embeddable":true,"href":"https:\/\/handsandthecity.cl\/ha\/wp-json\/wp\/v2\/product_cat?post=1062"},{"taxonomy":"product_tag","embeddable":true,"href":"https:\/\/handsandthecity.cl\/ha\/wp-json\/wp\/v2\/product_tag?post=1062"}],"curies":[{"name":"wp","href":"https:\/\/api.w.org\/{rel}","templated":true}]}}