{"id":1065,"date":"2020-04-29T17:58:35","date_gmt":"2020-04-29T21:58:35","guid":{"rendered":"https:\/\/handsandthecity.cl\/ha\/?post_type=product&#038;p=1065"},"modified":"2020-06-04T16:46:19","modified_gmt":"2020-06-04T20:46:19","slug":"champu-hidratante-biokera","status":"publish","type":"product","link":"https:\/\/handsandthecity.cl\/ha\/producto\/champu-hidratante-biokera\/","title":{"rendered":"Champ\u00fa Hidratante Biokera"},"content":{"rendered":"<h4 class=\"vc_custom_heading\"><strong>MODO DE EMPLEO<\/strong><\/h4>\n<div class=\"wpb_text_column wpb_content_element \">\n<div class=\"wpb_wrapper\">\n<p>Humedece el cabello con agua tibia y aplica el\u00a0<strong>Champ\u00fa Hidratante\u00a0<\/strong>repartiendo bien. Enjuaga y repite el proceso, dejando unos minutos de tiempo de exposici\u00f3n y enjuaga con agua.<\/p>\n<p><strong>200ml<\/strong><\/p>\n<\/div>\n<\/div>\n","protected":false},"excerpt":{"rendered":"<p class=\"vc_custom_heading\">Normaliza el ciclo de hidrataci\u00f3n<\/p>\n<p class=\"vc_custom_heading\">Con germen de trigo para m\u00e1s suavidad<\/p>\n<div class=\"wpb_text_column wpb_content_element \">\n<div class=\"wpb_wrapper\">\n<p><strong>Champ\u00fa\u00a0Hidratante<\/strong><strong>\u00a0<\/strong>es un champ\u00fa con aceite natural de germen de trigo que ofrece un equilibrio entre el poder detergente capaz de limpiar las impurezas y una extrema suavidad en el trato con la piel. Ideal para cabellos con falta de hidrataci\u00f3n o secos, ya que normaliza de manera progresiva la hidrataci\u00f3n del cabello aporta m\u00e1s manejabilidad, suavidad y brillo.<\/p>\n<\/div>\n<\/div>\n","protected":false},"featured_media":1066,"comment_status":"open","ping_status":"closed","template":"","meta":{"_et_pb_use_builder":"","_et_pb_old_content":"","_et_gb_content_width":""},"product_brand":[],"product_cat":[28,44],"product_tag":[],"class_list":{"0":"post-1065","1":"product","2":"type-product","3":"status-publish","4":"has-post-thumbnail","6":"product_cat-capilar","7":"product_cat-cyber-week","9":"first","10":"instock","11":"shipping-taxable","12":"purchasable","13":"product-type-simple"},"_links":{"self":[{"href":"https:\/\/handsandthecity.cl\/ha\/wp-json\/wp\/v2\/product\/1065","targetHints":{"allow":["GET"]}}],"collection":[{"href":"https:\/\/handsandthecity.cl\/ha\/wp-json\/wp\/v2\/product"}],"about":[{"href":"https:\/\/handsandthecity.cl\/ha\/wp-json\/wp\/v2\/types\/product"}],"replies":[{"embeddable":true,"href":"https:\/\/handsandthecity.cl\/ha\/wp-json\/wp\/v2\/comments?post=1065"}],"wp:featuredmedia":[{"embeddable":true,"href":"https:\/\/handsandthecity.cl\/ha\/wp-json\/wp\/v2\/media\/1066"}],"wp:attachment":[{"href":"https:\/\/handsandthecity.cl\/ha\/wp-json\/wp\/v2\/media?parent=1065"}],"wp:term":[{"taxonomy":"product_brand","embeddable":true,"href":"https:\/\/handsandthecity.cl\/ha\/wp-json\/wp\/v2\/product_brand?post=1065"},{"taxonomy":"product_cat","embeddable":true,"href":"https:\/\/handsandthecity.cl\/ha\/wp-json\/wp\/v2\/product_cat?post=1065"},{"taxonomy":"product_tag","embeddable":true,"href":"https:\/\/handsandthecity.cl\/ha\/wp-json\/wp\/v2\/product_tag?post=1065"}],"curies":[{"name":"wp","href":"https:\/\/api.w.org\/{rel}","templated":true}]}}