{"id":1082,"date":"2020-05-01T10:52:02","date_gmt":"2020-05-01T14:52:02","guid":{"rendered":"https:\/\/handsandthecity.cl\/ha\/?post_type=product&#038;p=1082"},"modified":"2022-04-23T13:31:23","modified_gmt":"2022-04-23T17:31:23","slug":"1082","status":"publish","type":"product","link":"https:\/\/handsandthecity.cl\/ha\/producto\/1082\/","title":{"rendered":"SHAMPOO SALERM 21"},"content":{"rendered":"<div style=\"width: 640px;\" class=\"wp-video\"><video class=\"wp-video-shortcode\" id=\"video-1082-1\" width=\"640\" height=\"368\" preload=\"metadata\" controls=\"controls\"><source type=\"video\/mp4\" src=\"https:\/\/handsandthecity.cl\/ha\/wp-content\/uploads\/2020\/05\/92c281e2-2d55-41fb-a747-376510c395ef.mp4?_=1\" \/><a href=\"https:\/\/handsandthecity.cl\/ha\/wp-content\/uploads\/2020\/05\/92c281e2-2d55-41fb-a747-376510c395ef.mp4\">https:\/\/handsandthecity.cl\/ha\/wp-content\/uploads\/2020\/05\/92c281e2-2d55-41fb-a747-376510c395ef.mp4<\/a><\/video><\/div>\n<h4 class=\"vc_custom_heading\">MODO DE EMPLEO<\/h4>\n<div class=\"wpb_text_column wpb_content_element \">\n<div class=\"wpb_wrapper\">\n<p>Con el cabello h\u00famedo, aplica una peque\u00f1a cantidad de\u00a0<strong>Salerm 21 Champ\u00fa.\u00a0<\/strong>Emulsiona haciendo un suave masaje y enjuaga. Repite la aplicaci\u00f3n y enjuaga profundamente con agua tibia y procede al peinado como de costumbre.<\/p>\n<\/div>\n<\/div>\n","protected":false},"excerpt":{"rendered":"<p class=\"vc_custom_heading\">La soluci\u00f3n a cabellos maltratados y deshidratados<\/p>\n<p class=\"vc_custom_heading\">Provitamina B5 que multiplica por diez su efecto<\/p>\n<div class=\"wpb_text_column wpb_content_element \">\n<div class=\"wpb_wrapper\">\n<p><strong>Salerm 21 Champ\u00fa<\/strong><strong>\u00a0<\/strong>es un champ\u00fa acondicionador ideal para cabellos secos y da\u00f1ados que necesitan un extra de cuidado. Su f\u00f3rmula repara en profundidad el cabello a la vez que lo lava con suavidad, respetando las caracter\u00edsticas naturales del cuero cabelludo.\u00a0<strong>Salerm 21 Champ\u00fa\u00a0<\/strong>nutre, revitaliza y redensifica el cabello consiguiendo m\u00e1s suavidad, fuerza y reparaci\u00f3n. Con prote\u00ednas de seda, vitamina E y Pantenol.<\/p>\n<p>Repara en profundidad tu\u00a0cabello a la vez que lo limpias con\u00a0<strong>Salerm 21 Champ\u00fa.\u00a0<\/strong><\/p>\n<\/div>\n<\/div>\n","protected":false},"featured_media":1084,"comment_status":"open","ping_status":"closed","template":"","meta":{"_et_pb_use_builder":"","_et_pb_old_content":"","_et_gb_content_width":""},"product_brand":[],"product_cat":[44,32],"product_tag":[],"class_list":{"0":"post-1082","1":"product","2":"type-product","3":"status-publish","4":"has-post-thumbnail","6":"product_cat-cyber-week","7":"product_cat-salerm-21","9":"first","10":"instock","11":"shipping-taxable","12":"purchasable","13":"product-type-simple"},"_links":{"self":[{"href":"https:\/\/handsandthecity.cl\/ha\/wp-json\/wp\/v2\/product\/1082","targetHints":{"allow":["GET"]}}],"collection":[{"href":"https:\/\/handsandthecity.cl\/ha\/wp-json\/wp\/v2\/product"}],"about":[{"href":"https:\/\/handsandthecity.cl\/ha\/wp-json\/wp\/v2\/types\/product"}],"replies":[{"embeddable":true,"href":"https:\/\/handsandthecity.cl\/ha\/wp-json\/wp\/v2\/comments?post=1082"}],"wp:featuredmedia":[{"embeddable":true,"href":"https:\/\/handsandthecity.cl\/ha\/wp-json\/wp\/v2\/media\/1084"}],"wp:attachment":[{"href":"https:\/\/handsandthecity.cl\/ha\/wp-json\/wp\/v2\/media?parent=1082"}],"wp:term":[{"taxonomy":"product_brand","embeddable":true,"href":"https:\/\/handsandthecity.cl\/ha\/wp-json\/wp\/v2\/product_brand?post=1082"},{"taxonomy":"product_cat","embeddable":true,"href":"https:\/\/handsandthecity.cl\/ha\/wp-json\/wp\/v2\/product_cat?post=1082"},{"taxonomy":"product_tag","embeddable":true,"href":"https:\/\/handsandthecity.cl\/ha\/wp-json\/wp\/v2\/product_tag?post=1082"}],"curies":[{"name":"wp","href":"https:\/\/api.w.org\/{rel}","templated":true}]}}