{"id":1089,"date":"2020-05-01T11:44:35","date_gmt":"2020-05-01T15:44:35","guid":{"rendered":"https:\/\/handsandthecity.cl\/ha\/?post_type=product&#038;p=1089"},"modified":"2020-06-04T16:46:47","modified_gmt":"2020-06-04T20:46:47","slug":"salerm-21-express","status":"publish","type":"product","link":"https:\/\/handsandthecity.cl\/ha\/producto\/salerm-21-express\/","title":{"rendered":"Salerm 21 Express"},"content":{"rendered":"<h4 class=\"vc_custom_heading\">MODO DE EMPLEO<\/h4>\n<div class=\"wpb_text_column wpb_content_element \">\n<div class=\"wpb_wrapper\">\n<p>Pulveriza\u00a0<strong>Salerm 21 Express\u00a0<\/strong>sobre el cabello y peina para repartir. No es necesario enjuagar. Procede como de costumbre<\/p>\n<\/div>\n<\/div>\n","protected":false},"excerpt":{"rendered":"<div style=\"width: 640px;\" class=\"wp-video\"><video class=\"wp-video-shortcode\" id=\"video-1089-1\" width=\"640\" height=\"640\" preload=\"metadata\" controls=\"controls\"><source type=\"video\/mp4\" src=\"https:\/\/handsandthecity.cl\/ha\/wp-content\/uploads\/2020\/05\/joined_video_89ae849acd164a36aa8c9ff1682f1875.mp4?_=1\" \/><a href=\"https:\/\/handsandthecity.cl\/ha\/wp-content\/uploads\/2020\/05\/joined_video_89ae849acd164a36aa8c9ff1682f1875.mp4\">https:\/\/handsandthecity.cl\/ha\/wp-content\/uploads\/2020\/05\/joined_video_89ae849acd164a36aa8c9ff1682f1875.mp4<\/a><\/video><\/div>\n<p class=\"vc_custom_heading\">Provitamina B5 que multiplica por diez su efecto<\/p>\n<p class=\"vc_custom_heading\"><strong>Salerm 21 Express<\/strong><strong>\u00a0<\/strong>es una mascarilla ligera sin aclarado en spray manual ideal para todo tipo de cabellos, especialmente los m\u00e1s tratados y deshidratados. Su f\u00f3rmula todo en uno hidrata el cabello y reduce la formaci\u00f3n de puntas abiertas. Contiene protecci\u00f3n solar para un cabello m\u00e1s cuidado.<\/p>\n<div class=\"wpb_text_column wpb_content_element \">\n<div class=\"wpb_wrapper\">\n<p>Belleza flash todo en uno para conseguir un cabello con luminosidad y suavidad con\u00a0<strong>Salerm 21 Express.\u00a0<\/strong><\/p>\n<\/div>\n<\/div>\n<p>&nbsp;<\/p>\n<p>&nbsp;<\/p>\n","protected":false},"featured_media":1085,"comment_status":"open","ping_status":"closed","template":"","meta":{"_et_pb_use_builder":"","_et_pb_old_content":"","_et_gb_content_width":""},"product_brand":[],"product_cat":[44,32],"product_tag":[],"class_list":{"0":"post-1089","1":"product","2":"type-product","3":"status-publish","4":"has-post-thumbnail","6":"product_cat-cyber-week","7":"product_cat-salerm-21","9":"first","10":"instock","11":"shipping-taxable","12":"purchasable","13":"product-type-simple"},"_links":{"self":[{"href":"https:\/\/handsandthecity.cl\/ha\/wp-json\/wp\/v2\/product\/1089","targetHints":{"allow":["GET"]}}],"collection":[{"href":"https:\/\/handsandthecity.cl\/ha\/wp-json\/wp\/v2\/product"}],"about":[{"href":"https:\/\/handsandthecity.cl\/ha\/wp-json\/wp\/v2\/types\/product"}],"replies":[{"embeddable":true,"href":"https:\/\/handsandthecity.cl\/ha\/wp-json\/wp\/v2\/comments?post=1089"}],"wp:featuredmedia":[{"embeddable":true,"href":"https:\/\/handsandthecity.cl\/ha\/wp-json\/wp\/v2\/media\/1085"}],"wp:attachment":[{"href":"https:\/\/handsandthecity.cl\/ha\/wp-json\/wp\/v2\/media?parent=1089"}],"wp:term":[{"taxonomy":"product_brand","embeddable":true,"href":"https:\/\/handsandthecity.cl\/ha\/wp-json\/wp\/v2\/product_brand?post=1089"},{"taxonomy":"product_cat","embeddable":true,"href":"https:\/\/handsandthecity.cl\/ha\/wp-json\/wp\/v2\/product_cat?post=1089"},{"taxonomy":"product_tag","embeddable":true,"href":"https:\/\/handsandthecity.cl\/ha\/wp-json\/wp\/v2\/product_tag?post=1089"}],"curies":[{"name":"wp","href":"https:\/\/api.w.org\/{rel}","templated":true}]}}