{"id":1091,"date":"2020-05-01T11:53:21","date_gmt":"2020-05-01T15:53:21","guid":{"rendered":"https:\/\/handsandthecity.cl\/ha\/?post_type=product&#038;p=1091"},"modified":"2022-04-05T09:38:17","modified_gmt":"2022-04-05T13:38:17","slug":"salerm-21-jazmin-y-ambar","status":"publish","type":"product","link":"https:\/\/handsandthecity.cl\/ha\/producto\/salerm-21-jazmin-y-ambar\/","title":{"rendered":"Salerm 21 Jazm\u00edn Y \u00c1mbar"},"content":{"rendered":"<h4 class=\"vc_custom_heading\"><strong>MODO DE EMPLEO<\/strong><\/h4>\n<div class=\"wpb_text_column wpb_content_element \">\n<div class=\"wpb_wrapper\">\n<p>Uso hidratante: tras el lavado, aplica una avellana de\u00a0<strong>Salerm 21 Jazm\u00edn y \u00c1mbar\u00a0<\/strong>repartida por todo el cabello, insistiendo en puntas y zonas castigadas. No es necesario enjuagar. Peina como de costumbre.<\/p>\n<p>Uso mascarilla: en cabellos muy castigados, aplica entre 5 y 10 ml de\u00a0<strong>Salerm 21 Jazm\u00edn y \u00c1mbar\u00a0<\/strong>y deja actuar 5 minutos. Enjuaga y peina.<\/p>\n<p>Uso protector: para evitar roturas del cabello por enredos, aplica una avellana de\u00a0<strong>Salerm 21 Jazm\u00edn y \u00c1mbar\u00a0<\/strong>en cabello seco y peina como de costumbre.<\/p>\n<\/div>\n<\/div>\n","protected":false},"excerpt":{"rendered":"<div style=\"width: 640px;\" class=\"wp-video\"><video class=\"wp-video-shortcode\" id=\"video-1091-1\" width=\"640\" height=\"640\" preload=\"metadata\" controls=\"controls\"><source type=\"video\/mp4\" src=\"https:\/\/handsandthecity.cl\/ha\/wp-content\/uploads\/2020\/05\/joined_video_89ae849acd164a36aa8c9ff1682f1875.mp4?_=1\" \/><a href=\"https:\/\/handsandthecity.cl\/ha\/wp-content\/uploads\/2020\/05\/joined_video_89ae849acd164a36aa8c9ff1682f1875.mp4\">https:\/\/handsandthecity.cl\/ha\/wp-content\/uploads\/2020\/05\/joined_video_89ae849acd164a36aa8c9ff1682f1875.mp4<\/a><\/video><\/div>\n<p class=\"vc_custom_heading\"><strong>El nuevo aroma de Salerm 21<\/strong><\/p>\n<p class=\"vc_custom_heading\"><strong>Recupera tu cabello maltratado<\/strong><\/p>\n<div class=\"wpb_text_column wpb_content_element \">\n<div class=\"wpb_wrapper\">\n<p>Esta mascarilla, acondicionador sin enjuagado, reparador de puntas y desenredante para el cabello viene con una nueva fragancia especial a\u00a0<strong>Jazm\u00edn y \u00c1mbar.<\/strong><\/p>\n<p>Con una salida a naranja mediterr\u00e1nea, verbena de la Provenza y un fresco aroma afrutado de manzana y pera se funden para abrir con sorpresa las notas de salida. Su coraz\u00f3n es un manto de aterciopelados p\u00e9talos de rosa y delicado lirio del vallo que ensalzan las notas dulces y frescas del jazm\u00edn blanco y, la base es un fondo dulce y sensual, con notas de vainilla y pralin\u00e9 que se ven abrazadas por el toque confort del musk y la calidez del \u00e1mbar.<\/p>\n<p>Presume de un cabello hidratado y con brillo gracias a la acci\u00f3n de\u00a0<strong>Salerm 21 Jazm\u00edn y \u00c1mbar.<\/strong><\/p>\n<\/div>\n<\/div>\n<p>&nbsp;<\/p>\n","protected":false},"featured_media":1092,"comment_status":"open","ping_status":"closed","template":"","meta":{"_et_pb_use_builder":"","_et_pb_old_content":"","_et_gb_content_width":""},"product_brand":[],"product_cat":[28,44,32],"product_tag":[],"class_list":{"0":"post-1091","1":"product","2":"type-product","3":"status-publish","4":"has-post-thumbnail","6":"product_cat-capilar","7":"product_cat-cyber-week","8":"product_cat-salerm-21","10":"first","11":"outofstock","12":"shipping-taxable","13":"purchasable","14":"product-type-simple"},"_links":{"self":[{"href":"https:\/\/handsandthecity.cl\/ha\/wp-json\/wp\/v2\/product\/1091","targetHints":{"allow":["GET"]}}],"collection":[{"href":"https:\/\/handsandthecity.cl\/ha\/wp-json\/wp\/v2\/product"}],"about":[{"href":"https:\/\/handsandthecity.cl\/ha\/wp-json\/wp\/v2\/types\/product"}],"replies":[{"embeddable":true,"href":"https:\/\/handsandthecity.cl\/ha\/wp-json\/wp\/v2\/comments?post=1091"}],"wp:featuredmedia":[{"embeddable":true,"href":"https:\/\/handsandthecity.cl\/ha\/wp-json\/wp\/v2\/media\/1092"}],"wp:attachment":[{"href":"https:\/\/handsandthecity.cl\/ha\/wp-json\/wp\/v2\/media?parent=1091"}],"wp:term":[{"taxonomy":"product_brand","embeddable":true,"href":"https:\/\/handsandthecity.cl\/ha\/wp-json\/wp\/v2\/product_brand?post=1091"},{"taxonomy":"product_cat","embeddable":true,"href":"https:\/\/handsandthecity.cl\/ha\/wp-json\/wp\/v2\/product_cat?post=1091"},{"taxonomy":"product_tag","embeddable":true,"href":"https:\/\/handsandthecity.cl\/ha\/wp-json\/wp\/v2\/product_tag?post=1091"}],"curies":[{"name":"wp","href":"https:\/\/api.w.org\/{rel}","templated":true}]}}