{"id":1093,"date":"2020-05-02T18:28:33","date_gmt":"2020-05-02T22:28:33","guid":{"rendered":"https:\/\/handsandthecity.cl\/ha\/?post_type=product&#038;p=1093"},"modified":"2020-06-04T16:45:28","modified_gmt":"2020-06-04T20:45:28","slug":"serum-arganology","status":"publish","type":"product","link":"https:\/\/handsandthecity.cl\/ha\/producto\/serum-arganology\/","title":{"rendered":"S\u00e9rum Arganology"},"content":{"rendered":"<h4 class=\"vc_custom_heading\">MODO DE EMPLEO<\/h4>\n<div class=\"wpb_text_column wpb_content_element \">\n<div class=\"wpb_wrapper\">\n<p>Aplica una peque\u00f1a cantidad de\u00a0<strong>S\u00e9rum Arganology\u00a0<\/strong>en la mano y reparte sobre el cabello, una vez lavado. Se puede utilizar en seco o en mojado. Tras la aplicaci\u00f3n, no es necesario enjuagar. Procede al peinado como de costumbre.<\/p>\n<\/div>\n<\/div>\n","protected":false},"excerpt":{"rendered":"<p class=\"vc_custom_heading\"><a href=\"https:\/\/handsandthecity.cl\/ha\/wp-content\/uploads\/2020\/05\/b5b06ef3-3bc0-48fc-810e-935e169134d1-1.mp4\">b5b06ef3-3bc0-48fc-810e-935e169134d1<\/a><\/p>\n<p class=\"vc_custom_heading\"><strong>Nutre en profundidad el cabello<\/strong><\/p>\n<p class=\"vc_custom_heading\">Textura terciopelo para tu cabello<\/p>\n<div class=\"wpb_text_column wpb_content_element \">\n<div class=\"wpb_wrapper\">\n<p><strong>S\u00e9rum Arganology<\/strong><strong>\u00a0<\/strong>es un aceite natural de arg\u00e1n y de algod\u00f3n que recupera la f\u00f3rmula original de los alquimistas Al-\u00c1ndalus. Un secreto de belleza natural que rescatamos en exclusiva para devolver a tu cabello su extraordinario brillo, suavidad y luminosidad. Su f\u00f3rmula revitaliza y fortalece el cabello maltratado, consiguiendo una textura terciopelo.<\/p>\n<p>Con una r\u00e1pida absorci\u00f3n sin residuos,\u00a0<strong>S\u00e9rum Arganology\u00a0<\/strong>est\u00e1 especialmente indicado para cabellos maltratados que necesiten un plus de hidrataci\u00f3n.<\/p>\n<\/div>\n<\/div>\n","protected":false},"featured_media":1094,"comment_status":"open","ping_status":"closed","template":"","meta":{"_et_pb_use_builder":"","_et_pb_old_content":"","_et_gb_content_width":""},"product_brand":[],"product_cat":[28,44],"product_tag":[],"class_list":{"0":"post-1093","1":"product","2":"type-product","3":"status-publish","4":"has-post-thumbnail","6":"product_cat-capilar","7":"product_cat-cyber-week","9":"first","10":"instock","11":"shipping-taxable","12":"purchasable","13":"product-type-simple"},"_links":{"self":[{"href":"https:\/\/handsandthecity.cl\/ha\/wp-json\/wp\/v2\/product\/1093","targetHints":{"allow":["GET"]}}],"collection":[{"href":"https:\/\/handsandthecity.cl\/ha\/wp-json\/wp\/v2\/product"}],"about":[{"href":"https:\/\/handsandthecity.cl\/ha\/wp-json\/wp\/v2\/types\/product"}],"replies":[{"embeddable":true,"href":"https:\/\/handsandthecity.cl\/ha\/wp-json\/wp\/v2\/comments?post=1093"}],"wp:featuredmedia":[{"embeddable":true,"href":"https:\/\/handsandthecity.cl\/ha\/wp-json\/wp\/v2\/media\/1094"}],"wp:attachment":[{"href":"https:\/\/handsandthecity.cl\/ha\/wp-json\/wp\/v2\/media?parent=1093"}],"wp:term":[{"taxonomy":"product_brand","embeddable":true,"href":"https:\/\/handsandthecity.cl\/ha\/wp-json\/wp\/v2\/product_brand?post=1093"},{"taxonomy":"product_cat","embeddable":true,"href":"https:\/\/handsandthecity.cl\/ha\/wp-json\/wp\/v2\/product_cat?post=1093"},{"taxonomy":"product_tag","embeddable":true,"href":"https:\/\/handsandthecity.cl\/ha\/wp-json\/wp\/v2\/product_tag?post=1093"}],"curies":[{"name":"wp","href":"https:\/\/api.w.org\/{rel}","templated":true}]}}