{"id":1106,"date":"2020-05-02T20:37:55","date_gmt":"2020-05-03T00:37:55","guid":{"rendered":"https:\/\/handsandthecity.cl\/ha\/?post_type=product&#038;p=1106"},"modified":"2020-06-04T16:45:15","modified_gmt":"2020-06-04T20:45:15","slug":"champu-hi-repair","status":"publish","type":"product","link":"https:\/\/handsandthecity.cl\/ha\/producto\/champu-hi-repair\/","title":{"rendered":"Champ\u00fa Hi Repair"},"content":{"rendered":"<h4 class=\"vc_custom_heading\"><strong>MODO DE EMPLEO<\/strong><\/h4>\n<div class=\"wpb_text_column wpb_content_element \">\n<div class=\"wpb_wrapper\">\n<p>Humedece el cabello y aplica una peque\u00f1a cantidad de\u00a0<strong>Champ\u00fa\u00a0Hi Repair.\u00a0<\/strong>Emulsiona y enjuaga. Repite el proceso y trabaja el cabello durante 3 minutos. Enjuaga y procede como de costumbre.<\/p>\n<\/div>\n<\/div>\n","protected":false},"excerpt":{"rendered":"<p class=\"vc_custom_heading\">Rejuvenece y repara tu cabello<\/p>\n<p class=\"vc_custom_heading\">Cabellos sanos, fuertes y con cuerpo<\/p>\n<div class=\"wpb_text_column wpb_content_element \">\n<div class=\"wpb_wrapper\">\n<p><strong>Champ\u00fa\u00a0Hi Repair\u00a0<\/strong>es un champ\u00fa que act\u00faa desde que entra en contacto con el cabello, reestructur\u00e1ndolo y trat\u00e1ndolo. Su f\u00f3rmula sequencial Hair Care System es capaz de devolver las constantes correctas a los cabellos deshidratados, con deficiencias h\u00eddricas, con defectos en la estructura interna del c\u00f3rtex y falta de nutrientes.<\/p>\n<p>El primer paso del tratamiento rejuvenecedor\u00a0<strong>Hi Repair,\u00a0<\/strong>que elimina todos los residuos del cabello y aporta un extra de prote\u00ednas de efecto choque.<\/p>\n<\/div>\n<\/div>\n","protected":false},"featured_media":1107,"comment_status":"open","ping_status":"closed","template":"","meta":{"_et_pb_use_builder":"","_et_pb_old_content":"","_et_gb_content_width":""},"product_brand":[],"product_cat":[44,33],"product_tag":[],"class_list":{"0":"post-1106","1":"product","2":"type-product","3":"status-publish","4":"has-post-thumbnail","6":"product_cat-cyber-week","7":"product_cat-capilar-2","9":"first","10":"instock","11":"shipping-taxable","12":"purchasable","13":"product-type-simple"},"_links":{"self":[{"href":"https:\/\/handsandthecity.cl\/ha\/wp-json\/wp\/v2\/product\/1106","targetHints":{"allow":["GET"]}}],"collection":[{"href":"https:\/\/handsandthecity.cl\/ha\/wp-json\/wp\/v2\/product"}],"about":[{"href":"https:\/\/handsandthecity.cl\/ha\/wp-json\/wp\/v2\/types\/product"}],"replies":[{"embeddable":true,"href":"https:\/\/handsandthecity.cl\/ha\/wp-json\/wp\/v2\/comments?post=1106"}],"wp:featuredmedia":[{"embeddable":true,"href":"https:\/\/handsandthecity.cl\/ha\/wp-json\/wp\/v2\/media\/1107"}],"wp:attachment":[{"href":"https:\/\/handsandthecity.cl\/ha\/wp-json\/wp\/v2\/media?parent=1106"}],"wp:term":[{"taxonomy":"product_brand","embeddable":true,"href":"https:\/\/handsandthecity.cl\/ha\/wp-json\/wp\/v2\/product_brand?post=1106"},{"taxonomy":"product_cat","embeddable":true,"href":"https:\/\/handsandthecity.cl\/ha\/wp-json\/wp\/v2\/product_cat?post=1106"},{"taxonomy":"product_tag","embeddable":true,"href":"https:\/\/handsandthecity.cl\/ha\/wp-json\/wp\/v2\/product_tag?post=1106"}],"curies":[{"name":"wp","href":"https:\/\/api.w.org\/{rel}","templated":true}]}}