{"id":1117,"date":"2020-05-03T02:14:59","date_gmt":"2020-05-03T06:14:59","guid":{"rendered":"https:\/\/handsandthecity.cl\/ha\/?post_type=product&#038;p=1117"},"modified":"2020-06-04T16:44:50","modified_gmt":"2020-06-04T20:44:50","slug":"champu-especifico-caida","status":"publish","type":"product","link":"https:\/\/handsandthecity.cl\/ha\/producto\/champu-especifico-caida\/","title":{"rendered":"Champ\u00fa Espec\u00edfico Ca\u00edda"},"content":{"rendered":"<h4 class=\"vc_custom_heading\"><strong>MODO DE EMPLEO<\/strong><\/h4>\n<div class=\"wpb_text_column wpb_content_element \">\n<div class=\"wpb_wrapper\">\n<p>Humedece el cabello con agua tibia y aplica el\u00a0<strong>Champ\u00fa Espec\u00edfico Ca\u00edda\u00a0<\/strong>repartiendo bien. Enjuaga y repite el proceso, dejando unos minutos de tiempo de exposici\u00f3n y enjuaga con agua.<\/p>\n<\/div>\n<\/div>\n","protected":false},"excerpt":{"rendered":"<p class=\"vc_custom_heading\"><strong>Estimula la regeneraci\u00f3n de cabello<\/strong><\/p>\n<p class=\"vc_custom_heading\"><strong>Nutrici\u00f3n y vitalidad<\/strong><\/p>\n<div class=\"wpb_text_column wpb_content_element \">\n<div class=\"wpb_wrapper\">\n<p><strong>Champ\u00fa\u00a0Espec\u00edfico Ca\u00edda<\/strong><strong>\u00a0<\/strong>es un champ\u00fa de tratamiento espec\u00edfico para ayudar a normalizar el ciclo de crecimiento y frenar la ca\u00edda del cabello. Su f\u00f3rmula con extracto de ginseng y Ginkgo Biloba, estimula la regeneraci\u00f3n de cabello y normaliza su ciclo de crecimiento.<\/p>\n<p>Prepara el cuero cabelludo para la acci\u00f3n del resto de producto con el\u00a0<strong>Champ\u00fa Espec\u00edfico Ca\u00edda.\u00a0<\/strong><\/p>\n<\/div>\n<\/div>\n","protected":false},"featured_media":1118,"comment_status":"open","ping_status":"closed","template":"","meta":{"_et_pb_use_builder":"","_et_pb_old_content":"","_et_gb_content_width":""},"product_brand":[],"product_cat":[28,44],"product_tag":[],"class_list":{"0":"post-1117","1":"product","2":"type-product","3":"status-publish","4":"has-post-thumbnail","6":"product_cat-capilar","7":"product_cat-cyber-week","9":"first","10":"instock","11":"shipping-taxable","12":"purchasable","13":"product-type-simple"},"_links":{"self":[{"href":"https:\/\/handsandthecity.cl\/ha\/wp-json\/wp\/v2\/product\/1117","targetHints":{"allow":["GET"]}}],"collection":[{"href":"https:\/\/handsandthecity.cl\/ha\/wp-json\/wp\/v2\/product"}],"about":[{"href":"https:\/\/handsandthecity.cl\/ha\/wp-json\/wp\/v2\/types\/product"}],"replies":[{"embeddable":true,"href":"https:\/\/handsandthecity.cl\/ha\/wp-json\/wp\/v2\/comments?post=1117"}],"wp:featuredmedia":[{"embeddable":true,"href":"https:\/\/handsandthecity.cl\/ha\/wp-json\/wp\/v2\/media\/1118"}],"wp:attachment":[{"href":"https:\/\/handsandthecity.cl\/ha\/wp-json\/wp\/v2\/media?parent=1117"}],"wp:term":[{"taxonomy":"product_brand","embeddable":true,"href":"https:\/\/handsandthecity.cl\/ha\/wp-json\/wp\/v2\/product_brand?post=1117"},{"taxonomy":"product_cat","embeddable":true,"href":"https:\/\/handsandthecity.cl\/ha\/wp-json\/wp\/v2\/product_cat?post=1117"},{"taxonomy":"product_tag","embeddable":true,"href":"https:\/\/handsandthecity.cl\/ha\/wp-json\/wp\/v2\/product_tag?post=1117"}],"curies":[{"name":"wp","href":"https:\/\/api.w.org\/{rel}","templated":true}]}}