{"id":1121,"date":"2020-05-28T07:00:51","date_gmt":"2020-05-28T11:00:51","guid":{"rendered":"https:\/\/handsandthecity.cl\/ha\/?post_type=product&#038;p=1121"},"modified":"2020-06-01T20:23:52","modified_gmt":"2020-06-02T00:23:52","slug":"tratamiento-voluminizador-caida","status":"publish","type":"product","link":"https:\/\/handsandthecity.cl\/ha\/producto\/tratamiento-voluminizador-caida\/","title":{"rendered":"Tratamiento Voluminizador  Spray Ca\u00edda"},"content":{"rendered":"<h4 class=\"vc_custom_heading\">MODO DE EMPLEO<\/h4>\n<div class=\"wpb_text_column wpb_content_element \">\n<div class=\"wpb_wrapper\">\n<p>Aplica el\u00a0<strong>Tratamiento Voluminizador Ca\u00edda\u00a0<\/strong>sobre el cuero cabelludo y el cabello. Efect\u00faa un masaje de rotaci\u00f3n comenzando por la nuca hacia el frontal. No es necesario enjuagar. Procede al peinado como de costumbre<\/p>\n<\/div>\n<\/div>\n","protected":false},"excerpt":{"rendered":"<p class=\"vc_custom_heading\"><strong>Estimula la regeneraci\u00f3n de cabello<\/strong><\/p>\n<p class=\"vc_custom_heading\"><strong>Nutrici\u00f3n y vitalidad<\/strong><\/p>\n<div class=\"wpb_text_column wpb_content_element \">\n<div class=\"wpb_wrapper\">\n<p><strong>Tratamiento Voluminizador\u00a0Ca\u00edda<\/strong><strong>\u00a0<\/strong>es una loci\u00f3n en vaporziador manual para el tratamiento espec\u00edfico de mantenimiento que ayuda a normalizar el ciclo de crecimiento del cabello. Su f\u00f3rmula contiene una combinaci\u00f3n de vitaminas, activos revitalizantes y extracto de ginseng que aumenta la vigorosidad del bulbo piloso y estimula la regenaraci\u00f3n de todo el cabello.<\/p>\n<\/div>\n<\/div>\n<h4 class=\"vc_custom_heading\">MODO DE EMPLEO<\/h4>\n","protected":false},"featured_media":1119,"comment_status":"open","ping_status":"closed","template":"","meta":{"_et_pb_use_builder":"","_et_pb_old_content":"","_et_gb_content_width":""},"product_brand":[],"product_cat":[28,44],"product_tag":[],"class_list":{"0":"post-1121","1":"product","2":"type-product","3":"status-publish","4":"has-post-thumbnail","6":"product_cat-capilar","7":"product_cat-cyber-week","9":"first","10":"instock","11":"shipping-taxable","12":"purchasable","13":"product-type-simple"},"_links":{"self":[{"href":"https:\/\/handsandthecity.cl\/ha\/wp-json\/wp\/v2\/product\/1121","targetHints":{"allow":["GET"]}}],"collection":[{"href":"https:\/\/handsandthecity.cl\/ha\/wp-json\/wp\/v2\/product"}],"about":[{"href":"https:\/\/handsandthecity.cl\/ha\/wp-json\/wp\/v2\/types\/product"}],"replies":[{"embeddable":true,"href":"https:\/\/handsandthecity.cl\/ha\/wp-json\/wp\/v2\/comments?post=1121"}],"wp:featuredmedia":[{"embeddable":true,"href":"https:\/\/handsandthecity.cl\/ha\/wp-json\/wp\/v2\/media\/1119"}],"wp:attachment":[{"href":"https:\/\/handsandthecity.cl\/ha\/wp-json\/wp\/v2\/media?parent=1121"}],"wp:term":[{"taxonomy":"product_brand","embeddable":true,"href":"https:\/\/handsandthecity.cl\/ha\/wp-json\/wp\/v2\/product_brand?post=1121"},{"taxonomy":"product_cat","embeddable":true,"href":"https:\/\/handsandthecity.cl\/ha\/wp-json\/wp\/v2\/product_cat?post=1121"},{"taxonomy":"product_tag","embeddable":true,"href":"https:\/\/handsandthecity.cl\/ha\/wp-json\/wp\/v2\/product_tag?post=1121"}],"curies":[{"name":"wp","href":"https:\/\/api.w.org\/{rel}","templated":true}]}}