{"id":1133,"date":"2020-05-03T12:45:10","date_gmt":"2020-05-03T16:45:10","guid":{"rendered":"https:\/\/handsandthecity.cl\/ha\/?post_type=product&#038;p=1133"},"modified":"2023-07-29T14:14:18","modified_gmt":"2023-07-29T18:14:18","slug":"champu-tratamiento-kaps-filler","status":"publish","type":"product","link":"https:\/\/handsandthecity.cl\/ha\/producto\/champu-tratamiento-kaps-filler\/","title":{"rendered":"Champ\u00fa Tratamiento Kaps Filler"},"content":{"rendered":"<h4 class=\"vc_custom_heading\">KERATIN ASSOCIATED PROTEINS (KAPS)<\/h4>\n<div class=\"wpb_text_column wpb_content_element \">\n<div class=\"wpb_wrapper\">\n<p>Los\u00a0<strong>KAPs\u00a0<\/strong>son prote\u00ednas ubicadas entre las fibras de queratina y cuyo uso supone un importante avance en los tratamientos de regeneraci\u00f3n.<\/p>\n<p>La queratina, un componente esencial del cabello, es una de las prote\u00ednas m\u00e1s resistentes que tenemos, de modo que son las \u00faltimas en da\u00f1arse. Esto significa que hay muchas otras\u00a0<strong>prote\u00ednas asociadas a la queratina natural que se pierden mucho antes<\/strong>\u00a0y que son responsables de un cabello seco y sin brillo.<\/p>\n<p>Estas prote\u00ednas asociadas a la queratina se conocen en el mundo cient\u00edfico como KAPs. La investigaci\u00f3n y los avances cient\u00edficos han permitido que\u00a0<strong>KAPs Filler<\/strong>\u00a0sea capaz de recuperar estas prote\u00ednas internas en forma de amino\u00e1cidos y repara el cabello devolvi\u00e9ndole todas sus propiedades iniciales.<\/p>\n<\/div>\n<\/div>\n","protected":false},"excerpt":{"rendered":"<div style=\"width: 640px;\" class=\"wp-video\"><video class=\"wp-video-shortcode\" id=\"video-1133-1\" width=\"640\" height=\"368\" preload=\"metadata\" controls=\"controls\"><source type=\"video\/mp4\" src=\"https:\/\/handsandthecity.cl\/ha\/wp-content\/uploads\/2020\/05\/2beff272-3332-461f-8a2c-b6bc2984bcd5.mp4?_=1\" \/><a href=\"https:\/\/handsandthecity.cl\/ha\/wp-content\/uploads\/2020\/05\/2beff272-3332-461f-8a2c-b6bc2984bcd5.mp4\">https:\/\/handsandthecity.cl\/ha\/wp-content\/uploads\/2020\/05\/2beff272-3332-461f-8a2c-b6bc2984bcd5.mp4<\/a><\/video><\/div>\n<p class=\"vc_custom_heading\">Paso 1 para obtener un liso natural sin encrespamiento y con brillo<\/p>\n<div class=\"wpb_text_column wpb_content_element \">\n<div class=\"wpb_wrapper\">\n<p><strong>Champ\u00fa Lisos KAPs Filler<\/strong>\u00a0es un champ\u00fa tratante espec\u00edficos para\u00a0el tratamiento KAPs Filler. Limpia suavemente el cabello y lo prepara para la acci\u00f3n alisadora del paso 2. Suave limpieza con el m\u00e1ximo tratamiento.<\/p>\n<p>M\u00e1s brillo y suavidad en un cabello con un liso natural<\/p>\n<\/div>\n<\/div>\n<h4 class=\"vc_custom_heading\">MODO DE EMPLEO<\/h4>\n<div class=\"wpb_text_column wpb_content_element \">\n<div class=\"wpb_wrapper\">\n<p>Lava el cabello con el champ\u00fa de tratamiento y enjuaga. Repite el proceso y aseg\u00farate que no queda ning\u00fan residuo.<\/p>\n<\/div>\n<\/div>\n","protected":false},"featured_media":1129,"comment_status":"open","ping_status":"closed","template":"","meta":{"_et_pb_use_builder":"","_et_pb_old_content":"","_et_gb_content_width":""},"product_brand":[],"product_cat":[34],"product_tag":[],"class_list":{"0":"post-1133","1":"product","2":"type-product","3":"status-publish","4":"has-post-thumbnail","6":"product_cat-kap-filler","8":"first","9":"instock","10":"shipping-taxable","11":"purchasable","12":"product-type-simple"},"_links":{"self":[{"href":"https:\/\/handsandthecity.cl\/ha\/wp-json\/wp\/v2\/product\/1133","targetHints":{"allow":["GET"]}}],"collection":[{"href":"https:\/\/handsandthecity.cl\/ha\/wp-json\/wp\/v2\/product"}],"about":[{"href":"https:\/\/handsandthecity.cl\/ha\/wp-json\/wp\/v2\/types\/product"}],"replies":[{"embeddable":true,"href":"https:\/\/handsandthecity.cl\/ha\/wp-json\/wp\/v2\/comments?post=1133"}],"wp:featuredmedia":[{"embeddable":true,"href":"https:\/\/handsandthecity.cl\/ha\/wp-json\/wp\/v2\/media\/1129"}],"wp:attachment":[{"href":"https:\/\/handsandthecity.cl\/ha\/wp-json\/wp\/v2\/media?parent=1133"}],"wp:term":[{"taxonomy":"product_brand","embeddable":true,"href":"https:\/\/handsandthecity.cl\/ha\/wp-json\/wp\/v2\/product_brand?post=1133"},{"taxonomy":"product_cat","embeddable":true,"href":"https:\/\/handsandthecity.cl\/ha\/wp-json\/wp\/v2\/product_cat?post=1133"},{"taxonomy":"product_tag","embeddable":true,"href":"https:\/\/handsandthecity.cl\/ha\/wp-json\/wp\/v2\/product_tag?post=1133"}],"curies":[{"name":"wp","href":"https:\/\/api.w.org\/{rel}","templated":true}]}}