{"id":1141,"date":"2020-05-04T16:43:17","date_gmt":"2020-05-04T20:43:17","guid":{"rendered":"https:\/\/handsandthecity.cl\/ha\/?post_type=product&#038;p=1141"},"modified":"2020-06-04T16:44:26","modified_gmt":"2020-06-04T20:44:26","slug":"kera-plus-liso-ideal","status":"publish","type":"product","link":"https:\/\/handsandthecity.cl\/ha\/producto\/kera-plus-liso-ideal\/","title":{"rendered":"KERA PLUS LISO IDEAL"},"content":{"rendered":"<h4 class=\"vc_custom_heading\">MODO DE EMPLEO<\/h4>\n<div class=\"wpb_text_column wpb_content_element \">\n<div class=\"wpb_wrapper\">\n<p>Despu\u00e9s de lavar el cabello con champ\u00fa Hi Repair, aplica el contenido de una ampolla\u00a0<strong>Kera-Plus\u00a0<\/strong>sobre el cabello h\u00famedo en medios y puntas. No es necesario enjuagar. Procede al secado con secador o plancha.<\/p>\n<\/div>\n<\/div>\n","protected":false},"excerpt":{"rendered":"<h1 class=\"product_title entry-title\">Kera-Plus<\/h1>\n<div class=\"product_meta\"><span class=\"posted_in\"><a href=\"https:\/\/salerm.com\/producto\/tratamientos\/ampollas\" rel=\"tag\">AMPOLLAS<\/a><\/span>\u00a0<span class=\"tagged_as\"><a href=\"https:\/\/salerm.com\/resultados\/alisado\" rel=\"tag\">ALISADO<\/a><\/span><\/div>\n<div class=\"ficha-prod-addinfo\"><\/div>\n<div class=\"vc_row wpb_row vc_row-fluid\">\n<div class=\"wpb_column vc_column_container vc_col-sm-8\">\n<div class=\"vc_column-inner \">\n<div class=\"wpb_wrapper\">\n<p class=\"vc_custom_heading\"><strong>Cuida tu cabello liso<\/strong><\/p>\n<p class=\"vc_custom_heading\"><strong>Alisado por m\u00e1s tiempo<\/strong><\/p>\n<div class=\"wpb_text_column wpb_content_element \">\n<div class=\"wpb_wrapper\">\n<p><strong>Kera-Plus<\/strong><strong>\u00a0<\/strong>es\u00a0un tratamiento en ampollas que protege t\u00e9rmicamente el cabello ante la acci\u00f3n del secado y planchado. Facilita el peinado en posici\u00f3n lisa, alargando su duraci\u00f3n. Su f\u00f3rmula con alto contenido en queratina deja el cabello m\u00e1s manejable y con brillo.<\/p>\n<\/div>\n<\/div>\n<\/div>\n<\/div>\n<\/div>\n<\/div>\n","protected":false},"featured_media":1142,"comment_status":"open","ping_status":"closed","template":"","meta":{"_et_pb_use_builder":"","_et_pb_old_content":"","_et_gb_content_width":""},"product_brand":[],"product_cat":[44,33],"product_tag":[],"class_list":{"0":"post-1141","1":"product","2":"type-product","3":"status-publish","4":"has-post-thumbnail","6":"product_cat-cyber-week","7":"product_cat-capilar-2","9":"first","10":"instock","11":"shipping-taxable","12":"purchasable","13":"product-type-simple"},"_links":{"self":[{"href":"https:\/\/handsandthecity.cl\/ha\/wp-json\/wp\/v2\/product\/1141","targetHints":{"allow":["GET"]}}],"collection":[{"href":"https:\/\/handsandthecity.cl\/ha\/wp-json\/wp\/v2\/product"}],"about":[{"href":"https:\/\/handsandthecity.cl\/ha\/wp-json\/wp\/v2\/types\/product"}],"replies":[{"embeddable":true,"href":"https:\/\/handsandthecity.cl\/ha\/wp-json\/wp\/v2\/comments?post=1141"}],"wp:featuredmedia":[{"embeddable":true,"href":"https:\/\/handsandthecity.cl\/ha\/wp-json\/wp\/v2\/media\/1142"}],"wp:attachment":[{"href":"https:\/\/handsandthecity.cl\/ha\/wp-json\/wp\/v2\/media?parent=1141"}],"wp:term":[{"taxonomy":"product_brand","embeddable":true,"href":"https:\/\/handsandthecity.cl\/ha\/wp-json\/wp\/v2\/product_brand?post=1141"},{"taxonomy":"product_cat","embeddable":true,"href":"https:\/\/handsandthecity.cl\/ha\/wp-json\/wp\/v2\/product_cat?post=1141"},{"taxonomy":"product_tag","embeddable":true,"href":"https:\/\/handsandthecity.cl\/ha\/wp-json\/wp\/v2\/product_tag?post=1141"}],"curies":[{"name":"wp","href":"https:\/\/api.w.org\/{rel}","templated":true}]}}