{"id":1252,"date":"2020-05-08T03:19:19","date_gmt":"2020-05-08T07:19:19","guid":{"rendered":"https:\/\/handsandthecity.cl\/ha\/?post_type=product&#038;p=1252"},"modified":"2020-06-01T20:23:51","modified_gmt":"2020-06-02T00:23:51","slug":"esmalte-opi-embracelima-sally","status":"publish","type":"product","link":"https:\/\/handsandthecity.cl\/ha\/producto\/esmalte-opi-embracelima-sally\/","title":{"rendered":"NL F79 Esmalte  tradicional Opi Embrace"},"content":{"rendered":"","protected":false},"excerpt":{"rendered":"<p>Esmalte de u\u00f1as de alta pigmentaci\u00f3n y larga duraci\u00f3n.<\/p>\n<p>Su exclusiva f\u00f3rmula de secado r\u00e1pido junto a su cepillo OPI ProWide permite una aplicaci\u00f3n suave, simple y r\u00e1pida.<\/p>\n<hr \/>\n<p><b>Uso Sugerido<\/b><\/p>\n<p>Aplica una capa de Base Coat Opi sobre las u\u00f1as limpias y secas y dejar secar.<\/p>\n<p>Luego dos capas de esmalte y dejar secar.<\/p>\n<p>Para finalizar aplica una capa del Top Coat OPI para un secado r\u00e1pido y de mejor fijaci\u00f3n<\/p>\n","protected":false},"featured_media":1246,"comment_status":"open","ping_status":"closed","template":"","meta":{"_et_pb_use_builder":"","_et_pb_old_content":"","_et_gb_content_width":""},"product_brand":[],"product_cat":[44,37],"product_tag":[],"class_list":{"0":"post-1252","1":"product","2":"type-product","3":"status-publish","4":"has-post-thumbnail","6":"product_cat-cyber-week","7":"product_cat-manicure-en-casa","9":"first","10":"instock","11":"shipping-taxable","12":"purchasable","13":"product-type-simple"},"_links":{"self":[{"href":"https:\/\/handsandthecity.cl\/ha\/wp-json\/wp\/v2\/product\/1252","targetHints":{"allow":["GET"]}}],"collection":[{"href":"https:\/\/handsandthecity.cl\/ha\/wp-json\/wp\/v2\/product"}],"about":[{"href":"https:\/\/handsandthecity.cl\/ha\/wp-json\/wp\/v2\/types\/product"}],"replies":[{"embeddable":true,"href":"https:\/\/handsandthecity.cl\/ha\/wp-json\/wp\/v2\/comments?post=1252"}],"wp:featuredmedia":[{"embeddable":true,"href":"https:\/\/handsandthecity.cl\/ha\/wp-json\/wp\/v2\/media\/1246"}],"wp:attachment":[{"href":"https:\/\/handsandthecity.cl\/ha\/wp-json\/wp\/v2\/media?parent=1252"}],"wp:term":[{"taxonomy":"product_brand","embeddable":true,"href":"https:\/\/handsandthecity.cl\/ha\/wp-json\/wp\/v2\/product_brand?post=1252"},{"taxonomy":"product_cat","embeddable":true,"href":"https:\/\/handsandthecity.cl\/ha\/wp-json\/wp\/v2\/product_cat?post=1252"},{"taxonomy":"product_tag","embeddable":true,"href":"https:\/\/handsandthecity.cl\/ha\/wp-json\/wp\/v2\/product_tag?post=1252"}],"curies":[{"name":"wp","href":"https:\/\/api.w.org\/{rel}","templated":true}]}}