{"id":1282,"date":"2020-05-08T04:42:54","date_gmt":"2020-05-08T08:42:54","guid":{"rendered":"https:\/\/handsandthecity.cl\/ha\/?post_type=product&#038;p=1282"},"modified":"2020-09-07T20:00:49","modified_gmt":"2020-09-08T00:00:49","slug":"acelerador-crecimiento-nailgrowth-miracle-sally-hansen","status":"publish","type":"product","link":"https:\/\/handsandthecity.cl\/ha\/producto\/acelerador-crecimiento-nailgrowth-miracle-sally-hansen\/","title":{"rendered":"ACELERADOR CRECIMIENTO NAILGROWTH MIRACLE SALLY HANSEN"},"content":{"rendered":"","protected":false},"excerpt":{"rendered":"<p>VER\u00a0 para creer! obt\u00e9n u\u00f1as visiblemente m\u00e1s largas en solo 5 d\u00edas con nailgrowth miracle<\/p>\n<p>Este tratamiento de emergencia de dureza de sal\u00f3n elimina la fragilidad, protege contra la descamaci\u00f3n y el quiebre, y estimula el crecimiento.<\/p>\n<p>Nuestra exclusiva f\u00f3rmula de prote\u00edna de soja contribuye a fortalecer y alargar tus u\u00f1as, mientras la keratina ayuda a proteger contra el da\u00f1o, y las multi-vitaminas junto al col\u00e1geno fomentan unas u\u00f1as saludables.<\/p>\n","protected":false},"featured_media":1283,"comment_status":"open","ping_status":"closed","template":"","meta":{"_et_pb_use_builder":"","_et_pb_old_content":"","_et_gb_content_width":""},"product_brand":[],"product_cat":[37],"product_tag":[],"class_list":{"0":"post-1282","1":"product","2":"type-product","3":"status-publish","4":"has-post-thumbnail","6":"product_cat-manicure-en-casa","8":"first","9":"outofstock","10":"shipping-taxable","11":"purchasable","12":"product-type-simple"},"_links":{"self":[{"href":"https:\/\/handsandthecity.cl\/ha\/wp-json\/wp\/v2\/product\/1282","targetHints":{"allow":["GET"]}}],"collection":[{"href":"https:\/\/handsandthecity.cl\/ha\/wp-json\/wp\/v2\/product"}],"about":[{"href":"https:\/\/handsandthecity.cl\/ha\/wp-json\/wp\/v2\/types\/product"}],"replies":[{"embeddable":true,"href":"https:\/\/handsandthecity.cl\/ha\/wp-json\/wp\/v2\/comments?post=1282"}],"wp:featuredmedia":[{"embeddable":true,"href":"https:\/\/handsandthecity.cl\/ha\/wp-json\/wp\/v2\/media\/1283"}],"wp:attachment":[{"href":"https:\/\/handsandthecity.cl\/ha\/wp-json\/wp\/v2\/media?parent=1282"}],"wp:term":[{"taxonomy":"product_brand","embeddable":true,"href":"https:\/\/handsandthecity.cl\/ha\/wp-json\/wp\/v2\/product_brand?post=1282"},{"taxonomy":"product_cat","embeddable":true,"href":"https:\/\/handsandthecity.cl\/ha\/wp-json\/wp\/v2\/product_cat?post=1282"},{"taxonomy":"product_tag","embeddable":true,"href":"https:\/\/handsandthecity.cl\/ha\/wp-json\/wp\/v2\/product_tag?post=1282"}],"curies":[{"name":"wp","href":"https:\/\/api.w.org\/{rel}","templated":true}]}}