{"id":1297,"date":"2020-05-08T05:23:46","date_gmt":"2020-05-08T09:23:46","guid":{"rendered":"https:\/\/handsandthecity.cl\/ha\/?post_type=product&#038;p=1297"},"modified":"2022-04-05T09:25:02","modified_gmt":"2022-04-05T13:25:02","slug":"fortalecedor-hard-as-nails-sally-hansen","status":"publish","type":"product","link":"https:\/\/handsandthecity.cl\/ha\/producto\/fortalecedor-hard-as-nails-sally-hansen\/","title":{"rendered":"FORTALECEDOR HARD AS NAILS SALLY HANSEN"},"content":{"rendered":"<p><b>Uso Sugerido<\/b><\/p>\n<p>apl\u00edcalo directamente sobre la u\u00f1a limpia y debajo de la punta.<\/p>\n<p>usa hard as nails solo, o como una capa de base fortalecedora para tu esmalte de color.<\/p>\n","protected":false},"excerpt":{"rendered":"<p>\u00a1Fortalece u\u00f1as d\u00e9biles y fr\u00e1giles! consigue hard as nails\u00ae, el fortalecedor original de sally hansen.<\/p>\n<p>Nuestra mezcla \u00fanica de formadores de capas protege las u\u00f1as, para una defensa duradera contra el descamaci\u00f3n, las grietas y los quiebres<\/p>\n","protected":false},"featured_media":1298,"comment_status":"open","ping_status":"closed","template":"","meta":{"_et_pb_use_builder":"","_et_pb_old_content":"","_et_gb_content_width":""},"product_brand":[],"product_cat":[37],"product_tag":[],"class_list":{"0":"post-1297","1":"product","2":"type-product","3":"status-publish","4":"has-post-thumbnail","6":"product_cat-manicure-en-casa","8":"first","9":"outofstock","10":"shipping-taxable","11":"purchasable","12":"product-type-simple"},"_links":{"self":[{"href":"https:\/\/handsandthecity.cl\/ha\/wp-json\/wp\/v2\/product\/1297","targetHints":{"allow":["GET"]}}],"collection":[{"href":"https:\/\/handsandthecity.cl\/ha\/wp-json\/wp\/v2\/product"}],"about":[{"href":"https:\/\/handsandthecity.cl\/ha\/wp-json\/wp\/v2\/types\/product"}],"replies":[{"embeddable":true,"href":"https:\/\/handsandthecity.cl\/ha\/wp-json\/wp\/v2\/comments?post=1297"}],"wp:featuredmedia":[{"embeddable":true,"href":"https:\/\/handsandthecity.cl\/ha\/wp-json\/wp\/v2\/media\/1298"}],"wp:attachment":[{"href":"https:\/\/handsandthecity.cl\/ha\/wp-json\/wp\/v2\/media?parent=1297"}],"wp:term":[{"taxonomy":"product_brand","embeddable":true,"href":"https:\/\/handsandthecity.cl\/ha\/wp-json\/wp\/v2\/product_brand?post=1297"},{"taxonomy":"product_cat","embeddable":true,"href":"https:\/\/handsandthecity.cl\/ha\/wp-json\/wp\/v2\/product_cat?post=1297"},{"taxonomy":"product_tag","embeddable":true,"href":"https:\/\/handsandthecity.cl\/ha\/wp-json\/wp\/v2\/product_tag?post=1297"}],"curies":[{"name":"wp","href":"https:\/\/api.w.org\/{rel}","templated":true}]}}