{"id":1299,"date":"2020-05-08T05:38:28","date_gmt":"2020-05-08T09:38:28","guid":{"rendered":"https:\/\/handsandthecity.cl\/ha\/?post_type=product&#038;p=1299"},"modified":"2022-04-05T09:24:44","modified_gmt":"2022-04-05T13:24:44","slug":"lapiz-quitaesmalte-no-more-mistakes-manicure-clean-up-pen-sally-hansen","status":"publish","type":"product","link":"https:\/\/handsandthecity.cl\/ha\/producto\/lapiz-quitaesmalte-no-more-mistakes-manicure-clean-up-pen-sally-hansen\/","title":{"rendered":"LAPIZ QUITAESMALTE NO MORE MISTAKES MANICURE CLEAN-UP PEN SALLY HANSEN"},"content":{"rendered":"<p>\u00a1Borra los errores al instante!.<\/p>\n<p>L\u00e1piz corrector.<\/p>\n<p>Punta de precisi\u00f3n qu\u00e9 elimina errores de forma r\u00e1pida, limpiando el contorno de las u\u00f1as sin da\u00f1ar la Manicure.<\/p>\n<p>Incluye 2 puntas de repuesto.<\/p>\n","protected":false},"excerpt":{"rendered":"<p>\u00a1Borra los errores al instante!. L\u00e1piz corrector. Punta de precisi\u00f3n qu\u00e9 elimina errores de forma r\u00e1pida, limpiando el contorno de las u\u00f1as sin da\u00f1ar la Manicure. Incluye 2 puntas de repuesto.<\/p>\n","protected":false},"featured_media":1300,"comment_status":"open","ping_status":"closed","template":"","meta":{"_et_pb_use_builder":"","_et_pb_old_content":"","_et_gb_content_width":""},"product_brand":[],"product_cat":[37],"product_tag":[],"class_list":{"0":"post-1299","1":"product","2":"type-product","3":"status-publish","4":"has-post-thumbnail","6":"product_cat-manicure-en-casa","8":"first","9":"outofstock","10":"shipping-taxable","11":"purchasable","12":"product-type-simple"},"_links":{"self":[{"href":"https:\/\/handsandthecity.cl\/ha\/wp-json\/wp\/v2\/product\/1299","targetHints":{"allow":["GET"]}}],"collection":[{"href":"https:\/\/handsandthecity.cl\/ha\/wp-json\/wp\/v2\/product"}],"about":[{"href":"https:\/\/handsandthecity.cl\/ha\/wp-json\/wp\/v2\/types\/product"}],"replies":[{"embeddable":true,"href":"https:\/\/handsandthecity.cl\/ha\/wp-json\/wp\/v2\/comments?post=1299"}],"wp:featuredmedia":[{"embeddable":true,"href":"https:\/\/handsandthecity.cl\/ha\/wp-json\/wp\/v2\/media\/1300"}],"wp:attachment":[{"href":"https:\/\/handsandthecity.cl\/ha\/wp-json\/wp\/v2\/media?parent=1299"}],"wp:term":[{"taxonomy":"product_brand","embeddable":true,"href":"https:\/\/handsandthecity.cl\/ha\/wp-json\/wp\/v2\/product_brand?post=1299"},{"taxonomy":"product_cat","embeddable":true,"href":"https:\/\/handsandthecity.cl\/ha\/wp-json\/wp\/v2\/product_cat?post=1299"},{"taxonomy":"product_tag","embeddable":true,"href":"https:\/\/handsandthecity.cl\/ha\/wp-json\/wp\/v2\/product_tag?post=1299"}],"curies":[{"name":"wp","href":"https:\/\/api.w.org\/{rel}","templated":true}]}}