{"id":1305,"date":"2020-05-08T06:01:26","date_gmt":"2020-05-08T10:01:26","guid":{"rendered":"https:\/\/handsandthecity.cl\/ha\/?post_type=product&#038;p=1305"},"modified":"2020-05-08T06:04:12","modified_gmt":"2020-05-08T10:04:12","slug":"lima-de-pies-de-granito-full-exfoliacion","status":"publish","type":"product","link":"https:\/\/handsandthecity.cl\/ha\/producto\/lima-de-pies-de-granito-full-exfoliacion\/","title":{"rendered":"LIMA DE PIES DE GRANITO FULL EXFOLIACION"},"content":{"rendered":"<div id=\"content\" class=\"site-content\">\n<div id=\"product-7884941190\" class=\"product\">\n<div class=\"row\">\n<div class=\"large-12 large-centered columns description-section\">\n<div class=\"product-tabs\">\n<div id=\"tab-description\" class=\"panel\">\n<p><strong>Como usar:<\/strong><\/p>\n<ol>\n<li>Prepara: remoja los pies en agua tibia para ablandar las callosidades y seca el exceso de agua.<\/li>\n<li>Exfolia: frota suavemente con la superficie gruesa los callos para eliminar la piel \u00e1spera.<\/li>\n<li>Utiliza la superficie fina para suavizar y alizar.<\/li>\n<li>Por ultimo, hidrata tus cut\u00edculas y tus pies.<\/li>\n<li>Desinfecta tu implemento y gu\u00e1rdalo en un lugar seco.<\/li>\n<\/ol>\n<\/div>\n<\/div>\n<\/div>\n<\/div>\n<\/div>\n<\/div>\n<div class=\"single_product_summary_related\">\n<div class=\"row\">\n<div class=\"xlarge-9 xlarge-centered columns\"><\/div>\n<\/div>\n<\/div>\n","protected":false},"excerpt":{"rendered":"<p>SUAVIZA TUS PASOS Y LUCE UNOS PIES SUAVES Y RELUCIENTES<\/p>\n<ul>\n<li>Poder de exfoliaci\u00f3n al doble.<\/li>\n<li>La superficie de grano grueso reduce las callosidades mientras que el grano fino suaviza y aliza.<\/li>\n<li>El mango est\u00e1 dise\u00f1ado para un uso f\u00e1cil y c\u00f3modo.<\/li>\n<\/ul>\n<p>Pies suaves y lizos, indispensable para un r\u00e9gimen de belleza diaria.<\/p>\n<p>&nbsp;<\/p>\n","protected":false},"featured_media":1306,"comment_status":"open","ping_status":"closed","template":"","meta":{"_et_pb_use_builder":"","_et_pb_old_content":"","_et_gb_content_width":""},"product_brand":[],"product_cat":[37,27],"product_tag":[],"class_list":{"0":"post-1305","1":"product","2":"type-product","3":"status-publish","4":"has-post-thumbnail","6":"product_cat-manicure-en-casa","7":"product_cat-manicure","9":"first","10":"instock","11":"sale","12":"shipping-taxable","13":"purchasable","14":"product-type-simple"},"_links":{"self":[{"href":"https:\/\/handsandthecity.cl\/ha\/wp-json\/wp\/v2\/product\/1305","targetHints":{"allow":["GET"]}}],"collection":[{"href":"https:\/\/handsandthecity.cl\/ha\/wp-json\/wp\/v2\/product"}],"about":[{"href":"https:\/\/handsandthecity.cl\/ha\/wp-json\/wp\/v2\/types\/product"}],"replies":[{"embeddable":true,"href":"https:\/\/handsandthecity.cl\/ha\/wp-json\/wp\/v2\/comments?post=1305"}],"wp:featuredmedia":[{"embeddable":true,"href":"https:\/\/handsandthecity.cl\/ha\/wp-json\/wp\/v2\/media\/1306"}],"wp:attachment":[{"href":"https:\/\/handsandthecity.cl\/ha\/wp-json\/wp\/v2\/media?parent=1305"}],"wp:term":[{"taxonomy":"product_brand","embeddable":true,"href":"https:\/\/handsandthecity.cl\/ha\/wp-json\/wp\/v2\/product_brand?post=1305"},{"taxonomy":"product_cat","embeddable":true,"href":"https:\/\/handsandthecity.cl\/ha\/wp-json\/wp\/v2\/product_cat?post=1305"},{"taxonomy":"product_tag","embeddable":true,"href":"https:\/\/handsandthecity.cl\/ha\/wp-json\/wp\/v2\/product_tag?post=1305"}],"curies":[{"name":"wp","href":"https:\/\/api.w.org\/{rel}","templated":true}]}}