{"id":1307,"date":"2020-05-08T06:09:56","date_gmt":"2020-05-08T10:09:56","guid":{"rendered":"https:\/\/handsandthecity.cl\/ha\/?post_type=product&#038;p=1307"},"modified":"2023-07-29T14:07:22","modified_gmt":"2023-07-29T18:07:22","slug":"estuche-para-una-manicura-perfecta-fabulous-fingernails","status":"publish","type":"product","link":"https:\/\/handsandthecity.cl\/ha\/producto\/estuche-para-una-manicura-perfecta-fabulous-fingernails\/","title":{"rendered":"ESTUCHE PARA UNA MANICURA PERFECTA \/ FABULOUS FINGERNAILS"},"content":{"rendered":"","protected":false},"excerpt":{"rendered":"<h3 class=\"product-banner__title margin-top-0 uppercase\">FABULOUS FINGERNAILS<\/h3>\n<div class=\"product-banner__content margin-top-0 small\">\n<div class=\"shades-full shades-small-full\">\n<p>Todas las herramientas necesarias para una manicura con<br \/>\ncalidad de sal\u00f3n en un kit de manicura perfecto y sencillo. Resultados de sal\u00f3n en casa o cuando viajas. Contiene: una lima met\u00e1lica, una lima pulidora de grano fino, un recortador de u\u00f1a, un recortador y empujador de cut\u00edcula y una funda para colocar tus herramientas.<\/p>\n<\/div>\n<\/div>\n","protected":false},"featured_media":1308,"comment_status":"open","ping_status":"closed","template":"","meta":{"_et_pb_use_builder":"","_et_pb_old_content":"","_et_gb_content_width":""},"product_brand":[],"product_cat":[37],"product_tag":[],"class_list":{"0":"post-1307","1":"product","2":"type-product","3":"status-publish","4":"has-post-thumbnail","6":"product_cat-manicure-en-casa","8":"first","9":"outofstock","10":"sale","11":"shipping-taxable","12":"purchasable","13":"product-type-simple"},"_links":{"self":[{"href":"https:\/\/handsandthecity.cl\/ha\/wp-json\/wp\/v2\/product\/1307","targetHints":{"allow":["GET"]}}],"collection":[{"href":"https:\/\/handsandthecity.cl\/ha\/wp-json\/wp\/v2\/product"}],"about":[{"href":"https:\/\/handsandthecity.cl\/ha\/wp-json\/wp\/v2\/types\/product"}],"replies":[{"embeddable":true,"href":"https:\/\/handsandthecity.cl\/ha\/wp-json\/wp\/v2\/comments?post=1307"}],"wp:featuredmedia":[{"embeddable":true,"href":"https:\/\/handsandthecity.cl\/ha\/wp-json\/wp\/v2\/media\/1308"}],"wp:attachment":[{"href":"https:\/\/handsandthecity.cl\/ha\/wp-json\/wp\/v2\/media?parent=1307"}],"wp:term":[{"taxonomy":"product_brand","embeddable":true,"href":"https:\/\/handsandthecity.cl\/ha\/wp-json\/wp\/v2\/product_brand?post=1307"},{"taxonomy":"product_cat","embeddable":true,"href":"https:\/\/handsandthecity.cl\/ha\/wp-json\/wp\/v2\/product_cat?post=1307"},{"taxonomy":"product_tag","embeddable":true,"href":"https:\/\/handsandthecity.cl\/ha\/wp-json\/wp\/v2\/product_tag?post=1307"}],"curies":[{"name":"wp","href":"https:\/\/api.w.org\/{rel}","templated":true}]}}