{"id":1356,"date":"2020-05-11T21:01:19","date_gmt":"2020-05-12T01:01:19","guid":{"rendered":"https:\/\/handsandthecity.cl\/ha\/?post_type=product&#038;p=1356"},"modified":"2020-12-11T11:00:17","modified_gmt":"2020-12-11T15:00:17","slug":"mascarillas-cov-19","status":"publish","type":"product","link":"https:\/\/handsandthecity.cl\/ha\/producto\/mascarillas-cov-19\/","title":{"rendered":"Mascarillas Certificadas BFE 95% 3 LAYER \u00abAZ Medical\u00bb (Caja 50 unidades)"},"content":{"rendered":"","protected":false},"excerpt":{"rendered":"<p>MASCARILLA CERTIFICADA 3 LAYER CERTIFICACI\u00d3N CE, FDA , ISOS BFE 95% (M\u00e1xima Protecci\u00f3n) CALIDAD CERTIFICADA: CDA ISP Triple Protecci\u00f3n 3 Capas ,3 Pliegues. Materiales Multicapa Anti Al\u00e9rgicos. Dise\u00f1o Anat\u00f3mico para tu Rostro. El\u00e1sticos Altos, Anti Tensi\u00f3n.<\/p>\n","protected":false},"featured_media":2216,"comment_status":"open","ping_status":"closed","template":"","meta":{"_et_pb_use_builder":"","_et_pb_old_content":"","_et_gb_content_width":""},"product_brand":[],"product_cat":[38],"product_tag":[],"class_list":{"0":"post-1356","1":"product","2":"type-product","3":"status-publish","4":"has-post-thumbnail","6":"product_cat-covid-19","8":"first","9":"instock","10":"sale","11":"shipping-taxable","12":"purchasable","13":"product-type-simple"},"_links":{"self":[{"href":"https:\/\/handsandthecity.cl\/ha\/wp-json\/wp\/v2\/product\/1356","targetHints":{"allow":["GET"]}}],"collection":[{"href":"https:\/\/handsandthecity.cl\/ha\/wp-json\/wp\/v2\/product"}],"about":[{"href":"https:\/\/handsandthecity.cl\/ha\/wp-json\/wp\/v2\/types\/product"}],"replies":[{"embeddable":true,"href":"https:\/\/handsandthecity.cl\/ha\/wp-json\/wp\/v2\/comments?post=1356"}],"wp:featuredmedia":[{"embeddable":true,"href":"https:\/\/handsandthecity.cl\/ha\/wp-json\/wp\/v2\/media\/2216"}],"wp:attachment":[{"href":"https:\/\/handsandthecity.cl\/ha\/wp-json\/wp\/v2\/media?parent=1356"}],"wp:term":[{"taxonomy":"product_brand","embeddable":true,"href":"https:\/\/handsandthecity.cl\/ha\/wp-json\/wp\/v2\/product_brand?post=1356"},{"taxonomy":"product_cat","embeddable":true,"href":"https:\/\/handsandthecity.cl\/ha\/wp-json\/wp\/v2\/product_cat?post=1356"},{"taxonomy":"product_tag","embeddable":true,"href":"https:\/\/handsandthecity.cl\/ha\/wp-json\/wp\/v2\/product_tag?post=1356"}],"curies":[{"name":"wp","href":"https:\/\/api.w.org\/{rel}","templated":true}]}}