{"id":1417,"date":"2020-05-20T13:14:33","date_gmt":"2020-05-20T17:14:33","guid":{"rendered":"https:\/\/handsandthecity.cl\/ha\/?post_type=product&#038;p=1417"},"modified":"2020-09-03T19:53:14","modified_gmt":"2020-09-03T23:53:14","slug":"pack-manicure-francesa-sally-hansen","status":"publish","type":"product","link":"https:\/\/handsandthecity.cl\/ha\/producto\/pack-manicure-francesa-sally-hansen\/","title":{"rendered":"HARD AS NAILS FRENCH MANICURE KITS"},"content":{"rendered":"<div>\n<header class=\"section__header\">\n<h3 class=\"heading\">HARD AS NAILS FRENCH MANICURE KITS<\/h3>\n<\/header>\n<\/div>\n<p class=\"paragraph hero__text hero-full-block-quarter__text\"><strong>Sally Hansen&#8230;tu asesor de cuidado y color para las u\u00f1as, ha creado Hard As Nails French Manicure espec\u00edficamente para cuidar las u\u00f1as y complementar tu tono de piel con la manicura francesa perfecta.<\/strong><\/p>\n<p class=\"paragraph hero__text hero-full-block-quarter__text\">El kit contiene: 1) Tonos de vanguardia de manicura francesa que no se desconchan ni se decoloran.<\/p>\n<p class=\"paragraph hero__text hero-full-block-quarter__text\">2) Hard As Nails French White para puntas blancas e impecables.<\/p>\n<p class=\"paragraph hero__text hero-full-block-quarter__text\">3) Gu\u00edas para u\u00f1as autoadhesivas para una aplicaci\u00f3n a prueba de errores.<\/p>\n<p class=\"paragraph hero__text hero-full-block-quarter__text\">4) Hard As Nails UV Top Coat para evitar que las u\u00f1as se desconchen, se rompan o se tornen amarillentas. 5) Sencillas instrucciones paso a paso.<\/p>\n","protected":false},"excerpt":{"rendered":"<h3 class=\"heading product-steps__heading text--center\">C\u00d3MO APLICARLO<\/h3>\n<div class=\"product-steps__item\">\n<p class=\"paragraph product-steps__step-paragraph\">Paso 1: APLICA LAS GU\u00cdAS Levanta el extremo de la gu\u00eda y col\u00f3cala transversalmente sobre la u\u00f1a para separar la punta del resto de la u\u00f1a. Deja un sobrante de \u00bc\u201d a cada lado. Presiona el extremo de la gu\u00eda con firmeza sobre el dedo y estira el resto a lo largo de la curva de la u\u00f1a. Presiona con firmeza para fijarla su lugar.<\/p>\n<\/div>\n<div class=\"product-steps__item\">\n<p class=\"paragraph product-steps__step-paragraph\">Paso 2: APLICA EL WHITE TIP Ag\u00edtalo bien. Aplica 1 capa sobre la u\u00f1a por encima de la gu\u00eda. Aplica una pincelada de white tip desde los extremos de las u\u00f1as hacia el centro de la punta de la u\u00f1a. Deja que se seque bien, luego retira la gu\u00eda con cuidado.<\/p>\n<\/div>\n<div class=\"product-steps__item\">\n<p class=\"paragraph product-steps__step-paragraph\">Paso 3: APLICA EL SHEER COLOR Ag\u00edtalo bien. Aplica 1 capa de Sheer Color con el pincel sobre la u\u00f1a completa. Aplica una segunda capa para obtener un aspecto m\u00e1s opaco. Deja secar. Termina con un Top Coat.<\/p>\n<\/div>\n","protected":false},"featured_media":1420,"comment_status":"open","ping_status":"closed","template":"","meta":{"_et_pb_use_builder":"","_et_pb_old_content":"","_et_gb_content_width":""},"product_brand":[],"product_cat":[37],"product_tag":[],"class_list":{"0":"post-1417","1":"product","2":"type-product","3":"status-publish","4":"has-post-thumbnail","6":"product_cat-manicure-en-casa","8":"first","9":"outofstock","10":"shipping-taxable","11":"purchasable","12":"product-type-simple"},"_links":{"self":[{"href":"https:\/\/handsandthecity.cl\/ha\/wp-json\/wp\/v2\/product\/1417","targetHints":{"allow":["GET"]}}],"collection":[{"href":"https:\/\/handsandthecity.cl\/ha\/wp-json\/wp\/v2\/product"}],"about":[{"href":"https:\/\/handsandthecity.cl\/ha\/wp-json\/wp\/v2\/types\/product"}],"replies":[{"embeddable":true,"href":"https:\/\/handsandthecity.cl\/ha\/wp-json\/wp\/v2\/comments?post=1417"}],"wp:featuredmedia":[{"embeddable":true,"href":"https:\/\/handsandthecity.cl\/ha\/wp-json\/wp\/v2\/media\/1420"}],"wp:attachment":[{"href":"https:\/\/handsandthecity.cl\/ha\/wp-json\/wp\/v2\/media?parent=1417"}],"wp:term":[{"taxonomy":"product_brand","embeddable":true,"href":"https:\/\/handsandthecity.cl\/ha\/wp-json\/wp\/v2\/product_brand?post=1417"},{"taxonomy":"product_cat","embeddable":true,"href":"https:\/\/handsandthecity.cl\/ha\/wp-json\/wp\/v2\/product_cat?post=1417"},{"taxonomy":"product_tag","embeddable":true,"href":"https:\/\/handsandthecity.cl\/ha\/wp-json\/wp\/v2\/product_tag?post=1417"}],"curies":[{"name":"wp","href":"https:\/\/api.w.org\/{rel}","templated":true}]}}