{"id":1428,"date":"2020-05-28T07:00:06","date_gmt":"2020-05-28T11:00:06","guid":{"rendered":"https:\/\/handsandthecity.cl\/ha\/?post_type=product&#038;p=1428"},"modified":"2022-04-04T22:59:54","modified_gmt":"2022-04-05T02:59:54","slug":"mascarilla-para-rostro-nocturna-panda-tony-moly","status":"publish","type":"product","link":"https:\/\/handsandthecity.cl\/ha\/producto\/mascarilla-para-rostro-nocturna-panda-tony-moly\/","title":{"rendered":"MASCARILLA PARA ROSTRO NOCTURNA PANDA TONY MOLY."},"content":{"rendered":"","protected":false},"excerpt":{"rendered":"<p>Esta mascarilla para los ojos esta especialmente formulada para borrar signos de cansancio y devolver vitalidad a tu mirada.<\/p>\n<p>Aporta hidrataci\u00f3n y mantiene el nivel de humedad para mantener la piel el\u00e1stica y saludable. Su forma se adapta a la perfecci\u00f3n a la forma del rostro, cubriendo tanto los ojos como la zona de alrededor permitiendo que todos los ingredientes activos se absorban y penetren en la piel.<\/p>\n","protected":false},"featured_media":1430,"comment_status":"open","ping_status":"closed","template":"","meta":{"_et_pb_use_builder":"","_et_pb_old_content":"","_et_gb_content_width":""},"product_brand":[],"product_cat":[44,43,27],"product_tag":[],"class_list":{"0":"post-1428","1":"product","2":"type-product","3":"status-publish","4":"has-post-thumbnail","6":"product_cat-cyber-week","7":"product_cat-cosmetica-koreana","8":"product_cat-manicure","10":"first","11":"outofstock","12":"shipping-taxable","13":"purchasable","14":"product-type-simple"},"_links":{"self":[{"href":"https:\/\/handsandthecity.cl\/ha\/wp-json\/wp\/v2\/product\/1428","targetHints":{"allow":["GET"]}}],"collection":[{"href":"https:\/\/handsandthecity.cl\/ha\/wp-json\/wp\/v2\/product"}],"about":[{"href":"https:\/\/handsandthecity.cl\/ha\/wp-json\/wp\/v2\/types\/product"}],"replies":[{"embeddable":true,"href":"https:\/\/handsandthecity.cl\/ha\/wp-json\/wp\/v2\/comments?post=1428"}],"wp:featuredmedia":[{"embeddable":true,"href":"https:\/\/handsandthecity.cl\/ha\/wp-json\/wp\/v2\/media\/1430"}],"wp:attachment":[{"href":"https:\/\/handsandthecity.cl\/ha\/wp-json\/wp\/v2\/media?parent=1428"}],"wp:term":[{"taxonomy":"product_brand","embeddable":true,"href":"https:\/\/handsandthecity.cl\/ha\/wp-json\/wp\/v2\/product_brand?post=1428"},{"taxonomy":"product_cat","embeddable":true,"href":"https:\/\/handsandthecity.cl\/ha\/wp-json\/wp\/v2\/product_cat?post=1428"},{"taxonomy":"product_tag","embeddable":true,"href":"https:\/\/handsandthecity.cl\/ha\/wp-json\/wp\/v2\/product_tag?post=1428"}],"curies":[{"name":"wp","href":"https:\/\/api.w.org\/{rel}","templated":true}]}}