{"id":1431,"date":"2020-05-28T07:00:14","date_gmt":"2020-05-28T11:00:14","guid":{"rendered":"https:\/\/handsandthecity.cl\/ha\/?post_type=product&#038;p=1431"},"modified":"2026-05-12T18:09:15","modified_gmt":"2026-05-12T22:09:15","slug":"mascara-facial-granada-tony-moly","status":"publish","type":"product","link":"https:\/\/handsandthecity.cl\/ha\/producto\/mascara-facial-granada-tony-moly\/","title":{"rendered":"M\u00e1scara Facial Granada TONY MOLY"},"content":{"rendered":"","protected":false},"excerpt":{"rendered":"<p>Reabastezca su piel con nuestra colecci\u00f3n I&#8217;m Real Sheet Mask! La hoja de pulpa de 3 capas est\u00e1 llena de ingredientes naturales y empapada en diferentes tipos de esencia enriquecida (Tipo de Agua, Tipo de Micro-Emulsi\u00f3n, Tipo de Loci\u00f3n L\u00e1ctea) para proporcionar la hidrataci\u00f3n m\u00e1xima para su piel. \u00a1Transforme la piel apagada y cansada en piel sana e hidratada en tan s\u00f3lo 20 minutos<\/p>\n","protected":false},"featured_media":1432,"comment_status":"open","ping_status":"closed","template":"","meta":{"_et_pb_use_builder":"","_et_pb_old_content":"","_et_gb_content_width":""},"product_brand":[],"product_cat":[43,47],"product_tag":[],"class_list":{"0":"post-1431","1":"product","2":"type-product","3":"status-publish","4":"has-post-thumbnail","6":"product_cat-cosmetica-koreana","7":"product_cat-rostro-y-cuidados-de-la-piel","9":"first","10":"outofstock","11":"shipping-taxable","12":"purchasable","13":"product-type-simple"},"_links":{"self":[{"href":"https:\/\/handsandthecity.cl\/ha\/wp-json\/wp\/v2\/product\/1431","targetHints":{"allow":["GET"]}}],"collection":[{"href":"https:\/\/handsandthecity.cl\/ha\/wp-json\/wp\/v2\/product"}],"about":[{"href":"https:\/\/handsandthecity.cl\/ha\/wp-json\/wp\/v2\/types\/product"}],"replies":[{"embeddable":true,"href":"https:\/\/handsandthecity.cl\/ha\/wp-json\/wp\/v2\/comments?post=1431"}],"wp:featuredmedia":[{"embeddable":true,"href":"https:\/\/handsandthecity.cl\/ha\/wp-json\/wp\/v2\/media\/1432"}],"wp:attachment":[{"href":"https:\/\/handsandthecity.cl\/ha\/wp-json\/wp\/v2\/media?parent=1431"}],"wp:term":[{"taxonomy":"product_brand","embeddable":true,"href":"https:\/\/handsandthecity.cl\/ha\/wp-json\/wp\/v2\/product_brand?post=1431"},{"taxonomy":"product_cat","embeddable":true,"href":"https:\/\/handsandthecity.cl\/ha\/wp-json\/wp\/v2\/product_cat?post=1431"},{"taxonomy":"product_tag","embeddable":true,"href":"https:\/\/handsandthecity.cl\/ha\/wp-json\/wp\/v2\/product_tag?post=1431"}],"curies":[{"name":"wp","href":"https:\/\/api.w.org\/{rel}","templated":true}]}}