{"id":1452,"date":"2020-05-28T07:00:24","date_gmt":"2020-05-28T11:00:24","guid":{"rendered":"https:\/\/handsandthecity.cl\/ha\/?post_type=product&#038;p=1452"},"modified":"2026-05-13T01:18:10","modified_gmt":"2026-05-13T05:18:10","slug":"bodipure-queratina-guantes-premium-mano-mascara-de-bodipure","status":"publish","type":"product","link":"https:\/\/handsandthecity.cl\/ha\/producto\/bodipure-queratina-guantes-premium-mano-mascara-de-bodipure\/","title":{"rendered":"KERATIN GLOVES &#038; SOCKS \/ KERATINA MANOS Y PIES"},"content":{"rendered":"","protected":false},"excerpt":{"rendered":"<p>Una forma revolucionaria de ahorrar tiempo y dinero en manicuras! Formulado con ingredientes activos 100% vegetales derivados de fuentes renovables. Una forma sanitaria y segura para ayudar a prevenir la micosis.<\/p>\n<p>Los guantes de queratina de BODIPURE preparan las u\u00f1as para una manicura, hidratan la piel, suavizan las cut\u00edculas y fortalecen las u\u00f1as. Excelente como humectante y loci\u00f3n de masaje.<\/p>\n","protected":false},"featured_media":1456,"comment_status":"open","ping_status":"closed","template":"","meta":{"_et_pb_use_builder":"","_et_pb_old_content":"","_et_gb_content_width":""},"product_brand":[],"product_cat":[44,43],"product_tag":[],"class_list":{"0":"post-1452","1":"product","2":"type-product","3":"status-publish","4":"has-post-thumbnail","6":"product_cat-cyber-week","7":"product_cat-cosmetica-koreana","9":"first","10":"outofstock","11":"shipping-taxable","12":"purchasable","13":"product-type-simple"},"_links":{"self":[{"href":"https:\/\/handsandthecity.cl\/ha\/wp-json\/wp\/v2\/product\/1452","targetHints":{"allow":["GET"]}}],"collection":[{"href":"https:\/\/handsandthecity.cl\/ha\/wp-json\/wp\/v2\/product"}],"about":[{"href":"https:\/\/handsandthecity.cl\/ha\/wp-json\/wp\/v2\/types\/product"}],"replies":[{"embeddable":true,"href":"https:\/\/handsandthecity.cl\/ha\/wp-json\/wp\/v2\/comments?post=1452"}],"wp:featuredmedia":[{"embeddable":true,"href":"https:\/\/handsandthecity.cl\/ha\/wp-json\/wp\/v2\/media\/1456"}],"wp:attachment":[{"href":"https:\/\/handsandthecity.cl\/ha\/wp-json\/wp\/v2\/media?parent=1452"}],"wp:term":[{"taxonomy":"product_brand","embeddable":true,"href":"https:\/\/handsandthecity.cl\/ha\/wp-json\/wp\/v2\/product_brand?post=1452"},{"taxonomy":"product_cat","embeddable":true,"href":"https:\/\/handsandthecity.cl\/ha\/wp-json\/wp\/v2\/product_cat?post=1452"},{"taxonomy":"product_tag","embeddable":true,"href":"https:\/\/handsandthecity.cl\/ha\/wp-json\/wp\/v2\/product_tag?post=1452"}],"curies":[{"name":"wp","href":"https:\/\/api.w.org\/{rel}","templated":true}]}}