{"id":1469,"date":"2020-05-28T06:00:12","date_gmt":"2020-05-28T10:00:12","guid":{"rendered":"https:\/\/handsandthecity.cl\/ha\/?post_type=product&#038;p=1469"},"modified":"2023-07-29T14:25:14","modified_gmt":"2023-07-29T18:25:14","slug":"tony-moly-mascarilla-facial-hidratante-master-lab","status":"publish","type":"product","link":"https:\/\/handsandthecity.cl\/ha\/producto\/tony-moly-mascarilla-facial-hidratante-master-lab\/","title":{"rendered":"Tony Moly &#8211; Mascarilla Facial Hidratante &#8211; Master Lab"},"content":{"rendered":"<ul>\n<li>Mascarilla anat\u00f3mica de algod\u00f3n.<\/li>\n<li>Nutre e hidrata la piel en profundidad.<\/li>\n<li>Apta para todo tipo de pieles.<\/li>\n<li>Adecuada para uso diario.<\/li>\n<\/ul>\n","protected":false},"excerpt":{"rendered":"<h4 dir=\"ltr\" data-placeholder=\"Traducci\u00f3n\"><\/h4>\n<h4 dir=\"ltr\" data-placeholder=\"Traducci\u00f3n\"><\/h4>\n<h4 dir=\"ltr\" data-placeholder=\"Traducci\u00f3n\"><\/h4>\n<h4 dir=\"ltr\" data-placeholder=\"Traducci\u00f3n\"><\/h4>\n<h4 id=\"tw-target-text\" class=\"tw-data-text tw-text-large XcVN5d tw-ta\" dir=\"ltr\" data-placeholder=\"Traducci\u00f3n\"><span lang=\"es\">Cuidado Intensivo de Arrugas \u00a1Nuestra colecci\u00f3n Master Lab Sheet Mask presenta una m\u00e1scara de l\u00e1mina hidratante ultra delgada hecha de celulosa natural para una absorci\u00f3n uniforme y constante de los ingredientes activos! <\/span><\/h4>\n<h4 class=\"tw-data-text tw-text-large XcVN5d tw-ta\" dir=\"ltr\" data-placeholder=\"Traducci\u00f3n\"><span lang=\"es\">Cada m\u00e1scara presenta una f\u00f3rmula personalizada que se dirige a problemas espec\u00edficos de la piel: \u00e1cido hialur\u00f3nico, vitamina C &#8211; f\u00f3rmula del tipo de agua hidratante Snacin Mucin &#8211; f\u00f3rmula del tipo de esencia nutritiva Ceramida &#8211; f\u00f3rmula del tipo de suero hidratante, caviar \u00bfQu\u00e9 lo hace bueno?<\/span>A diferencia de las m\u00e1scaras de s\u00e1banas convencionales hechas de algod\u00f3n, la tecnolog\u00eda de &#8216;sello desnudo&#8217; utilizada en esta colecci\u00f3n presenta un material ultradelgado que se adapta a la piel y se adhiere c\u00f3modamente a todos los contornos faciales para la entrega efectiva del suero concentrado.<\/h4>\n<h4 class=\"tw-data-text tw-text-large XcVN5d tw-ta\" dir=\"ltr\" data-placeholder=\"Traducci\u00f3n\"><span lang=\"es\">\u00bfC\u00f3mo utilizar? Aplique la m\u00e1scara sobre la cara limpia y seca con toalla. Mantenga la m\u00e1scara en la cara durante 20-30 minutos. Retire la m\u00e1scara y aplique suavemente el exceso de suero en la cara y el cuello hasta su total absorci\u00f3n.<\/span><\/h4>\n","protected":false},"featured_media":1522,"comment_status":"open","ping_status":"closed","template":"","meta":{"_et_pb_use_builder":"","_et_pb_old_content":"","_et_gb_content_width":""},"product_brand":[],"product_cat":[44,43],"product_tag":[],"class_list":{"0":"post-1469","1":"product","2":"type-product","3":"status-publish","4":"has-post-thumbnail","6":"product_cat-cyber-week","7":"product_cat-cosmetica-koreana","9":"first","10":"outofstock","11":"shipping-taxable","12":"purchasable","13":"product-type-simple"},"_links":{"self":[{"href":"https:\/\/handsandthecity.cl\/ha\/wp-json\/wp\/v2\/product\/1469","targetHints":{"allow":["GET"]}}],"collection":[{"href":"https:\/\/handsandthecity.cl\/ha\/wp-json\/wp\/v2\/product"}],"about":[{"href":"https:\/\/handsandthecity.cl\/ha\/wp-json\/wp\/v2\/types\/product"}],"replies":[{"embeddable":true,"href":"https:\/\/handsandthecity.cl\/ha\/wp-json\/wp\/v2\/comments?post=1469"}],"wp:featuredmedia":[{"embeddable":true,"href":"https:\/\/handsandthecity.cl\/ha\/wp-json\/wp\/v2\/media\/1522"}],"wp:attachment":[{"href":"https:\/\/handsandthecity.cl\/ha\/wp-json\/wp\/v2\/media?parent=1469"}],"wp:term":[{"taxonomy":"product_brand","embeddable":true,"href":"https:\/\/handsandthecity.cl\/ha\/wp-json\/wp\/v2\/product_brand?post=1469"},{"taxonomy":"product_cat","embeddable":true,"href":"https:\/\/handsandthecity.cl\/ha\/wp-json\/wp\/v2\/product_cat?post=1469"},{"taxonomy":"product_tag","embeddable":true,"href":"https:\/\/handsandthecity.cl\/ha\/wp-json\/wp\/v2\/product_tag?post=1469"}],"curies":[{"name":"wp","href":"https:\/\/api.w.org\/{rel}","templated":true}]}}