{"id":1523,"date":"2020-05-27T18:16:10","date_gmt":"2020-05-27T22:16:10","guid":{"rendered":"https:\/\/handsandthecity.cl\/ha\/?post_type=product&#038;p=1523"},"modified":"2022-04-05T09:16:19","modified_gmt":"2022-04-05T13:16:19","slug":"mask-sheet-power-10-formula-wr","status":"publish","type":"product","link":"https:\/\/handsandthecity.cl\/ha\/producto\/mask-sheet-power-10-formula-wr\/","title":{"rendered":"MASK SHEET POWER 10 FORMULA WR"},"content":{"rendered":"","protected":false},"excerpt":{"rendered":"<h3 id=\"tw-target-text\" class=\"tw-data-text tw-text-large XcVN5d tw-ta\" dir=\"ltr\" data-placeholder=\"Traducci\u00f3n\"><span lang=\"es\">Tipo de m\u00e1scara Algod\u00f3n Funci\u00f3n de la piel AntiagingFirming C\u00f3mo utilizar <\/span><\/h3>\n<h3 class=\"tw-data-text tw-text-large XcVN5d tw-ta\" dir=\"ltr\" data-placeholder=\"Traducci\u00f3n\"><span lang=\"es\">1. Despu\u00e9s de la limpieza, coloque la m\u00e1scara en su cara con fuerza. 2. Aproximadamente 15 ~ 20 minutos despu\u00e9s, qu\u00edtese la m\u00e1scara 3. Apl\u00edcate la cara suave y ligeramente. <\/span><\/h3>\n<h3 class=\"tw-data-text tw-text-large XcVN5d tw-ta\" dir=\"ltr\" data-placeholder=\"Traducci\u00f3n\"><span lang=\"es\">Nota especial: Teniendo en cuenta el plazo de renovaci\u00f3n de la piel de 4 semanas, es m\u00e1s efectivo usar consecutivamente 2-3 veces a la semana durante 4 semanas (un programa concentrado de gesti\u00f3n de la piel de un mes).<\/span><\/h3>\n","protected":false},"featured_media":1526,"comment_status":"open","ping_status":"closed","template":"","meta":{"_et_pb_use_builder":"","_et_pb_old_content":"","_et_gb_content_width":""},"product_brand":[],"product_cat":[44,43],"product_tag":[],"class_list":{"0":"post-1523","1":"product","2":"type-product","3":"status-publish","4":"has-post-thumbnail","6":"product_cat-cyber-week","7":"product_cat-cosmetica-koreana","9":"first","10":"outofstock","11":"shipping-taxable","12":"purchasable","13":"product-type-simple"},"_links":{"self":[{"href":"https:\/\/handsandthecity.cl\/ha\/wp-json\/wp\/v2\/product\/1523","targetHints":{"allow":["GET"]}}],"collection":[{"href":"https:\/\/handsandthecity.cl\/ha\/wp-json\/wp\/v2\/product"}],"about":[{"href":"https:\/\/handsandthecity.cl\/ha\/wp-json\/wp\/v2\/types\/product"}],"replies":[{"embeddable":true,"href":"https:\/\/handsandthecity.cl\/ha\/wp-json\/wp\/v2\/comments?post=1523"}],"wp:featuredmedia":[{"embeddable":true,"href":"https:\/\/handsandthecity.cl\/ha\/wp-json\/wp\/v2\/media\/1526"}],"wp:attachment":[{"href":"https:\/\/handsandthecity.cl\/ha\/wp-json\/wp\/v2\/media?parent=1523"}],"wp:term":[{"taxonomy":"product_brand","embeddable":true,"href":"https:\/\/handsandthecity.cl\/ha\/wp-json\/wp\/v2\/product_brand?post=1523"},{"taxonomy":"product_cat","embeddable":true,"href":"https:\/\/handsandthecity.cl\/ha\/wp-json\/wp\/v2\/product_cat?post=1523"},{"taxonomy":"product_tag","embeddable":true,"href":"https:\/\/handsandthecity.cl\/ha\/wp-json\/wp\/v2\/product_tag?post=1523"}],"curies":[{"name":"wp","href":"https:\/\/api.w.org\/{rel}","templated":true}]}}