{"id":1677,"date":"2020-05-28T10:22:15","date_gmt":"2020-05-28T14:22:15","guid":{"rendered":"https:\/\/handsandthecity.cl\/ha\/?post_type=product&#038;p=1677"},"modified":"2020-09-07T19:57:05","modified_gmt":"2020-09-07T23:57:05","slug":"kleancolor","status":"publish","type":"product","link":"https:\/\/handsandthecity.cl\/ha\/producto\/kleancolor\/","title":{"rendered":"Kleancolor"},"content":{"rendered":"","protected":false},"excerpt":{"rendered":"<p>BeDEWzzled es un Serum primer que se puede usar solo para hidratar la piel, agregar humedad y luminosidad instant\u00e1nea, o para preparar una base lisa, hidratada y humectada para tu maquillaje.<br \/>\nContiene copos de oro, extracto real de miel y \u00e1cido Hialur\u00f3nico que en conjunto alisan y suavizan l\u00edneas de expresi\u00f3n, absorbi\u00e9ndose al instante dejando tu piel brillante y radiante..<\/p>\n","protected":false},"featured_media":1678,"comment_status":"open","ping_status":"closed","template":"","meta":{"_et_pb_use_builder":"","_et_pb_old_content":"","_et_gb_content_width":""},"product_brand":[],"product_cat":[44,43],"product_tag":[],"class_list":{"0":"post-1677","1":"product","2":"type-product","3":"status-publish","4":"has-post-thumbnail","6":"product_cat-cyber-week","7":"product_cat-cosmetica-koreana","9":"first","10":"outofstock","11":"shipping-taxable","12":"purchasable","13":"product-type-simple"},"_links":{"self":[{"href":"https:\/\/handsandthecity.cl\/ha\/wp-json\/wp\/v2\/product\/1677","targetHints":{"allow":["GET"]}}],"collection":[{"href":"https:\/\/handsandthecity.cl\/ha\/wp-json\/wp\/v2\/product"}],"about":[{"href":"https:\/\/handsandthecity.cl\/ha\/wp-json\/wp\/v2\/types\/product"}],"replies":[{"embeddable":true,"href":"https:\/\/handsandthecity.cl\/ha\/wp-json\/wp\/v2\/comments?post=1677"}],"wp:featuredmedia":[{"embeddable":true,"href":"https:\/\/handsandthecity.cl\/ha\/wp-json\/wp\/v2\/media\/1678"}],"wp:attachment":[{"href":"https:\/\/handsandthecity.cl\/ha\/wp-json\/wp\/v2\/media?parent=1677"}],"wp:term":[{"taxonomy":"product_brand","embeddable":true,"href":"https:\/\/handsandthecity.cl\/ha\/wp-json\/wp\/v2\/product_brand?post=1677"},{"taxonomy":"product_cat","embeddable":true,"href":"https:\/\/handsandthecity.cl\/ha\/wp-json\/wp\/v2\/product_cat?post=1677"},{"taxonomy":"product_tag","embeddable":true,"href":"https:\/\/handsandthecity.cl\/ha\/wp-json\/wp\/v2\/product_tag?post=1677"}],"curies":[{"name":"wp","href":"https:\/\/api.w.org\/{rel}","templated":true}]}}