{"id":1951,"date":"2020-09-10T17:07:30","date_gmt":"2020-09-10T21:07:30","guid":{"rendered":"https:\/\/handsandthecity.cl\/ha\/?post_type=product&#038;p=1951"},"modified":"2021-01-21T16:16:57","modified_gmt":"2021-01-21T20:16:57","slug":"opi-semi-permanente-dutch-tulips-isl-l60","status":"publish","type":"product","link":"https:\/\/handsandthecity.cl\/ha\/producto\/opi-semi-permanente-dutch-tulips-isl-l60\/","title":{"rendered":"OPI Semi Permanente. DUTCH TULIPS. ISL L60."},"content":{"rendered":"","protected":false},"excerpt":{"rendered":"<p>Esmalte que corresponde al segundo de tres pasos del sistema de esmaltado semi permanente de OPI: Infinite Shine.<\/p>\n<p>Duraci\u00f3n de 7 a 10 d\u00edas, brillo intenso, no requiere l\u00e1mpara y se remueve con tu quitaesmalte normal.<\/p>\n<p>Sistema de esmaltado de 3 pasos.<\/p>\n<hr \/>\n<p><b>Uso Sugerido<\/b><\/p>\n<p>Primero aplicar 1 capa de Infinite Shine Base Coat y dejar secar.<\/p>\n<p>Luego aplicar uno o dos capas del color escogido.<\/p>\n<p>Finalmente esperar 2 minutos y aplicar el Infinite Shine Top Coat para darle un brillo intenso y \u00fanico.<\/p>\n","protected":false},"featured_media":2074,"comment_status":"open","ping_status":"closed","template":"","meta":{"_et_pb_use_builder":"","_et_pb_old_content":"","_et_gb_content_width":""},"product_brand":[],"product_cat":[37,27],"product_tag":[],"class_list":{"0":"post-1951","1":"product","2":"type-product","3":"status-publish","4":"has-post-thumbnail","6":"product_cat-manicure-en-casa","7":"product_cat-manicure","9":"first","10":"instock","11":"shipping-taxable","12":"purchasable","13":"product-type-simple"},"_links":{"self":[{"href":"https:\/\/handsandthecity.cl\/ha\/wp-json\/wp\/v2\/product\/1951","targetHints":{"allow":["GET"]}}],"collection":[{"href":"https:\/\/handsandthecity.cl\/ha\/wp-json\/wp\/v2\/product"}],"about":[{"href":"https:\/\/handsandthecity.cl\/ha\/wp-json\/wp\/v2\/types\/product"}],"replies":[{"embeddable":true,"href":"https:\/\/handsandthecity.cl\/ha\/wp-json\/wp\/v2\/comments?post=1951"}],"wp:featuredmedia":[{"embeddable":true,"href":"https:\/\/handsandthecity.cl\/ha\/wp-json\/wp\/v2\/media\/2074"}],"wp:attachment":[{"href":"https:\/\/handsandthecity.cl\/ha\/wp-json\/wp\/v2\/media?parent=1951"}],"wp:term":[{"taxonomy":"product_brand","embeddable":true,"href":"https:\/\/handsandthecity.cl\/ha\/wp-json\/wp\/v2\/product_brand?post=1951"},{"taxonomy":"product_cat","embeddable":true,"href":"https:\/\/handsandthecity.cl\/ha\/wp-json\/wp\/v2\/product_cat?post=1951"},{"taxonomy":"product_tag","embeddable":true,"href":"https:\/\/handsandthecity.cl\/ha\/wp-json\/wp\/v2\/product_tag?post=1951"}],"curies":[{"name":"wp","href":"https:\/\/api.w.org\/{rel}","templated":true}]}}