{"id":1996,"date":"2020-09-23T14:00:27","date_gmt":"2020-09-23T18:00:27","guid":{"rendered":"https:\/\/handsandthecity.cl\/ha\/?post_type=product&#038;p=1996"},"modified":"2022-04-17T15:49:23","modified_gmt":"2022-04-17T19:49:23","slug":"base-de-maquillaje-physicians-formula-the-healthy-powder-spf16-dn3","status":"publish","type":"product","link":"https:\/\/handsandthecity.cl\/ha\/producto\/base-de-maquillaje-physicians-formula-the-healthy-powder-spf16-dn3\/","title":{"rendered":"Polvos Compactos PHYSICIANS FORMULA. The Healthy Powder. SPF16. DN3."},"content":{"rendered":"","protected":false},"excerpt":{"rendered":"<pre id=\"tw-target-text\" class=\"tw-data-text tw-text-large XcVN5d tw-ta\" dir=\"ltr\" data-placeholder=\"Traducci\u00f3n\"><span lang=\"es\">POLVO PRENSADO CON SPF: Nuestra base en polvo de larga duraci\u00f3n, edificable y transpirable proporciona una cobertura ligera, de media a completa con un acabado satinado saludable. Compatible con todo tipo de pieles.\r\nHIDRATAR, ILUMINAR Y MEJORAR: Infundido con \u00e1cido hialur\u00f3nico, mezcla de antioxidantes de vitaminas A, C y E y protector SPF 16. Aplicar con un kabuki o una brocha para polvos sobre la piel desnuda o sobre la base y el corrector.\r\nMEJOR CARA ADELANTE: Con imprimadores, resaltadores, bronceadores y polvos minerales, tenemos una l\u00ednea completa de maquillaje para ayudarlo a construir una base para cualquier look, todo formulado sin irritantes ni aditivos agresivos.\r\nCUIDADO DE LA PIEL SENSIBLE: Physician's Formula ofrece una l\u00ednea completa de cuidado y maquillaje de la piel para pieles sensibles, que incluye m\u00e1scaras, l\u00e1pices labiales, correctores, delineadores de ojos, paletas de sombras de ojos, cremas bb, bronceadores y prebase.\r\nBELLEZA SALUDABLE: Todos nuestros productos de maquillaje y cuidado de la piel son hipoalerg\u00e9nicos, seguros para la piel y los ojos sensibles, y est\u00e1n formulados sin ninguno de los m\u00e1s de 150 ingredientes agresivos conocidos que se encuentran en otros art\u00edculos de cuidado personal.<\/span><\/pre>\n","protected":false},"featured_media":1997,"comment_status":"open","ping_status":"closed","template":"","meta":{"_et_pb_use_builder":"","_et_pb_old_content":"","_et_gb_content_width":""},"product_brand":[],"product_cat":[46],"product_tag":[],"class_list":{"0":"post-1996","1":"product","2":"type-product","3":"status-publish","4":"has-post-thumbnail","6":"product_cat-maquillaje","8":"first","9":"instock","10":"sale","11":"shipping-taxable","12":"purchasable","13":"product-type-simple"},"_links":{"self":[{"href":"https:\/\/handsandthecity.cl\/ha\/wp-json\/wp\/v2\/product\/1996","targetHints":{"allow":["GET"]}}],"collection":[{"href":"https:\/\/handsandthecity.cl\/ha\/wp-json\/wp\/v2\/product"}],"about":[{"href":"https:\/\/handsandthecity.cl\/ha\/wp-json\/wp\/v2\/types\/product"}],"replies":[{"embeddable":true,"href":"https:\/\/handsandthecity.cl\/ha\/wp-json\/wp\/v2\/comments?post=1996"}],"wp:featuredmedia":[{"embeddable":true,"href":"https:\/\/handsandthecity.cl\/ha\/wp-json\/wp\/v2\/media\/1997"}],"wp:attachment":[{"href":"https:\/\/handsandthecity.cl\/ha\/wp-json\/wp\/v2\/media?parent=1996"}],"wp:term":[{"taxonomy":"product_brand","embeddable":true,"href":"https:\/\/handsandthecity.cl\/ha\/wp-json\/wp\/v2\/product_brand?post=1996"},{"taxonomy":"product_cat","embeddable":true,"href":"https:\/\/handsandthecity.cl\/ha\/wp-json\/wp\/v2\/product_cat?post=1996"},{"taxonomy":"product_tag","embeddable":true,"href":"https:\/\/handsandthecity.cl\/ha\/wp-json\/wp\/v2\/product_tag?post=1996"}],"curies":[{"name":"wp","href":"https:\/\/api.w.org\/{rel}","templated":true}]}}