{"id":2024,"date":"2020-09-24T13:55:10","date_gmt":"2020-09-24T17:55:10","guid":{"rendered":"https:\/\/handsandthecity.cl\/ha\/?post_type=product&#038;p=2024"},"modified":"2021-06-03T20:01:51","modified_gmt":"2021-06-04T00:01:51","slug":"wetn-wild-mega-cushion-foundation-base-de-maquillaje-spf-15-122b-tawny","status":"publish","type":"product","link":"https:\/\/handsandthecity.cl\/ha\/producto\/wetn-wild-mega-cushion-foundation-base-de-maquillaje-spf-15-122b-tawny\/","title":{"rendered":"Wet&#8217;n Wild Mega Cushion Foundation Base de Maquillaje SPF 15. 122B. TAWNY."},"content":{"rendered":"","protected":false},"excerpt":{"rendered":"<p>Es un partido hecho en el para\u00edso del maquillaje: base l\u00edquida en un coj\u00edn compacto. Toque el coj\u00edn para agregar la cantidad correcta de cobertura o toque dos veces para agregar m\u00e1s. Tambi\u00e9n es perfectamente port\u00e1til, con un compacto herm\u00e9tico, sin desorden, que hace que aplicar la base l\u00edquida sea muy f\u00e1cil. Infundido con derivados de coco, la f\u00f3rmula luminosa, liviana y edificable ayuda a aumentar la hidrataci\u00f3n y contiene SPF 15 para una mayor protecci\u00f3n de la piel.<\/p>\n","protected":false},"featured_media":2025,"comment_status":"open","ping_status":"closed","template":"","meta":{"_et_pb_use_builder":"","_et_pb_old_content":"","_et_gb_content_width":""},"product_brand":[],"product_cat":[46],"product_tag":[],"class_list":{"0":"post-2024","1":"product","2":"type-product","3":"status-publish","4":"has-post-thumbnail","6":"product_cat-maquillaje","8":"first","9":"instock","10":"shipping-taxable","11":"purchasable","12":"product-type-simple"},"_links":{"self":[{"href":"https:\/\/handsandthecity.cl\/ha\/wp-json\/wp\/v2\/product\/2024","targetHints":{"allow":["GET"]}}],"collection":[{"href":"https:\/\/handsandthecity.cl\/ha\/wp-json\/wp\/v2\/product"}],"about":[{"href":"https:\/\/handsandthecity.cl\/ha\/wp-json\/wp\/v2\/types\/product"}],"replies":[{"embeddable":true,"href":"https:\/\/handsandthecity.cl\/ha\/wp-json\/wp\/v2\/comments?post=2024"}],"wp:featuredmedia":[{"embeddable":true,"href":"https:\/\/handsandthecity.cl\/ha\/wp-json\/wp\/v2\/media\/2025"}],"wp:attachment":[{"href":"https:\/\/handsandthecity.cl\/ha\/wp-json\/wp\/v2\/media?parent=2024"}],"wp:term":[{"taxonomy":"product_brand","embeddable":true,"href":"https:\/\/handsandthecity.cl\/ha\/wp-json\/wp\/v2\/product_brand?post=2024"},{"taxonomy":"product_cat","embeddable":true,"href":"https:\/\/handsandthecity.cl\/ha\/wp-json\/wp\/v2\/product_cat?post=2024"},{"taxonomy":"product_tag","embeddable":true,"href":"https:\/\/handsandthecity.cl\/ha\/wp-json\/wp\/v2\/product_tag?post=2024"}],"curies":[{"name":"wp","href":"https:\/\/api.w.org\/{rel}","templated":true}]}}