{"id":2029,"date":"2020-09-24T14:19:27","date_gmt":"2020-09-24T18:19:27","guid":{"rendered":"https:\/\/handsandthecity.cl\/ha\/?post_type=product&#038;p=2029"},"modified":"2020-09-24T14:19:27","modified_gmt":"2020-09-24T18:19:27","slug":"flower-secret-mascara-de-tratamiento-para-manos","status":"publish","type":"product","link":"https:\/\/handsandthecity.cl\/ha\/producto\/flower-secret-mascara-de-tratamiento-para-manos\/","title":{"rendered":"Flower Secret. M\u00e1scara de tratamiento para manos."},"content":{"rendered":"","protected":false},"excerpt":{"rendered":"<p>Este es un tratamiento para manos maltratadas. Nutre intensivamente las manos, dej\u00e1ndolas m\u00e1s tersas y suaves. Una manera sencilla y natural para que tus manos est\u00e9n siempre suaves e hidratadas. Si sufres de\u00a0<b>resequedad\u00a0<\/b>en tus manos, la m\u00e1scara de tratamiento para manos es lo que necesitas para devolver la suavidad que le aportan bienestar a tus manos para que est\u00e9n siempre suaves y luzcan siempre j\u00f3venes.<\/p>\n","protected":false},"featured_media":2030,"comment_status":"open","ping_status":"closed","template":"","meta":{"_et_pb_use_builder":"","_et_pb_old_content":"","_et_gb_content_width":""},"product_brand":[],"product_cat":[37],"product_tag":[],"class_list":{"0":"post-2029","1":"product","2":"type-product","3":"status-publish","4":"has-post-thumbnail","6":"product_cat-manicure-en-casa","8":"first","9":"instock","10":"shipping-taxable","11":"purchasable","12":"product-type-simple"},"_links":{"self":[{"href":"https:\/\/handsandthecity.cl\/ha\/wp-json\/wp\/v2\/product\/2029","targetHints":{"allow":["GET"]}}],"collection":[{"href":"https:\/\/handsandthecity.cl\/ha\/wp-json\/wp\/v2\/product"}],"about":[{"href":"https:\/\/handsandthecity.cl\/ha\/wp-json\/wp\/v2\/types\/product"}],"replies":[{"embeddable":true,"href":"https:\/\/handsandthecity.cl\/ha\/wp-json\/wp\/v2\/comments?post=2029"}],"wp:featuredmedia":[{"embeddable":true,"href":"https:\/\/handsandthecity.cl\/ha\/wp-json\/wp\/v2\/media\/2030"}],"wp:attachment":[{"href":"https:\/\/handsandthecity.cl\/ha\/wp-json\/wp\/v2\/media?parent=2029"}],"wp:term":[{"taxonomy":"product_brand","embeddable":true,"href":"https:\/\/handsandthecity.cl\/ha\/wp-json\/wp\/v2\/product_brand?post=2029"},{"taxonomy":"product_cat","embeddable":true,"href":"https:\/\/handsandthecity.cl\/ha\/wp-json\/wp\/v2\/product_cat?post=2029"},{"taxonomy":"product_tag","embeddable":true,"href":"https:\/\/handsandthecity.cl\/ha\/wp-json\/wp\/v2\/product_tag?post=2029"}],"curies":[{"name":"wp","href":"https:\/\/api.w.org\/{rel}","templated":true}]}}