{"id":2034,"date":"2020-09-29T12:17:41","date_gmt":"2020-09-29T16:17:41","guid":{"rendered":"https:\/\/handsandthecity.cl\/ha\/?post_type=product&#038;p=2034"},"modified":"2024-01-06T10:05:25","modified_gmt":"2024-01-06T14:05:25","slug":"glam-factor-you-go-girl-paleta-de-sombras-de-ojos","status":"publish","type":"product","link":"https:\/\/handsandthecity.cl\/ha\/producto\/glam-factor-you-go-girl-paleta-de-sombras-de-ojos\/","title":{"rendered":"Glam Factor YOU GO GIRL! Paleta de sombras de ojos."},"content":{"rendered":"","protected":false},"excerpt":{"rendered":"<p>Paleta de 18 sombras de ojos.<\/p>\n<p>La representaci\u00f3n perfecta de una femenidad divertida y colorida que se atreve a expresarse abiertamente.<\/p>\n<hr \/>\n<p><b>Uso Sugerido<\/b><\/p>\n<p>Elige el tono que m\u00e1s te guste, y con la brocha para sombras de ojos apl\u00edca la sombra sobre el p\u00e1rpado m\u00f3vil.<\/p>\n<p>Difumina ligeramente con suaves movimientos circulares hasta conseguir un degradado homog\u00e9neo.<\/p>\n<p>Imprescindible para resaltar tus diferentes looks de maquillaje.<\/p>\n","protected":false},"featured_media":2035,"comment_status":"open","ping_status":"closed","template":"","meta":{"_et_pb_use_builder":"","_et_pb_old_content":"","_et_gb_content_width":""},"product_brand":[],"product_cat":[46],"product_tag":[],"class_list":{"0":"post-2034","1":"product","2":"type-product","3":"status-publish","4":"has-post-thumbnail","6":"product_cat-maquillaje","8":"first","9":"instock","10":"sold-individually","11":"shipping-taxable","12":"purchasable","13":"product-type-simple"},"_links":{"self":[{"href":"https:\/\/handsandthecity.cl\/ha\/wp-json\/wp\/v2\/product\/2034","targetHints":{"allow":["GET"]}}],"collection":[{"href":"https:\/\/handsandthecity.cl\/ha\/wp-json\/wp\/v2\/product"}],"about":[{"href":"https:\/\/handsandthecity.cl\/ha\/wp-json\/wp\/v2\/types\/product"}],"replies":[{"embeddable":true,"href":"https:\/\/handsandthecity.cl\/ha\/wp-json\/wp\/v2\/comments?post=2034"}],"wp:featuredmedia":[{"embeddable":true,"href":"https:\/\/handsandthecity.cl\/ha\/wp-json\/wp\/v2\/media\/2035"}],"wp:attachment":[{"href":"https:\/\/handsandthecity.cl\/ha\/wp-json\/wp\/v2\/media?parent=2034"}],"wp:term":[{"taxonomy":"product_brand","embeddable":true,"href":"https:\/\/handsandthecity.cl\/ha\/wp-json\/wp\/v2\/product_brand?post=2034"},{"taxonomy":"product_cat","embeddable":true,"href":"https:\/\/handsandthecity.cl\/ha\/wp-json\/wp\/v2\/product_cat?post=2034"},{"taxonomy":"product_tag","embeddable":true,"href":"https:\/\/handsandthecity.cl\/ha\/wp-json\/wp\/v2\/product_tag?post=2034"}],"curies":[{"name":"wp","href":"https:\/\/api.w.org\/{rel}","templated":true}]}}