{"id":2051,"date":"2020-09-29T17:48:03","date_gmt":"2020-09-29T21:48:03","guid":{"rendered":"https:\/\/handsandthecity.cl\/ha\/?post_type=product&#038;p=2051"},"modified":"2021-05-29T14:41:10","modified_gmt":"2021-05-29T18:41:10","slug":"esponja-de-precision-aplicacion-base-y-correctores-de-maquillaje","status":"publish","type":"product","link":"https:\/\/handsandthecity.cl\/ha\/producto\/esponja-de-precision-aplicacion-base-y-correctores-de-maquillaje\/","title":{"rendered":"Esponja de precisi\u00f3n aplicaci\u00f3n base y correctores de maquillaje."},"content":{"rendered":"","protected":false},"excerpt":{"rendered":"<p>Aplica y difumina tu maquillaje f\u00e1cil y r\u00e1pido con la esponja de precisi\u00f3n Studio 64. Especialmente dise\u00f1ada para llegar a las zonas mas dif\u00edciles de tu rostro. Uso Sugerido Humedece la esponja con agua y quita el exceso. Aplica tu maquillaje directamente sobre tu rostro y difum\u00ednalo con la esponja dando peque\u00f1os y suaves golpecitos. Con la ayuda de la punta de la esponja aplica tu maquillaje en las zonas mas dif\u00edciles de alcanzar como el contorno de los ojos o los bordes de la nariz.<\/p>\n","protected":false},"featured_media":2052,"comment_status":"open","ping_status":"closed","template":"","meta":{"_et_pb_use_builder":"","_et_pb_old_content":"","_et_gb_content_width":""},"product_brand":[],"product_cat":[46],"product_tag":[],"class_list":{"0":"post-2051","1":"product","2":"type-product","3":"status-publish","4":"has-post-thumbnail","6":"product_cat-maquillaje","8":"first","9":"outofstock","10":"shipping-taxable","11":"purchasable","12":"product-type-simple"},"_links":{"self":[{"href":"https:\/\/handsandthecity.cl\/ha\/wp-json\/wp\/v2\/product\/2051","targetHints":{"allow":["GET"]}}],"collection":[{"href":"https:\/\/handsandthecity.cl\/ha\/wp-json\/wp\/v2\/product"}],"about":[{"href":"https:\/\/handsandthecity.cl\/ha\/wp-json\/wp\/v2\/types\/product"}],"replies":[{"embeddable":true,"href":"https:\/\/handsandthecity.cl\/ha\/wp-json\/wp\/v2\/comments?post=2051"}],"wp:featuredmedia":[{"embeddable":true,"href":"https:\/\/handsandthecity.cl\/ha\/wp-json\/wp\/v2\/media\/2052"}],"wp:attachment":[{"href":"https:\/\/handsandthecity.cl\/ha\/wp-json\/wp\/v2\/media?parent=2051"}],"wp:term":[{"taxonomy":"product_brand","embeddable":true,"href":"https:\/\/handsandthecity.cl\/ha\/wp-json\/wp\/v2\/product_brand?post=2051"},{"taxonomy":"product_cat","embeddable":true,"href":"https:\/\/handsandthecity.cl\/ha\/wp-json\/wp\/v2\/product_cat?post=2051"},{"taxonomy":"product_tag","embeddable":true,"href":"https:\/\/handsandthecity.cl\/ha\/wp-json\/wp\/v2\/product_tag?post=2051"}],"curies":[{"name":"wp","href":"https:\/\/api.w.org\/{rel}","templated":true}]}}