{"id":2115,"date":"2020-10-01T00:27:23","date_gmt":"2020-10-01T04:27:23","guid":{"rendered":"https:\/\/handsandthecity.cl\/ha\/?post_type=product&#038;p=2115"},"modified":"2022-04-04T22:48:42","modified_gmt":"2022-04-05T02:48:42","slug":"quitaesmalte-sin-acetona-studio-64-50-ml","status":"publish","type":"product","link":"https:\/\/handsandthecity.cl\/ha\/producto\/quitaesmalte-sin-acetona-studio-64-50-ml\/","title":{"rendered":"Quitaesmalte sin acetona. Studio 64. 50 ml"},"content":{"rendered":"","protected":false},"excerpt":{"rendered":"<p><b class=\"data-field__name\">Descripci\u00f3n<\/b><span class=\"data-field__value\">Retira hasta las tonalidades mas oscuras y los esmaltes m\u00e1s dif\u00edciles de remover con el quitaesmaltes de Studio 64. No contiene acetona por lo que mantendr\u00e1 tus u\u00f1as saludables siempre Uso Sugerido Humedezca un algod\u00f3n con el removedor de esmalte y aplique directo sobre las u\u00f1as. Repita hasta retirar todo el esmalte<\/span><\/p>\n","protected":false},"featured_media":2116,"comment_status":"open","ping_status":"closed","template":"","meta":{"_et_pb_use_builder":"","_et_pb_old_content":"","_et_gb_content_width":""},"product_brand":[],"product_cat":[37],"product_tag":[],"class_list":{"0":"post-2115","1":"product","2":"type-product","3":"status-publish","4":"has-post-thumbnail","6":"product_cat-manicure-en-casa","8":"first","9":"outofstock","10":"shipping-taxable","11":"purchasable","12":"product-type-simple"},"_links":{"self":[{"href":"https:\/\/handsandthecity.cl\/ha\/wp-json\/wp\/v2\/product\/2115","targetHints":{"allow":["GET"]}}],"collection":[{"href":"https:\/\/handsandthecity.cl\/ha\/wp-json\/wp\/v2\/product"}],"about":[{"href":"https:\/\/handsandthecity.cl\/ha\/wp-json\/wp\/v2\/types\/product"}],"replies":[{"embeddable":true,"href":"https:\/\/handsandthecity.cl\/ha\/wp-json\/wp\/v2\/comments?post=2115"}],"wp:featuredmedia":[{"embeddable":true,"href":"https:\/\/handsandthecity.cl\/ha\/wp-json\/wp\/v2\/media\/2116"}],"wp:attachment":[{"href":"https:\/\/handsandthecity.cl\/ha\/wp-json\/wp\/v2\/media?parent=2115"}],"wp:term":[{"taxonomy":"product_brand","embeddable":true,"href":"https:\/\/handsandthecity.cl\/ha\/wp-json\/wp\/v2\/product_brand?post=2115"},{"taxonomy":"product_cat","embeddable":true,"href":"https:\/\/handsandthecity.cl\/ha\/wp-json\/wp\/v2\/product_cat?post=2115"},{"taxonomy":"product_tag","embeddable":true,"href":"https:\/\/handsandthecity.cl\/ha\/wp-json\/wp\/v2\/product_tag?post=2115"}],"curies":[{"name":"wp","href":"https:\/\/api.w.org\/{rel}","templated":true}]}}