{"id":2119,"date":"2020-10-01T00:35:52","date_gmt":"2020-10-01T04:35:52","guid":{"rendered":"https:\/\/handsandthecity.cl\/ha\/?post_type=product&#038;p=2119"},"modified":"2023-05-11T17:44:34","modified_gmt":"2023-05-11T21:44:34","slug":"moroccanoil-%c2%b7-shampoo-hydration","status":"publish","type":"product","link":"https:\/\/handsandthecity.cl\/ha\/producto\/moroccanoil-%c2%b7-shampoo-hydration\/","title":{"rendered":"Moroccanoil \u00b7 Shampoo Hydration."},"content":{"rendered":"","protected":false},"excerpt":{"rendered":"<p>Repare el cabello da\u00f1ado a causa de los tintes, procesos qu\u00edmicos, o el uso del calor para peinados y estilismos. El Champ\u00fa Reparador Hidratante Moroccanoil limpia suave y efectivamente el cabello dej\u00e1ndolo con vida, nutrido, fuerte y manejable. Formulado a base de aceite de arg\u00e1n, queratina reconstructiva y \u00e1cidos grasos, este champ\u00fa hidratante repara las fibras y puntas abiertas del cabello restaurando la elasticidad, hidrataci\u00f3n y brillo. No altera el color. Sin sulfatos, fosfatos ni parabenos. Modo de Empleo: Aplique el Champ\u00fa Reparador Hidratante Moroccanoil\u00ae sobre el cabello mojado y masajee el cuero cabelludo. A continuaci\u00f3n, a\u00f1ada agua para activar la f\u00f3rmula altamente concentrada y formar una rica espuma. Aclare cuidadosamente hasta obtener agua clara. Repita si es necesario<\/p>\n","protected":false},"featured_media":2120,"comment_status":"open","ping_status":"closed","template":"","meta":{"_et_pb_use_builder":"","_et_pb_old_content":"","_et_gb_content_width":""},"product_brand":[],"product_cat":[27],"product_tag":[],"class_list":{"0":"post-2119","1":"product","2":"type-product","3":"status-publish","4":"has-post-thumbnail","6":"product_cat-manicure","8":"first","9":"outofstock","10":"shipping-taxable","11":"purchasable","12":"product-type-simple"},"_links":{"self":[{"href":"https:\/\/handsandthecity.cl\/ha\/wp-json\/wp\/v2\/product\/2119","targetHints":{"allow":["GET"]}}],"collection":[{"href":"https:\/\/handsandthecity.cl\/ha\/wp-json\/wp\/v2\/product"}],"about":[{"href":"https:\/\/handsandthecity.cl\/ha\/wp-json\/wp\/v2\/types\/product"}],"replies":[{"embeddable":true,"href":"https:\/\/handsandthecity.cl\/ha\/wp-json\/wp\/v2\/comments?post=2119"}],"wp:featuredmedia":[{"embeddable":true,"href":"https:\/\/handsandthecity.cl\/ha\/wp-json\/wp\/v2\/media\/2120"}],"wp:attachment":[{"href":"https:\/\/handsandthecity.cl\/ha\/wp-json\/wp\/v2\/media?parent=2119"}],"wp:term":[{"taxonomy":"product_brand","embeddable":true,"href":"https:\/\/handsandthecity.cl\/ha\/wp-json\/wp\/v2\/product_brand?post=2119"},{"taxonomy":"product_cat","embeddable":true,"href":"https:\/\/handsandthecity.cl\/ha\/wp-json\/wp\/v2\/product_cat?post=2119"},{"taxonomy":"product_tag","embeddable":true,"href":"https:\/\/handsandthecity.cl\/ha\/wp-json\/wp\/v2\/product_tag?post=2119"}],"curies":[{"name":"wp","href":"https:\/\/api.w.org\/{rel}","templated":true}]}}