{"id":2159,"date":"2020-10-01T13:04:11","date_gmt":"2020-10-01T17:04:11","guid":{"rendered":"https:\/\/handsandthecity.cl\/ha\/?post_type=product&#038;p=2159"},"modified":"2023-05-11T17:15:11","modified_gmt":"2023-05-11T21:15:11","slug":"master-lab-%c2%b7-mascarillas-faciales-tony-molly-unidades","status":"publish","type":"product","link":"https:\/\/handsandthecity.cl\/ha\/producto\/master-lab-%c2%b7-mascarillas-faciales-tony-molly-unidades\/","title":{"rendered":"MASTER LAB \u00b7 Mascarillas faciales Tony Molly. 18 ml.  Unidades."},"content":{"rendered":"","protected":false},"excerpt":{"rendered":"<p>Las m\u00e1scaras de hoja Tony Moly Master Lab vienen en 7 variedades. Cada m\u00e1scara de hoja se vende por separado; sin conjuntos. Bueno para todos los tipos de piel. El plazo estimado de entrega es de 2-4 semanas. Vitamina C (Brillo) \u2013 Esta m\u00e1scara de laboratorio maestro ilumina la piel. Centella Asi\u00e1tica (Skin Soothing) \u2013 Esta m\u00e1scara de laboratorio maestra alivia instant\u00e1neamente la piel. EGF (Intensive Wrinkle Care) \u2013 Esta m\u00e1scara de laboratorio maestra reafirma la piel. Caviar (Nutrici\u00f3n) \u2013 Esta m\u00e1scara de laboratorio maestra proporciona una rica nutrici\u00f3n a la piel. Col\u00e1geno (elasticidad) \u2013 Esta m\u00e1scara de laboratorio maestro reafirma la piel. El \u00e1cido hialur\u00f3nico bloquea la humedad, aumenta la elasticidad y regordete visiblemente las l\u00edneas finas y las arrugas. Ceramida (Hidratante) \u2013 Hidrata la piel y ayuda a proteger la barrera de la piel Modo de uso: L\u00e1grima abierta y aplicar en la cara. Dejar actuar durante 10-20 minutos y luego retirar. Recomienda usar esta m\u00e1scara facial de 1 a 2 veces por semana.<\/p>\n","protected":false},"featured_media":2160,"comment_status":"open","ping_status":"closed","template":"","meta":{"_et_pb_use_builder":"","_et_pb_old_content":"","_et_gb_content_width":""},"product_brand":[],"product_cat":[47],"product_tag":[],"class_list":{"0":"post-2159","1":"product","2":"type-product","3":"status-publish","4":"has-post-thumbnail","6":"product_cat-rostro-y-cuidados-de-la-piel","8":"first","9":"outofstock","10":"shipping-taxable","11":"purchasable","12":"product-type-simple"},"_links":{"self":[{"href":"https:\/\/handsandthecity.cl\/ha\/wp-json\/wp\/v2\/product\/2159","targetHints":{"allow":["GET"]}}],"collection":[{"href":"https:\/\/handsandthecity.cl\/ha\/wp-json\/wp\/v2\/product"}],"about":[{"href":"https:\/\/handsandthecity.cl\/ha\/wp-json\/wp\/v2\/types\/product"}],"replies":[{"embeddable":true,"href":"https:\/\/handsandthecity.cl\/ha\/wp-json\/wp\/v2\/comments?post=2159"}],"wp:featuredmedia":[{"embeddable":true,"href":"https:\/\/handsandthecity.cl\/ha\/wp-json\/wp\/v2\/media\/2160"}],"wp:attachment":[{"href":"https:\/\/handsandthecity.cl\/ha\/wp-json\/wp\/v2\/media?parent=2159"}],"wp:term":[{"taxonomy":"product_brand","embeddable":true,"href":"https:\/\/handsandthecity.cl\/ha\/wp-json\/wp\/v2\/product_brand?post=2159"},{"taxonomy":"product_cat","embeddable":true,"href":"https:\/\/handsandthecity.cl\/ha\/wp-json\/wp\/v2\/product_cat?post=2159"},{"taxonomy":"product_tag","embeddable":true,"href":"https:\/\/handsandthecity.cl\/ha\/wp-json\/wp\/v2\/product_tag?post=2159"}],"curies":[{"name":"wp","href":"https:\/\/api.w.org\/{rel}","templated":true}]}}