{"id":2162,"date":"2020-10-01T13:42:51","date_gmt":"2020-10-01T17:42:51","guid":{"rendered":"https:\/\/handsandthecity.cl\/ha\/?post_type=product&#038;p=2162"},"modified":"2023-07-29T10:38:32","modified_gmt":"2023-07-29T14:38:32","slug":"matrix-%c2%b7-matrix-socolor-clover-green","status":"publish","type":"product","link":"https:\/\/handsandthecity.cl\/ha\/producto\/matrix-%c2%b7-matrix-socolor-clover-green\/","title":{"rendered":"MATRIX \u00b7 Matrix socolor clover green."},"content":{"rendered":"","protected":false},"excerpt":{"rendered":"<p>Matrix SoColor Cult color Clover Green es una coloraci\u00f3n de fantas\u00eda verde con un tono m\u00e1s intenso, duradero y brillante gracias a su mayor proporci\u00f3n de pigmento violeta. Adem\u00e1s puedes mezclar Clover Green con otros colores SoColor Cult de la misma tecnolog\u00eda para que obtengas una coloraci\u00f3n de fantas\u00eda \u00fanica. Este color de SoColor Cult tiene dos tecnolog\u00edas de aplicaci\u00f3n: direct\/semi y tono sobre tono\/demi. Selecciona a continuaci\u00f3n la tecnolog\u00eda que prefieras de este color seg\u00fan la duraci\u00f3n que desees para tu coloraci\u00f3n. \u00a1Atr\u00e9vete a experimentar con tu cabello!<\/p>\n","protected":false},"featured_media":2163,"comment_status":"open","ping_status":"closed","template":"","meta":{"_et_pb_use_builder":"","_et_pb_old_content":"","_et_gb_content_width":""},"product_brand":[],"product_cat":[27],"product_tag":[],"class_list":{"0":"post-2162","1":"product","2":"type-product","3":"status-publish","4":"has-post-thumbnail","6":"product_cat-manicure","8":"first","9":"instock","10":"shipping-taxable","11":"purchasable","12":"product-type-simple"},"_links":{"self":[{"href":"https:\/\/handsandthecity.cl\/ha\/wp-json\/wp\/v2\/product\/2162","targetHints":{"allow":["GET"]}}],"collection":[{"href":"https:\/\/handsandthecity.cl\/ha\/wp-json\/wp\/v2\/product"}],"about":[{"href":"https:\/\/handsandthecity.cl\/ha\/wp-json\/wp\/v2\/types\/product"}],"replies":[{"embeddable":true,"href":"https:\/\/handsandthecity.cl\/ha\/wp-json\/wp\/v2\/comments?post=2162"}],"wp:featuredmedia":[{"embeddable":true,"href":"https:\/\/handsandthecity.cl\/ha\/wp-json\/wp\/v2\/media\/2163"}],"wp:attachment":[{"href":"https:\/\/handsandthecity.cl\/ha\/wp-json\/wp\/v2\/media?parent=2162"}],"wp:term":[{"taxonomy":"product_brand","embeddable":true,"href":"https:\/\/handsandthecity.cl\/ha\/wp-json\/wp\/v2\/product_brand?post=2162"},{"taxonomy":"product_cat","embeddable":true,"href":"https:\/\/handsandthecity.cl\/ha\/wp-json\/wp\/v2\/product_cat?post=2162"},{"taxonomy":"product_tag","embeddable":true,"href":"https:\/\/handsandthecity.cl\/ha\/wp-json\/wp\/v2\/product_tag?post=2162"}],"curies":[{"name":"wp","href":"https:\/\/api.w.org\/{rel}","templated":true}]}}