{"id":2197,"date":"2020-12-08T16:02:05","date_gmt":"2020-12-08T20:02:05","guid":{"rendered":"https:\/\/handsandthecity.cl\/ha\/?post_type=product&#038;p=2197"},"modified":"2024-01-06T09:44:44","modified_gmt":"2024-01-06T13:44:44","slug":"2197","status":"publish","type":"product","link":"https:\/\/handsandthecity.cl\/ha\/producto\/2197\/","title":{"rendered":"KIT HAIR REPAIR"},"content":{"rendered":"","protected":false},"excerpt":{"rendered":"<p class=\"vc_custom_heading\"><a href=\"https:\/\/handsandthecity.cl\/ha\/wp-content\/uploads\/2020\/05\/2b785403-22a9-47d2-82de-13d16c43cd38-1.mp4\">2b785403-22a9-47d2-82de-13d16c43cd38<\/a><\/p>\n<p class=\"vc_custom_heading\">REJUVENECE Y REPARA TU CABELLO<\/p>\n<p class=\"vc_custom_heading\">Cabellos sanos, fuertes y con cuerpo<\/p>\n<div class=\"wpb_text_column wpb_content_element \">\n<div class=\"wpb_wrapper\">\n<p><strong>Champ\u00fa\u00a0Hi Repair\u00a0<\/strong>es un champ\u00fa que act\u00faa desde que entra en contacto con el cabello, reestructur\u00e1ndolo y trat\u00e1ndolo. Su f\u00f3rmula sequencial Hair Care System es capaz de devolver las constantes correctas a los cabellos deshidratados, con deficiencias h\u00eddricas, con defectos en la estructura interna del c\u00f3rtex y falta de nutrientes.<\/p>\n<p>El primer paso del tratamiento rejuvenecedor\u00a0<strong>Hi Repair,\u00a0<\/strong>que elimina todos los residuos del cabello y aporta un extra de prote\u00ednas de efecto choque.<\/p>\n<\/div>\n<\/div>\n<h4 class=\"vc_custom_heading\">MODO DE EMPLEO<\/h4>\n<div class=\"wpb_text_column wpb_content_element \">\n<div class=\"wpb_wrapper\">\n<p>Humedece el cabello y aplica una peque\u00f1a cantidad de\u00a0<strong>Champ\u00fa\u00a0Hi Repair.\u00a0<\/strong>Emulsiona y enjuaga. Repite el proceso y trabaja el cabello durante 3 minutos. Enjuaga y procede como de costumbre.<\/p>\n<h1 class=\"product_title entry-title\">Mascarilla Hi Repair<\/h1>\n<div class=\"product_meta\"><span class=\"posted_in\"><a href=\"https:\/\/salerm.com\/producto\/tratamientos\/mascarilla\" rel=\"tag\">MASCARILLA<\/a><\/span>\u00a0<span class=\"tagged_as\"><a href=\"https:\/\/salerm.com\/resultados\/reparacion\" rel=\"tag\">REPARACI\u00d3N<\/a><\/span><\/div>\n<div class=\"ficha-prod-addinfo\"><\/div>\n<div class=\"vc_row wpb_row vc_row-fluid\">\n<div class=\"wpb_column vc_column_container vc_col-sm-8\">\n<div class=\"vc_column-inner \">\n<div class=\"wpb_wrapper\">\n<p class=\"vc_custom_heading\">Rejuvenece y repara tu cabello<\/p>\n<p class=\"vc_custom_heading\">Cabellos sanos, fuertes y con cuerpo<\/p>\n<div class=\"wpb_text_column wpb_content_element \">\n<div class=\"wpb_wrapper\">\n<p><strong>Mascarilla\u00a0Hi Repair\u00a0<\/strong>es una mascarilla reconstructora de acci\u00f3n inmediata que acent\u00faa los efectos del\u00a0<strong>Champ\u00fa Hi Repair.\u00a0<\/strong>Su f\u00f3rmula secuencial Hair Care System es capaz de devolver las constantes correctas a los cabellos deshidratados, con deficiencias h\u00eddricas, con defectos en la estructura interna del c\u00f3rtex y falta de nutrientes.<\/p>\n<p>El cabello se reconstruye de ra\u00edz a puntas, sin dejar residuos grasos. La<strong>\u00a0<\/strong><strong>Mascarilla Hi Repair\u00a0<\/strong>repara la cut\u00edcula capilar gracias a sus componentes hidratantes y reparadores.<\/p>\n<\/div>\n<\/div>\n<p class=\"vc_custom_heading\">Cabellos sanos, fuertes y con cuerpo<\/p>\n<div class=\"wpb_text_column wpb_content_element \">\n<div class=\"wpb_wrapper\">\n<p><strong>S\u00e9rum\u00a0Hi Repair\u00a0<\/strong>es un s\u00e9rum que fija los principios activos del tratamiento, aumentado la textura y el brillo del cabello, sin sobrecargar. \u00a0Su f\u00f3rmula sequencial Hair Care System es capaz de devolver las constantes correctas a los cabellos deshidratados, con deficiencias h\u00eddricas, con defectos en la estructura interna del c\u00f3rtex y falta de nutrientes.<\/p>\n<p>El \u00faltimo paso del tratamiento rejuvenecedor\u00a0<strong>Hi Repair,\u00a0<\/strong>que deposita un microfilm brillante que mejora la peinabilidad y el aspecto del cabello.<\/p>\n<\/div>\n<\/div>\n<h4 class=\"vc_custom_heading\">MODO DE EMPLEO<\/h4>\n<div class=\"wpb_text_column wpb_content_element \">\n<div class=\"wpb_wrapper\">\n<p>Pulveriza\u00a0el\u00a0<strong>S\u00e9rum Hi Repair\u00a0<\/strong>sobre cabello seco o mojado seg\u00fan el efecto deseado.<\/p>\n<\/div>\n<\/div>\n<\/div>\n<\/div>\n<\/div>\n<\/div>\n<\/div>\n<\/div>\n","protected":false},"featured_media":2244,"comment_status":"open","ping_status":"closed","template":"","meta":{"_et_pb_use_builder":"","_et_pb_old_content":"","_et_gb_content_width":""},"product_brand":[],"product_cat":[32],"product_tag":[],"class_list":{"0":"post-2197","1":"product","2":"type-product","3":"status-publish","4":"has-post-thumbnail","6":"product_cat-salerm-21","8":"first","9":"instock","10":"downloadable","11":"shipping-taxable","12":"purchasable","13":"product-type-simple"},"_links":{"self":[{"href":"https:\/\/handsandthecity.cl\/ha\/wp-json\/wp\/v2\/product\/2197","targetHints":{"allow":["GET"]}}],"collection":[{"href":"https:\/\/handsandthecity.cl\/ha\/wp-json\/wp\/v2\/product"}],"about":[{"href":"https:\/\/handsandthecity.cl\/ha\/wp-json\/wp\/v2\/types\/product"}],"replies":[{"embeddable":true,"href":"https:\/\/handsandthecity.cl\/ha\/wp-json\/wp\/v2\/comments?post=2197"}],"wp:featuredmedia":[{"embeddable":true,"href":"https:\/\/handsandthecity.cl\/ha\/wp-json\/wp\/v2\/media\/2244"}],"wp:attachment":[{"href":"https:\/\/handsandthecity.cl\/ha\/wp-json\/wp\/v2\/media?parent=2197"}],"wp:term":[{"taxonomy":"product_brand","embeddable":true,"href":"https:\/\/handsandthecity.cl\/ha\/wp-json\/wp\/v2\/product_brand?post=2197"},{"taxonomy":"product_cat","embeddable":true,"href":"https:\/\/handsandthecity.cl\/ha\/wp-json\/wp\/v2\/product_cat?post=2197"},{"taxonomy":"product_tag","embeddable":true,"href":"https:\/\/handsandthecity.cl\/ha\/wp-json\/wp\/v2\/product_tag?post=2197"}],"curies":[{"name":"wp","href":"https:\/\/api.w.org\/{rel}","templated":true}]}}