{"id":2198,"date":"2020-12-08T16:17:28","date_gmt":"2020-12-08T20:17:28","guid":{"rendered":"https:\/\/handsandthecity.cl\/ha\/?post_type=product&#038;p=2198"},"modified":"2026-05-12T23:15:47","modified_gmt":"2026-05-13T03:15:47","slug":"kit-salerm-21-acido-hialuronico","status":"publish","type":"product","link":"https:\/\/handsandthecity.cl\/ha\/producto\/kit-salerm-21-acido-hialuronico\/","title":{"rendered":"KIT SALERM  21 ACIDO HIALURONICO"},"content":{"rendered":"","protected":false},"excerpt":{"rendered":"<h1>EL KIT CUENTA CON LOS TRES PASOS<\/h1>\n<h1 class=\"product_title entry-title\">SHAMPOO PASO 1<\/h1>\n<h1 class=\"product_title entry-title\">La soluci\u00f3n a cabellos maltratados y deshidratados<\/h1>\n<div class=\"vc_row wpb_row vc_row-fluid\">\n<div class=\"wpb_column vc_column_container vc_col-sm-8\">\n<div class=\"vc_column-inner \">\n<div class=\"wpb_wrapper\">\n<p class=\"vc_custom_heading\">Provitamina B5 que multiplica por diez su efecto<\/p>\n<div class=\"wpb_text_column wpb_content_element \">\n<div class=\"wpb_wrapper\">\n<p><strong>Salerm 21 Champ\u00fa<\/strong><strong>\u00a0<\/strong>es un champ\u00fa acondicionador ideal para cabellos secos y da\u00f1ados que necesitan un extra de cuidado. Su f\u00f3rmula repara en profundidad el cabello a la vez que lo lava con suavidad, respetando las caracter\u00edsticas naturales del cuero cabelludo.\u00a0<strong>Salerm 21 Champ\u00fa\u00a0<\/strong>nutre, revitaliza y redensifica el cabello consiguiendo m\u00e1s suavidad, fuerza y reparaci\u00f3n. Con prote\u00ednas de seda, vitamina E y Pantenol.<\/p>\n<p>Repara en profundidad tu\u00a0cabello a la vez que lo limpias con\u00a0<strong>Salerm 21 Champ\u00fa.\u00a0<\/strong><\/p>\n<\/div>\n<\/div>\n<h4 class=\"vc_custom_heading\">MODO DE EMPLEO<\/h4>\n<div class=\"wpb_text_column wpb_content_element \">\n<div class=\"wpb_wrapper\">\n<p>Con el cabello h\u00famedo, aplica una peque\u00f1a cantidad de\u00a0<strong>Salerm 21 Champ\u00fa.\u00a0<\/strong>Emulsiona haciendo un suave masaje y enjuaga. Repite la aplicaci\u00f3n y enjuaga profundamente con agua tibia y procede al peinado como de costumbre.<\/p>\n<h1 class=\"product_title entry-title\">Salerm 21 Finish<\/h1>\n<h1 class=\"product_title entry-title\">La soluci\u00f3n a cabellos maltratados y deshidratados<\/h1>\n<div class=\"vc_row wpb_row vc_row-fluid\">\n<div class=\"wpb_column vc_column_container vc_col-sm-8\">\n<div class=\"vc_column-inner \">\n<div class=\"wpb_wrapper\">\n<p class=\"vc_custom_heading\">Provitamina B5 que multiplica por diez su efecto<\/p>\n<div class=\"wpb_text_column wpb_content_element \">\n<div class=\"wpb_wrapper\">\n<p><strong>Salerm 21 Finish<\/strong><strong>\u00a0<\/strong>es un toque final iluminador que da brillo con hidrataci\u00f3n y suavidad sobre todo tipo de cabellos. Su f\u00f3rmula complementa a la perfecci\u00f3n los dem\u00e1s productos de la familia\u00a0<strong>Salerm 21\u00a0<\/strong>dando unos excelentes resultados en la creaci\u00f3n de peinados y en el toque final.<\/p>\n<p>Luce un cabello espectacular y lustroso con el iluminador capilar instant\u00e1neo\u00a0<strong>Salerm 21 Finish.\u00a0<\/strong><\/p>\n<\/div>\n<\/div>\n<h4 class=\"vc_custom_heading\">MODO DE EMPLEO<\/h4>\n<div class=\"wpb_text_column wpb_content_element \">\n<div class=\"wpb_wrapper\">\n<p>Aplica\u00a0<strong>Salerm 21 Finish\u00a0<\/strong>sobre cabellos h\u00famedos y realiza el peinado. Sobre cabellos secos, pulveriza desde 30 cent\u00edmetros y peina para repartir el producto y realza el brillo.<\/p>\n<h1 class=\"product_title entry-title\">Salerm 21 Finish<\/h1>\n<h1 class=\"product_title entry-title\">La soluci\u00f3n a cabellos maltratados y deshidratados<\/h1>\n<div class=\"vc_row wpb_row vc_row-fluid\">\n<div class=\"wpb_column vc_column_container vc_col-sm-8\">\n<div class=\"vc_column-inner \">\n<div class=\"wpb_wrapper\">\n<p class=\"vc_custom_heading\">Provitamina B5 que multiplica por diez su efecto<\/p>\n<div class=\"wpb_text_column wpb_content_element \">\n<div class=\"wpb_wrapper\">\n<p><strong>Salerm 21 Finish<\/strong><strong>\u00a0<\/strong>es un toque final iluminador que da brillo con hidrataci\u00f3n y suavidad sobre todo tipo de cabellos. Su f\u00f3rmula complementa a la perfecci\u00f3n los dem\u00e1s productos de la familia\u00a0<strong>Salerm 21\u00a0<\/strong>dando unos excelentes resultados en la creaci\u00f3n de peinados y en el toque final.<\/p>\n<p>Luce un cabello espectacular y lustroso con el iluminador capilar instant\u00e1neo\u00a0<strong>Salerm 21 Finish.\u00a0<\/strong><\/p>\n<\/div>\n<\/div>\n<h4 class=\"vc_custom_heading\">MODO DE EMPLEO<\/h4>\n<div class=\"wpb_text_column wpb_content_element \">\n<div class=\"wpb_wrapper\">\n<p>Aplica\u00a0<strong>Salerm 21 Finish\u00a0<\/strong>sobre cabellos h\u00famedos y realiza el peinado. Sobre cabellos secos, pulveriza desde 30 cent\u00edmetros y peina para repartir el producto y realza el brillo.<\/p>\n<p class=\"vc_custom_heading\">La soluci\u00f3n a cabellos maltratados y deshidratados<\/p>\n<p class=\"vc_custom_heading\">Provitamina B5 que multiplica por diez su efecto<\/p>\n<p><strong>Salerm 21 Express<\/strong><\/p>\n<p><strong>\u00a0E<\/strong>s una mascarilla ligera sin aclarado en spray manual ideal para todo tipo de cabellos, especialmente los m\u00e1s tratados y deshidratados. Su f\u00f3rmula todo en uno hidrata el cabello y reduce la formaci\u00f3n de puntas abiertas. Contiene protecci\u00f3n solar para un cabello m\u00e1s cuidado.<\/p>\n<div class=\"wpb_text_column wpb_content_element \">\n<div class=\"wpb_wrapper\">\n<p>Belleza flash todo en uno para conseguir un cabello con luminosidad y suavidad con\u00a0<strong>Salerm 21 Express.\u00a0<\/strong><\/p>\n<\/div>\n<\/div>\n<h4 class=\"vc_custom_heading\"><\/h4>\n<p>&nbsp;<\/p>\n<\/div>\n<\/div>\n<\/div>\n<\/div>\n<\/div>\n<\/div>\n<p>&nbsp;<\/p>\n<\/div>\n<\/div>\n<\/div>\n<\/div>\n<\/div>\n<\/div>\n<\/div>\n<\/div>\n<\/div>\n<\/div>\n<\/div>\n<\/div>\n","protected":false},"featured_media":2248,"comment_status":"open","ping_status":"closed","template":"","meta":{"_et_pb_use_builder":"","_et_pb_old_content":"","_et_gb_content_width":""},"product_brand":[],"product_cat":[32],"product_tag":[],"class_list":{"0":"post-2198","1":"product","2":"type-product","3":"status-publish","4":"has-post-thumbnail","6":"product_cat-salerm-21","8":"first","9":"instock","10":"shipping-taxable","11":"purchasable","12":"product-type-simple"},"_links":{"self":[{"href":"https:\/\/handsandthecity.cl\/ha\/wp-json\/wp\/v2\/product\/2198","targetHints":{"allow":["GET"]}}],"collection":[{"href":"https:\/\/handsandthecity.cl\/ha\/wp-json\/wp\/v2\/product"}],"about":[{"href":"https:\/\/handsandthecity.cl\/ha\/wp-json\/wp\/v2\/types\/product"}],"replies":[{"embeddable":true,"href":"https:\/\/handsandthecity.cl\/ha\/wp-json\/wp\/v2\/comments?post=2198"}],"wp:featuredmedia":[{"embeddable":true,"href":"https:\/\/handsandthecity.cl\/ha\/wp-json\/wp\/v2\/media\/2248"}],"wp:attachment":[{"href":"https:\/\/handsandthecity.cl\/ha\/wp-json\/wp\/v2\/media?parent=2198"}],"wp:term":[{"taxonomy":"product_brand","embeddable":true,"href":"https:\/\/handsandthecity.cl\/ha\/wp-json\/wp\/v2\/product_brand?post=2198"},{"taxonomy":"product_cat","embeddable":true,"href":"https:\/\/handsandthecity.cl\/ha\/wp-json\/wp\/v2\/product_cat?post=2198"},{"taxonomy":"product_tag","embeddable":true,"href":"https:\/\/handsandthecity.cl\/ha\/wp-json\/wp\/v2\/product_tag?post=2198"}],"curies":[{"name":"wp","href":"https:\/\/api.w.org\/{rel}","templated":true}]}}