{"id":2207,"date":"2020-12-11T10:23:31","date_gmt":"2020-12-11T14:23:31","guid":{"rendered":"https:\/\/handsandthecity.cl\/ha\/?post_type=product&#038;p=2207"},"modified":"2023-05-11T17:13:32","modified_gmt":"2023-05-11T21:13:32","slug":"guantes-quirurgicos-nitrilo-tresor-caja-100-unidades","status":"publish","type":"product","link":"https:\/\/handsandthecity.cl\/ha\/producto\/guantes-quirurgicos-nitrilo-tresor-caja-100-unidades\/","title":{"rendered":"GUANTES QUIRURGICOS NITRILO \u00abTRESOR\u00bb (caja 100 unidades)"},"content":{"rendered":"","protected":false},"excerpt":{"rendered":"<p>Guantes Quir\u00fargicos NITRILO MARCA TRESOR GRADO M\u00c9DICO CERTIFICACI\u00d3N ISO 13485:2016, CERTIFICACI\u00d3N CE<\/p>\n<p>COLOR: NEGRO<\/p>\n<p>TALLA: L<\/p>\n","protected":false},"featured_media":2208,"comment_status":"open","ping_status":"closed","template":"","meta":{"_et_pb_use_builder":"","_et_pb_old_content":"","_et_gb_content_width":""},"product_brand":[],"product_cat":[38],"product_tag":[],"class_list":{"0":"post-2207","1":"product","2":"type-product","3":"status-publish","4":"has-post-thumbnail","6":"product_cat-covid-19","8":"first","9":"outofstock","10":"sale","11":"shipping-taxable","12":"purchasable","13":"product-type-simple"},"_links":{"self":[{"href":"https:\/\/handsandthecity.cl\/ha\/wp-json\/wp\/v2\/product\/2207","targetHints":{"allow":["GET"]}}],"collection":[{"href":"https:\/\/handsandthecity.cl\/ha\/wp-json\/wp\/v2\/product"}],"about":[{"href":"https:\/\/handsandthecity.cl\/ha\/wp-json\/wp\/v2\/types\/product"}],"replies":[{"embeddable":true,"href":"https:\/\/handsandthecity.cl\/ha\/wp-json\/wp\/v2\/comments?post=2207"}],"wp:featuredmedia":[{"embeddable":true,"href":"https:\/\/handsandthecity.cl\/ha\/wp-json\/wp\/v2\/media\/2208"}],"wp:attachment":[{"href":"https:\/\/handsandthecity.cl\/ha\/wp-json\/wp\/v2\/media?parent=2207"}],"wp:term":[{"taxonomy":"product_brand","embeddable":true,"href":"https:\/\/handsandthecity.cl\/ha\/wp-json\/wp\/v2\/product_brand?post=2207"},{"taxonomy":"product_cat","embeddable":true,"href":"https:\/\/handsandthecity.cl\/ha\/wp-json\/wp\/v2\/product_cat?post=2207"},{"taxonomy":"product_tag","embeddable":true,"href":"https:\/\/handsandthecity.cl\/ha\/wp-json\/wp\/v2\/product_tag?post=2207"}],"curies":[{"name":"wp","href":"https:\/\/api.w.org\/{rel}","templated":true}]}}