{"id":2219,"date":"2020-12-11T11:22:20","date_gmt":"2020-12-11T15:22:20","guid":{"rendered":"https:\/\/handsandthecity.cl\/ha\/?post_type=product&#038;p=2219"},"modified":"2020-12-11T11:22:20","modified_gmt":"2020-12-11T15:22:20","slug":"protector-facial-modelo-fashion","status":"publish","type":"product","link":"https:\/\/handsandthecity.cl\/ha\/producto\/protector-facial-modelo-fashion\/","title":{"rendered":"Protector Facial \u00abModelo Fashion\u00bb"},"content":{"rendered":"","protected":false},"excerpt":{"rendered":"<p>PROTECTOR FACIAL MODA 2020 PROTEGE LOS OJOS, LA CARA Y LA BOCA. Protector Facial con apoyo de Gafas Modelo Unisex Limpio, C\u00f3modo, Liviano, Peso: 27 g Tama\u00f1o:Visor: 25 x 19 cm. Tama\u00f1o Gafas: 14 x 5 cm. Posee Control de Calidad y Test Report CERTIFICACI\u00d3N CE &#8211; IMPORTADO POR AZ MEDICAL<\/p>\n","protected":false},"featured_media":2220,"comment_status":"open","ping_status":"closed","template":"","meta":{"_et_pb_use_builder":"","_et_pb_old_content":"","_et_gb_content_width":""},"product_brand":[],"product_cat":[38],"product_tag":[],"class_list":{"0":"post-2219","1":"product","2":"type-product","3":"status-publish","4":"has-post-thumbnail","6":"product_cat-covid-19","8":"first","9":"instock","10":"sale","11":"shipping-taxable","12":"purchasable","13":"product-type-simple"},"_links":{"self":[{"href":"https:\/\/handsandthecity.cl\/ha\/wp-json\/wp\/v2\/product\/2219","targetHints":{"allow":["GET"]}}],"collection":[{"href":"https:\/\/handsandthecity.cl\/ha\/wp-json\/wp\/v2\/product"}],"about":[{"href":"https:\/\/handsandthecity.cl\/ha\/wp-json\/wp\/v2\/types\/product"}],"replies":[{"embeddable":true,"href":"https:\/\/handsandthecity.cl\/ha\/wp-json\/wp\/v2\/comments?post=2219"}],"wp:featuredmedia":[{"embeddable":true,"href":"https:\/\/handsandthecity.cl\/ha\/wp-json\/wp\/v2\/media\/2220"}],"wp:attachment":[{"href":"https:\/\/handsandthecity.cl\/ha\/wp-json\/wp\/v2\/media?parent=2219"}],"wp:term":[{"taxonomy":"product_brand","embeddable":true,"href":"https:\/\/handsandthecity.cl\/ha\/wp-json\/wp\/v2\/product_brand?post=2219"},{"taxonomy":"product_cat","embeddable":true,"href":"https:\/\/handsandthecity.cl\/ha\/wp-json\/wp\/v2\/product_cat?post=2219"},{"taxonomy":"product_tag","embeddable":true,"href":"https:\/\/handsandthecity.cl\/ha\/wp-json\/wp\/v2\/product_tag?post=2219"}],"curies":[{"name":"wp","href":"https:\/\/api.w.org\/{rel}","templated":true}]}}