{"id":2300,"date":"2024-06-04T00:00:58","date_gmt":"2024-06-04T04:00:58","guid":{"rendered":"https:\/\/handsandthecity.cl\/ha\/?post_type=product&#038;p=2300"},"modified":"2025-05-14T18:09:31","modified_gmt":"2025-05-14T22:09:31","slug":"beauty-creations-%c2%b7-paleta-sombras-seduce-me","status":"publish","type":"product","link":"https:\/\/handsandthecity.cl\/ha\/producto\/beauty-creations-%c2%b7-paleta-sombras-seduce-me\/","title":{"rendered":"Beauty Creations \u00b7 Paleta sombras seduce me"},"content":{"rendered":"","protected":false},"excerpt":{"rendered":"<p>BEAUTY CREATIONS SEDUCE ME Experimenta creando nuevos looks con la Paleta de Sombras Seduce Me, de la marca Beauty Creations, tiene 18 tonos diferentes que te ayudar\u00e1n a lucir incre\u00edble en cualquier momento del d\u00eda. Esta paleta cuenta con tonos que te dar\u00e1n una pigmentaci\u00f3n incre\u00edble y duradera, estas sombras mate y satinadas ser\u00e1n tus favoritas para crear maquillajes c\u00e1lidos o seductores, no importa si eres principiante o experta, siempre lucir\u00e1s hermosa. Tus looks se ver\u00e1s s\u00faper completos y llenos de color, la paleta incluye un espejo que te ayudar\u00e1 a guiarte en el proceso, y una tapa que proteger\u00e1 todos los colores para que puedas guardarla en tu bolso sin ninguna preocupaci\u00f3n.<\/p>\n","protected":false},"featured_media":2301,"comment_status":"open","ping_status":"closed","template":"","meta":{"_et_pb_use_builder":"","_et_pb_old_content":"","_et_gb_content_width":""},"product_brand":[],"product_cat":[46],"product_tag":[],"class_list":{"0":"post-2300","1":"product","2":"type-product","3":"status-publish","4":"has-post-thumbnail","6":"product_cat-maquillaje","8":"first","9":"instock","10":"shipping-taxable","11":"purchasable","12":"product-type-simple"},"_links":{"self":[{"href":"https:\/\/handsandthecity.cl\/ha\/wp-json\/wp\/v2\/product\/2300","targetHints":{"allow":["GET"]}}],"collection":[{"href":"https:\/\/handsandthecity.cl\/ha\/wp-json\/wp\/v2\/product"}],"about":[{"href":"https:\/\/handsandthecity.cl\/ha\/wp-json\/wp\/v2\/types\/product"}],"replies":[{"embeddable":true,"href":"https:\/\/handsandthecity.cl\/ha\/wp-json\/wp\/v2\/comments?post=2300"}],"wp:featuredmedia":[{"embeddable":true,"href":"https:\/\/handsandthecity.cl\/ha\/wp-json\/wp\/v2\/media\/2301"}],"wp:attachment":[{"href":"https:\/\/handsandthecity.cl\/ha\/wp-json\/wp\/v2\/media?parent=2300"}],"wp:term":[{"taxonomy":"product_brand","embeddable":true,"href":"https:\/\/handsandthecity.cl\/ha\/wp-json\/wp\/v2\/product_brand?post=2300"},{"taxonomy":"product_cat","embeddable":true,"href":"https:\/\/handsandthecity.cl\/ha\/wp-json\/wp\/v2\/product_cat?post=2300"},{"taxonomy":"product_tag","embeddable":true,"href":"https:\/\/handsandthecity.cl\/ha\/wp-json\/wp\/v2\/product_tag?post=2300"}],"curies":[{"name":"wp","href":"https:\/\/api.w.org\/{rel}","templated":true}]}}