{"id":2323,"date":"2021-05-31T18:40:44","date_gmt":"2021-05-31T22:40:44","guid":{"rendered":"https:\/\/handsandthecity.cl\/ha\/?post_type=product&#038;p=2323"},"modified":"2021-06-04T20:19:54","modified_gmt":"2021-06-05T00:19:54","slug":"redken-%c2%b7-extreme-lenght-leave-tratamiento","status":"publish","type":"product","link":"https:\/\/handsandthecity.cl\/ha\/producto\/redken-%c2%b7-extreme-lenght-leave-tratamiento\/","title":{"rendered":"Redken \u00b7 Extreme lenght leave tratamiento"},"content":{"rendered":"","protected":false},"excerpt":{"rendered":"<p>\u00a1Descubre la rutina ideal para cabellos en b\u00fasqueda de su largo ideal con el sistema de cuidado Extreme Length de Redken! \u00bfQuieres 15 cms de crecimiento con 81% menos de quiebres? Descubre el nuevo sistema Extreme Length de Redken. Ayuda a fortificar las hebras del cabello desde la ra\u00edz hasta las puntas para alcanzar el largo deseado. Logra hasta 15 cms de crecimiento en un a\u00f1o y 81% menos de quiebre gracias al uso del sistema completo Extreme Length. Tratamiento sin enjuague Extreme Length 150 ml: Tratamiento sin enjuague para cabellos fr\u00e1giles, da\u00f1ados y propensos al quiebre. Su f\u00f3rmula con biotina y prote\u00edna de soya ayuda a obtener mayor longitud y fortaleza en el cabello. RECOMENDACIONES DE USO Despu\u00e9s de ocupar el sistema de Shampoo y Acondicionador Extreme Length, aplicar Tratamiento sin enjuague Extreme Length sobre el cabello limpio y secado con toalla. No enjuague.<\/p>\n","protected":false},"featured_media":2324,"comment_status":"open","ping_status":"closed","template":"","meta":{"_et_pb_use_builder":"","_et_pb_old_content":"","_et_gb_content_width":""},"product_brand":[],"product_cat":[50],"product_tag":[],"class_list":{"0":"post-2323","1":"product","2":"type-product","3":"status-publish","4":"has-post-thumbnail","6":"product_cat-redken","8":"first","9":"instock","10":"shipping-taxable","11":"purchasable","12":"product-type-simple"},"_links":{"self":[{"href":"https:\/\/handsandthecity.cl\/ha\/wp-json\/wp\/v2\/product\/2323","targetHints":{"allow":["GET"]}}],"collection":[{"href":"https:\/\/handsandthecity.cl\/ha\/wp-json\/wp\/v2\/product"}],"about":[{"href":"https:\/\/handsandthecity.cl\/ha\/wp-json\/wp\/v2\/types\/product"}],"replies":[{"embeddable":true,"href":"https:\/\/handsandthecity.cl\/ha\/wp-json\/wp\/v2\/comments?post=2323"}],"wp:featuredmedia":[{"embeddable":true,"href":"https:\/\/handsandthecity.cl\/ha\/wp-json\/wp\/v2\/media\/2324"}],"wp:attachment":[{"href":"https:\/\/handsandthecity.cl\/ha\/wp-json\/wp\/v2\/media?parent=2323"}],"wp:term":[{"taxonomy":"product_brand","embeddable":true,"href":"https:\/\/handsandthecity.cl\/ha\/wp-json\/wp\/v2\/product_brand?post=2323"},{"taxonomy":"product_cat","embeddable":true,"href":"https:\/\/handsandthecity.cl\/ha\/wp-json\/wp\/v2\/product_cat?post=2323"},{"taxonomy":"product_tag","embeddable":true,"href":"https:\/\/handsandthecity.cl\/ha\/wp-json\/wp\/v2\/product_tag?post=2323"}],"curies":[{"name":"wp","href":"https:\/\/api.w.org\/{rel}","templated":true}]}}