{"id":2327,"date":"2021-06-04T00:00:05","date_gmt":"2021-06-04T04:00:05","guid":{"rendered":"https:\/\/handsandthecity.cl\/ha\/?post_type=product&#038;p=2327"},"modified":"2024-06-04T12:42:56","modified_gmt":"2024-06-04T16:42:56","slug":"beauty-creations-%c2%b7-paleta-sombras-tease-me","status":"publish","type":"product","link":"https:\/\/handsandthecity.cl\/ha\/producto\/beauty-creations-%c2%b7-paleta-sombras-tease-me\/","title":{"rendered":"Beauty Creations \u00b7 Paleta sombras tease me"},"content":{"rendered":"","protected":false},"excerpt":{"rendered":"<p>Paleta de Sombras Beauty Creations Tease Me 18 colores con alta pigmentaci\u00f3n y durabilidad, bellos tonos mate y tonos con brilloso. La paleta incluye un espejo que te ayudar\u00e1 a guiarte en el proceso, y una tapa que proteger\u00e1 todos los colores para que puedas guardarla en tu bolso sin ninguna preocupaci\u00f3n.<\/p>\n","protected":false},"featured_media":2328,"comment_status":"open","ping_status":"closed","template":"","meta":{"_et_pb_use_builder":"","_et_pb_old_content":"","_et_gb_content_width":""},"product_brand":[],"product_cat":[46],"product_tag":[],"class_list":{"0":"post-2327","1":"product","2":"type-product","3":"status-publish","4":"has-post-thumbnail","6":"product_cat-maquillaje","8":"first","9":"instock","10":"sale","11":"shipping-taxable","12":"purchasable","13":"product-type-simple"},"_links":{"self":[{"href":"https:\/\/handsandthecity.cl\/ha\/wp-json\/wp\/v2\/product\/2327","targetHints":{"allow":["GET"]}}],"collection":[{"href":"https:\/\/handsandthecity.cl\/ha\/wp-json\/wp\/v2\/product"}],"about":[{"href":"https:\/\/handsandthecity.cl\/ha\/wp-json\/wp\/v2\/types\/product"}],"replies":[{"embeddable":true,"href":"https:\/\/handsandthecity.cl\/ha\/wp-json\/wp\/v2\/comments?post=2327"}],"wp:featuredmedia":[{"embeddable":true,"href":"https:\/\/handsandthecity.cl\/ha\/wp-json\/wp\/v2\/media\/2328"}],"wp:attachment":[{"href":"https:\/\/handsandthecity.cl\/ha\/wp-json\/wp\/v2\/media?parent=2327"}],"wp:term":[{"taxonomy":"product_brand","embeddable":true,"href":"https:\/\/handsandthecity.cl\/ha\/wp-json\/wp\/v2\/product_brand?post=2327"},{"taxonomy":"product_cat","embeddable":true,"href":"https:\/\/handsandthecity.cl\/ha\/wp-json\/wp\/v2\/product_cat?post=2327"},{"taxonomy":"product_tag","embeddable":true,"href":"https:\/\/handsandthecity.cl\/ha\/wp-json\/wp\/v2\/product_tag?post=2327"}],"curies":[{"name":"wp","href":"https:\/\/api.w.org\/{rel}","templated":true}]}}