{"id":2329,"date":"2021-06-03T00:00:10","date_gmt":"2021-06-03T04:00:10","guid":{"rendered":"https:\/\/handsandthecity.cl\/ha\/?post_type=product&#038;p=2329"},"modified":"2023-05-11T17:06:23","modified_gmt":"2023-05-11T21:06:23","slug":"okalan-%c2%b7-palette-color-burst","status":"publish","type":"product","link":"https:\/\/handsandthecity.cl\/ha\/producto\/okalan-%c2%b7-palette-color-burst\/","title":{"rendered":"OKALAN \u00b7 Palette color burst"},"content":{"rendered":"","protected":false},"excerpt":{"rendered":"<p>Color Burts de Okalan, una maravillosa paleta de 35 hermosos tonos. Los pigmentos vers\u00e1tiles se pueden utilizar como sombra de ojos o delineador de ojos. La f\u00f3rmula \u00fanica de adorno con purpurina se puede superponer sobre otros colores para obtener un acabado de alto brillo. Las mezclas ultra finas de brillo, purpurina y perlas reflejan la luz para lograr efectos llamativos. Los tonos de larga duraci\u00f3n y resistentes a las arrugas se pueden aplicar solos o en capas para obtener efectos m\u00e1s expresivos.<\/p>\n","protected":false},"featured_media":2330,"comment_status":"open","ping_status":"closed","template":"","meta":{"_et_pb_use_builder":"","_et_pb_old_content":"","_et_gb_content_width":""},"product_brand":[],"product_cat":[46],"product_tag":[],"class_list":{"0":"post-2329","1":"product","2":"type-product","3":"status-publish","4":"has-post-thumbnail","6":"product_cat-maquillaje","8":"first","9":"outofstock","10":"shipping-taxable","11":"purchasable","12":"product-type-simple"},"_links":{"self":[{"href":"https:\/\/handsandthecity.cl\/ha\/wp-json\/wp\/v2\/product\/2329","targetHints":{"allow":["GET"]}}],"collection":[{"href":"https:\/\/handsandthecity.cl\/ha\/wp-json\/wp\/v2\/product"}],"about":[{"href":"https:\/\/handsandthecity.cl\/ha\/wp-json\/wp\/v2\/types\/product"}],"replies":[{"embeddable":true,"href":"https:\/\/handsandthecity.cl\/ha\/wp-json\/wp\/v2\/comments?post=2329"}],"wp:featuredmedia":[{"embeddable":true,"href":"https:\/\/handsandthecity.cl\/ha\/wp-json\/wp\/v2\/media\/2330"}],"wp:attachment":[{"href":"https:\/\/handsandthecity.cl\/ha\/wp-json\/wp\/v2\/media?parent=2329"}],"wp:term":[{"taxonomy":"product_brand","embeddable":true,"href":"https:\/\/handsandthecity.cl\/ha\/wp-json\/wp\/v2\/product_brand?post=2329"},{"taxonomy":"product_cat","embeddable":true,"href":"https:\/\/handsandthecity.cl\/ha\/wp-json\/wp\/v2\/product_cat?post=2329"},{"taxonomy":"product_tag","embeddable":true,"href":"https:\/\/handsandthecity.cl\/ha\/wp-json\/wp\/v2\/product_tag?post=2329"}],"curies":[{"name":"wp","href":"https:\/\/api.w.org\/{rel}","templated":true}]}}