{"id":2333,"date":"2021-06-03T00:00:27","date_gmt":"2021-06-03T04:00:27","guid":{"rendered":"https:\/\/handsandthecity.cl\/ha\/?post_type=product&#038;p=2333"},"modified":"2021-06-03T11:15:52","modified_gmt":"2021-06-03T15:15:52","slug":"trendbeauty-%c2%b7-palette-naturally-nude","status":"publish","type":"product","link":"https:\/\/handsandthecity.cl\/ha\/producto\/trendbeauty-%c2%b7-palette-naturally-nude\/","title":{"rendered":"TRENDBEAUTY \u00b7 Palette naturally nude"},"content":{"rendered":"","protected":false},"excerpt":{"rendered":"<p><span>Dos iluminadores altamente pigmentados y nueve sombras de ojos en mate y brillo.\u00a0Deja que esa belleza interior natural brille de adentro hacia afuera con Naturally Nude.\u00a0Ese brillo de belleza natural.\u00a0<\/span><\/p>\n<p><strong><span>Modo de uso: (Sombra de ojos)<\/span><br \/>\n<\/strong><span>: cuando aplique el pigmento por primera vez en el p\u00e1rpado, aplique la sombra de ojos con palmaditas en lugar de cepillarla por el p\u00e1rpado.\u00a0Esto ayudar\u00e1 a que se adhiera mejor al p\u00e1rpado y le d\u00e9 una apariencia s\u00f3lida en lugar de irregular.<\/span><br \/>\n<span>&#8211; En lugar de pasar la sombra de ojos hacia adelante y hacia atr\u00e1s por el ojo con un movimiento r\u00e1pido, use pinceladas cortas y lentas en la misma direcci\u00f3n para mezclar los colores.\u00a0Nunca debes mover tu mano r\u00e1pidamente mientras te aplicas la sombra de ojos.<\/span><\/p>\n","protected":false},"featured_media":2334,"comment_status":"open","ping_status":"closed","template":"","meta":{"_et_pb_use_builder":"","_et_pb_old_content":"","_et_gb_content_width":""},"product_brand":[],"product_cat":[46],"product_tag":[],"class_list":{"0":"post-2333","1":"product","2":"type-product","3":"status-publish","4":"has-post-thumbnail","6":"product_cat-maquillaje","8":"first","9":"instock","10":"shipping-taxable","11":"purchasable","12":"product-type-simple"},"_links":{"self":[{"href":"https:\/\/handsandthecity.cl\/ha\/wp-json\/wp\/v2\/product\/2333","targetHints":{"allow":["GET"]}}],"collection":[{"href":"https:\/\/handsandthecity.cl\/ha\/wp-json\/wp\/v2\/product"}],"about":[{"href":"https:\/\/handsandthecity.cl\/ha\/wp-json\/wp\/v2\/types\/product"}],"replies":[{"embeddable":true,"href":"https:\/\/handsandthecity.cl\/ha\/wp-json\/wp\/v2\/comments?post=2333"}],"wp:featuredmedia":[{"embeddable":true,"href":"https:\/\/handsandthecity.cl\/ha\/wp-json\/wp\/v2\/media\/2334"}],"wp:attachment":[{"href":"https:\/\/handsandthecity.cl\/ha\/wp-json\/wp\/v2\/media?parent=2333"}],"wp:term":[{"taxonomy":"product_brand","embeddable":true,"href":"https:\/\/handsandthecity.cl\/ha\/wp-json\/wp\/v2\/product_brand?post=2333"},{"taxonomy":"product_cat","embeddable":true,"href":"https:\/\/handsandthecity.cl\/ha\/wp-json\/wp\/v2\/product_cat?post=2333"},{"taxonomy":"product_tag","embeddable":true,"href":"https:\/\/handsandthecity.cl\/ha\/wp-json\/wp\/v2\/product_tag?post=2333"}],"curies":[{"name":"wp","href":"https:\/\/api.w.org\/{rel}","templated":true}]}}