{"id":2335,"date":"2021-06-03T00:00:04","date_gmt":"2021-06-03T04:00:04","guid":{"rendered":"https:\/\/handsandthecity.cl\/ha\/?post_type=product&#038;p=2335"},"modified":"2021-06-03T11:15:04","modified_gmt":"2021-06-03T15:15:04","slug":"trendbeauty-%c2%b7-paleta-sombras-gimme-more","status":"publish","type":"product","link":"https:\/\/handsandthecity.cl\/ha\/producto\/trendbeauty-%c2%b7-paleta-sombras-gimme-more\/","title":{"rendered":"TRENDBEAUTY \u00b7 Paleta sombras gimme more"},"content":{"rendered":"","protected":false},"excerpt":{"rendered":"<p>GIMME MORE Tendencia belleza Gimme m\u00e1s sombra de ojos Paleta 18 Colores Sombra de Ojos Brillo Mate La paleta incluye un espejo que te ayudar\u00e1 a guiarte en el proceso, y una entretenida tapa que proteger\u00e1 todos los colores para que puedas guardarla en tu bolso sin ninguna preocupaci\u00f3n.<\/p>\n","protected":false},"featured_media":2336,"comment_status":"open","ping_status":"closed","template":"","meta":{"_et_pb_use_builder":"","_et_pb_old_content":"","_et_gb_content_width":""},"product_brand":[],"product_cat":[46],"product_tag":[],"class_list":{"0":"post-2335","1":"product","2":"type-product","3":"status-publish","4":"has-post-thumbnail","6":"product_cat-maquillaje","8":"first","9":"instock","10":"shipping-taxable","11":"purchasable","12":"product-type-simple"},"_links":{"self":[{"href":"https:\/\/handsandthecity.cl\/ha\/wp-json\/wp\/v2\/product\/2335","targetHints":{"allow":["GET"]}}],"collection":[{"href":"https:\/\/handsandthecity.cl\/ha\/wp-json\/wp\/v2\/product"}],"about":[{"href":"https:\/\/handsandthecity.cl\/ha\/wp-json\/wp\/v2\/types\/product"}],"replies":[{"embeddable":true,"href":"https:\/\/handsandthecity.cl\/ha\/wp-json\/wp\/v2\/comments?post=2335"}],"wp:featuredmedia":[{"embeddable":true,"href":"https:\/\/handsandthecity.cl\/ha\/wp-json\/wp\/v2\/media\/2336"}],"wp:attachment":[{"href":"https:\/\/handsandthecity.cl\/ha\/wp-json\/wp\/v2\/media?parent=2335"}],"wp:term":[{"taxonomy":"product_brand","embeddable":true,"href":"https:\/\/handsandthecity.cl\/ha\/wp-json\/wp\/v2\/product_brand?post=2335"},{"taxonomy":"product_cat","embeddable":true,"href":"https:\/\/handsandthecity.cl\/ha\/wp-json\/wp\/v2\/product_cat?post=2335"},{"taxonomy":"product_tag","embeddable":true,"href":"https:\/\/handsandthecity.cl\/ha\/wp-json\/wp\/v2\/product_tag?post=2335"}],"curies":[{"name":"wp","href":"https:\/\/api.w.org\/{rel}","templated":true}]}}