{"id":2340,"date":"2024-06-04T00:00:56","date_gmt":"2024-06-04T04:00:56","guid":{"rendered":"https:\/\/handsandthecity.cl\/ha\/?post_type=product&#038;p=2340"},"modified":"2024-06-04T12:42:27","modified_gmt":"2024-06-04T16:42:27","slug":"beauty-creations-%c2%b7-paleta-sombras-sugar-sweets","status":"publish","type":"product","link":"https:\/\/handsandthecity.cl\/ha\/producto\/beauty-creations-%c2%b7-paleta-sombras-sugar-sweets\/","title":{"rendered":"Beauty Creations \u00b7 Paleta sombras sugar sweets"},"content":{"rendered":"","protected":false},"excerpt":{"rendered":"<p>SUGAR SWEETS Realza tu mirada y sorprende a todos con los fabulosos looks que puedes crear usando la Paleta de Sombras Sugar Sweet de la marca Beauty Creations. Crea incre\u00edbles maquillajes de d\u00eda y noche, esta paleta de 16 colores te ayudar\u00e1 para hacer looks completos, las sombras tiene aromas deliciosos y una gran pigmentaci\u00f3n que dura por m\u00e1s tiempo. Sugar Sweet de Beauty Creations puedes usarlo aunque no seas experta en maquillaje, te ayudar\u00e1 en cualquier ocasi\u00f3n. Incluye espejo que te ayudar\u00e1 a tener un mejor panorama del proceso, adem\u00e1s la tapa cubre perfectamente los colores para evitar que puedan da\u00f1arse. El empaque es ligero y compacto, podr\u00e1s guardarlo en espacios peque\u00f1os y llevarlo a cualquier lugar.<\/p>\n","protected":false},"featured_media":2341,"comment_status":"open","ping_status":"closed","template":"","meta":{"_et_pb_use_builder":"","_et_pb_old_content":"","_et_gb_content_width":""},"product_brand":[],"product_cat":[46],"product_tag":[],"class_list":{"0":"post-2340","1":"product","2":"type-product","3":"status-publish","4":"has-post-thumbnail","6":"product_cat-maquillaje","8":"first","9":"instock","10":"sale","11":"shipping-taxable","12":"purchasable","13":"product-type-simple"},"_links":{"self":[{"href":"https:\/\/handsandthecity.cl\/ha\/wp-json\/wp\/v2\/product\/2340","targetHints":{"allow":["GET"]}}],"collection":[{"href":"https:\/\/handsandthecity.cl\/ha\/wp-json\/wp\/v2\/product"}],"about":[{"href":"https:\/\/handsandthecity.cl\/ha\/wp-json\/wp\/v2\/types\/product"}],"replies":[{"embeddable":true,"href":"https:\/\/handsandthecity.cl\/ha\/wp-json\/wp\/v2\/comments?post=2340"}],"wp:featuredmedia":[{"embeddable":true,"href":"https:\/\/handsandthecity.cl\/ha\/wp-json\/wp\/v2\/media\/2341"}],"wp:attachment":[{"href":"https:\/\/handsandthecity.cl\/ha\/wp-json\/wp\/v2\/media?parent=2340"}],"wp:term":[{"taxonomy":"product_brand","embeddable":true,"href":"https:\/\/handsandthecity.cl\/ha\/wp-json\/wp\/v2\/product_brand?post=2340"},{"taxonomy":"product_cat","embeddable":true,"href":"https:\/\/handsandthecity.cl\/ha\/wp-json\/wp\/v2\/product_cat?post=2340"},{"taxonomy":"product_tag","embeddable":true,"href":"https:\/\/handsandthecity.cl\/ha\/wp-json\/wp\/v2\/product_tag?post=2340"}],"curies":[{"name":"wp","href":"https:\/\/api.w.org\/{rel}","templated":true}]}}